{"id":2632,"date":"2017-11-29T18:44:48","date_gmt":"2017-11-29T17:44:48","guid":{"rendered":"http:\/\/www.tempsetor.be\/galerie\/?post_type=product&#038;p=2632"},"modified":"2020-10-16T18:03:43","modified_gmt":"2020-10-16T16:03:43","slug":"bague-grace-natura-collection-rwr09","status":"publish","type":"product","link":"https:\/\/tempsetor.be\/galerie\/produit\/bague-grace-natura-collection-rwr09\/","title":{"rendered":"Bague Grace &#8211; Natura Collection (RWR09)"},"content":{"rendered":"<p>La perfection technique, alli\u00e9e au charme du design italien et \u00e0 un rapport qualit\u00e9\/prix particuli\u00e8rement s\u00e9duisant, sont les atouts majeurs de cette collection hors du commun. Le\u00a0design des bijoux <strong>GRACE<\/strong> est un jeu d\u00e9licat et a\u00e9rien de lignes entrelac\u00e9es et de volumes asym\u00e9triques. Il compl\u00e8te ainsi n\u2019importe quelle toilette d\u2019une finition inimitable, chic et sobrement luxueux.<\/p>\n","protected":false},"excerpt":{"rendered":"<p><img loading=\"lazy\" decoding=\"async\" class=\"alignleft wp-image-2626 size-full\" src=\"https:\/\/tempsetor.be\/galerie\/wp-content\/uploads\/2017\/11\/Grace-logo-e1511976756205.jpg\" alt=\"\" width=\"152\" height=\"47\" \/><\/p>\n<p>\u201c<em><strong>GRACE, fine Italian jewelry<\/strong><\/em>\u201d a fait son entr\u00e9e sur la sc\u00e8ne internationale en 2013. Cette collection est n\u00e9e du partenariat inspir\u00e9 entre un joaillier belge de renom et un fabriquant italien, des plus r\u00e9put\u00e9s. De leur association fut cr\u00e9\u00e9e une ligne de bijoux qui re\u00e7ut le nom de <strong>GRACE<\/strong>, toute la gamme est d&#8217; une \u00e9l\u00e9gance classique, tr\u00e8s f\u00e9minine et relev\u00e9e d\u2019un esprit innovant.<\/p>\n<p>Bijoutiers &#8211; artisans depuis plus de 20 ans, la bijouterie <strong>Temps &amp; OR <\/strong>vous apporte la s\u00e9curit\u00e9 d&#8217;une s\u00e9lection de lignes de bijoux en OR 18 karats soign\u00e9es et cr\u00e9es par des professionnels d&#8217;exp\u00e9rience. Ateliers de bijouterie sur place &#8211; Selon vos besoins, ces bijoux peuvent \u00eatre \u00e9galement r\u00e9serv\u00e9s \u00e0 la bijouterie. La mise \u00e0 mesure offerte ainsi qu&#8217;un emballage cadeau vous y seront propos\u00e9s.<\/p>\n<p>Faites vos demandes particuli\u00e8res ou passez votre commande via ce formulaire :<br \/>\n<p class=\"wpcf7-contact-form-not-found\"><strong>Error:<\/strong> Contact form not found.<\/p><\/p>\n","protected":false},"featured_media":2633,"template":"","meta":{"_monsterinsights_skip_tracking":false,"_monsterinsights_sitenote_active":false,"_monsterinsights_sitenote_note":"","_monsterinsights_sitenote_category":0},"product_brand":[],"product_cat":[30,32,27],"product_tag":[],"class_list":{"0":"post-2632","1":"product","2":"type-product","3":"status-publish","4":"has-post-thumbnail","6":"product_cat-bagues-femmes","7":"product_cat-grace-bague","8":"product_cat-dames","10":"first","11":"instock","12":"shipping-taxable","13":"purchasable","14":"product-type-simple"},"_links":{"self":[{"href":"https:\/\/tempsetor.be\/galerie\/wp-json\/wp\/v2\/product\/2632","targetHints":{"allow":["GET"]}}],"collection":[{"href":"https:\/\/tempsetor.be\/galerie\/wp-json\/wp\/v2\/product"}],"about":[{"href":"https:\/\/tempsetor.be\/galerie\/wp-json\/wp\/v2\/types\/product"}],"wp:featuredmedia":[{"embeddable":true,"href":"https:\/\/tempsetor.be\/galerie\/wp-json\/wp\/v2\/media\/2633"}],"wp:attachment":[{"href":"https:\/\/tempsetor.be\/galerie\/wp-json\/wp\/v2\/media?parent=2632"}],"wp:term":[{"taxonomy":"product_brand","embeddable":true,"href":"https:\/\/tempsetor.be\/galerie\/wp-json\/wp\/v2\/product_brand?post=2632"},{"taxonomy":"product_cat","embeddable":true,"href":"https:\/\/tempsetor.be\/galerie\/wp-json\/wp\/v2\/product_cat?post=2632"},{"taxonomy":"product_tag","embeddable":true,"href":"https:\/\/tempsetor.be\/galerie\/wp-json\/wp\/v2\/product_tag?post=2632"}],"curies":[{"name":"wp","href":"https:\/\/api.w.org\/{rel}","templated":true}]}}