{"id":2638,"date":"2017-11-29T19:03:13","date_gmt":"2017-11-29T18:03:13","guid":{"rendered":"http:\/\/www.tempsetor.be\/galerie\/?post_type=product&#038;p=2638"},"modified":"2017-12-01T16:23:24","modified_gmt":"2017-12-01T15:23:24","slug":"bague-moondrops-or-blanc-m041r14","status":"publish","type":"product","link":"https:\/\/tempsetor.be\/galerie\/produit\/bague-moondrops-or-blanc-m041r14\/","title":{"rendered":"Bague Moondrops or blanc (M041R14)"},"content":{"rendered":"<p>Cr\u00e9\u00e9 en 1835, cet atelier de joailliers Belges perp\u00e9tue la tradition gr\u00e2ce \u00e0 la sixi\u00e8me g\u00e9n\u00e9ration qui n\u2019a de cesse d\u2019innover au travers de collections avant-gardistes de haute qualit\u00e9. Classiques et chics, les bijoux <strong>Roos1835<\/strong> et <strong>Moondrops<\/strong> n\u2019en d\u00e9gagent pas moins un modernisme qui leur conf\u00e8re un rayonnement inimitable.<\/p>\n","protected":false},"excerpt":{"rendered":"<p><img loading=\"lazy\" decoding=\"async\" class=\"alignleft wp-image-2636 size-full\" title=\"logo Moondrops\" src=\"https:\/\/tempsetor.be\/galerie\/wp-content\/uploads\/2017\/11\/Roos_Moondrops-LOGO-e1511978454719.jpg\" alt=\"logo Moondrops\" width=\"202\" height=\"41\" \/><\/p>\n<p>Bijoutiers &#8211; artisans depuis plus de 20 ans, la bijouterie <strong>Temps &amp; OR <\/strong>vous apporte la s\u00e9curit\u00e9 d&#8217;une s\u00e9lection de lignes de bijoux en OR 18 karats soign\u00e9es et cr\u00e9es par des professionnels d&#8217;exp\u00e9rience. Ateliers de bijouterie sur place &#8211; Selon vos besoins, ces bijoux peuvent \u00eatre \u00e9galement r\u00e9serv\u00e9s \u00e0 la bijouterie. La mise \u00e0 mesure offerte ainsi qu&#8217;un emballage cadeau vous y seront propos\u00e9s.<\/p>\n<p>Faites vos demandes particuli\u00e8res ou passez votre commande via ce formulaire :<br \/>\n<p class=\"wpcf7-contact-form-not-found\"><strong>Error:<\/strong> Contact form not found.<\/p><\/p>\n","protected":false},"featured_media":2639,"template":"","meta":{"_monsterinsights_skip_tracking":false,"_monsterinsights_sitenote_active":false,"_monsterinsights_sitenote_note":"","_monsterinsights_sitenote_category":0},"product_brand":[],"product_cat":[30,27,31],"product_tag":[],"class_list":{"0":"post-2638","1":"product","2":"type-product","3":"status-publish","4":"has-post-thumbnail","6":"product_cat-bagues-femmes","7":"product_cat-dames","8":"product_cat-roos-moondrops-bague","10":"first","11":"instock","12":"shipping-taxable","13":"purchasable","14":"product-type-simple"},"_links":{"self":[{"href":"https:\/\/tempsetor.be\/galerie\/wp-json\/wp\/v2\/product\/2638","targetHints":{"allow":["GET"]}}],"collection":[{"href":"https:\/\/tempsetor.be\/galerie\/wp-json\/wp\/v2\/product"}],"about":[{"href":"https:\/\/tempsetor.be\/galerie\/wp-json\/wp\/v2\/types\/product"}],"wp:featuredmedia":[{"embeddable":true,"href":"https:\/\/tempsetor.be\/galerie\/wp-json\/wp\/v2\/media\/2639"}],"wp:attachment":[{"href":"https:\/\/tempsetor.be\/galerie\/wp-json\/wp\/v2\/media?parent=2638"}],"wp:term":[{"taxonomy":"product_brand","embeddable":true,"href":"https:\/\/tempsetor.be\/galerie\/wp-json\/wp\/v2\/product_brand?post=2638"},{"taxonomy":"product_cat","embeddable":true,"href":"https:\/\/tempsetor.be\/galerie\/wp-json\/wp\/v2\/product_cat?post=2638"},{"taxonomy":"product_tag","embeddable":true,"href":"https:\/\/tempsetor.be\/galerie\/wp-json\/wp\/v2\/product_tag?post=2638"}],"curies":[{"name":"wp","href":"https:\/\/api.w.org\/{rel}","templated":true}]}}