{"id":2656,"date":"2017-11-29T20:14:16","date_gmt":"2017-11-29T19:14:16","guid":{"rendered":"http:\/\/www.tempsetor.be\/galerie\/?post_type=product&#038;p=2656"},"modified":"2019-04-15T20:58:48","modified_gmt":"2019-04-15T18:58:48","slug":"bague-en-or-blanc-sertie-dune-perle-blanche-et-diamants-3582","status":"publish","type":"product","link":"https:\/\/tempsetor.be\/galerie\/produit\/bague-en-or-blanc-sertie-dune-perle-blanche-et-diamants-3582\/","title":{"rendered":"Bague en or blanc sertie d&#8217;une perle blanche et diamants (3582)"},"content":{"rendered":"<p>Nous vous invitons \u00e0 d\u00e9couvrir la splendide collection <strong>Rizit Gioielli<\/strong> o\u00f9 l&#8217;accent est mis sur la beaut\u00e9 et la simplicit\u00e9. Une recherche esth\u00e9tique de lignes pures, rassurantes, bien d\u00e9finies et tr\u00e8s \u00e9l\u00e9gantes.<\/p>\n<p>Cette collection de bijoux en or 18 karat est r\u00e9alis\u00e9e dans des ateliers Belges avec la rigueur de sertissage de diamants \u00e9clatants VVS , le m\u00e9lange de pierres fines lumineuses, et de perles hors du commun. Le tout avec une touche Italienne tant appr\u00e9ci\u00e9e. Ind\u00e9niablement notre griffe &#8220;coup de c\u0153ur&#8221; de la bijouterie.<\/p>\n","protected":false},"excerpt":{"rendered":"<p><img loading=\"lazy\" decoding=\"async\" class=\"alignleft wp-image-2650 size-full\" src=\"https:\/\/tempsetor.be\/galerie\/wp-content\/uploads\/2017\/11\/RizitGioielli_logo_RGB-800px-e1511982135467.jpg\" alt=\"\" width=\"201\" height=\"75\" \/><\/p>\n<p>Bijoutiers &#8211; artisans depuis plus de 20 ans, la bijouterie <strong>Temps &amp; OR <\/strong>vous apporte la s\u00e9curit\u00e9 d&#8217;une s\u00e9lection de lignes de bijoux en OR 18 karats soign\u00e9es et cr\u00e9es par des professionnels d&#8217;exp\u00e9rience. Ateliers de bijouterie sur place &#8211; Selon vos besoins, ces bijoux peuvent \u00eatre \u00e9galement r\u00e9serv\u00e9s \u00e0 la bijouterie. La mise \u00e0 mesure offerte ainsi qu&#8217;un emballage cadeau vous y seront propos\u00e9s.<\/p>\n<p>Faites vos demandes particuli\u00e8res ou passez votre commande via ce formulaire :<br \/>\n<p class=\"wpcf7-contact-form-not-found\"><strong>Error:<\/strong> Contact form not found.<\/p><\/p>\n","protected":false},"featured_media":2657,"template":"","meta":{"_monsterinsights_skip_tracking":false,"_monsterinsights_sitenote_active":false,"_monsterinsights_sitenote_note":"","_monsterinsights_sitenote_category":0},"product_brand":[],"product_cat":[30,27,47],"product_tag":[],"class_list":{"0":"post-2656","1":"product","2":"type-product","3":"status-publish","4":"has-post-thumbnail","6":"product_cat-bagues-femmes","7":"product_cat-dames","8":"product_cat-rizit-bague","10":"first","11":"instock","12":"shipping-taxable","13":"purchasable","14":"product-type-simple"},"_links":{"self":[{"href":"https:\/\/tempsetor.be\/galerie\/wp-json\/wp\/v2\/product\/2656","targetHints":{"allow":["GET"]}}],"collection":[{"href":"https:\/\/tempsetor.be\/galerie\/wp-json\/wp\/v2\/product"}],"about":[{"href":"https:\/\/tempsetor.be\/galerie\/wp-json\/wp\/v2\/types\/product"}],"wp:featuredmedia":[{"embeddable":true,"href":"https:\/\/tempsetor.be\/galerie\/wp-json\/wp\/v2\/media\/2657"}],"wp:attachment":[{"href":"https:\/\/tempsetor.be\/galerie\/wp-json\/wp\/v2\/media?parent=2656"}],"wp:term":[{"taxonomy":"product_brand","embeddable":true,"href":"https:\/\/tempsetor.be\/galerie\/wp-json\/wp\/v2\/product_brand?post=2656"},{"taxonomy":"product_cat","embeddable":true,"href":"https:\/\/tempsetor.be\/galerie\/wp-json\/wp\/v2\/product_cat?post=2656"},{"taxonomy":"product_tag","embeddable":true,"href":"https:\/\/tempsetor.be\/galerie\/wp-json\/wp\/v2\/product_tag?post=2656"}],"curies":[{"name":"wp","href":"https:\/\/api.w.org\/{rel}","templated":true}]}}