{"id":2686,"date":"2017-11-29T21:26:45","date_gmt":"2017-11-29T20:26:45","guid":{"rendered":"http:\/\/www.tempsetor.be\/galerie\/?post_type=product&#038;p=2686"},"modified":"2017-12-01T16:10:25","modified_gmt":"2017-12-01T15:10:25","slug":"demi-alliance-diamant-or-jaune-serti-sur-rails-blo07315","status":"publish","type":"product","link":"https:\/\/tempsetor.be\/galerie\/produit\/demi-alliance-diamant-or-jaune-serti-sur-rails-blo07315\/","title":{"rendered":"Demi alliance diamant or jaune serti sur rails (BLO07315)"},"content":{"rendered":"<p>Ces bijoux indispensables dans toutes les bijouteries vous permettent de r\u00e9pondre aux \u00e9v\u00e9nements de la vie d&#8217;une personne aim\u00e9e.<\/p>\n<p>De la bague \u00ab\u00a0S<em>olitaire diamant<\/em>\u00a0\u00bb pour des fian\u00e7ailles r\u00e9ussies aux \u00ab\u00a0<em>demis alliances brillants<\/em>\u00a0\u00bb afin de lui redemander \u00e9l\u00e9gamment sa main, chaque bijou de cette collection s&#8217;adapte parfaitement aux temps forts de votre vie.<\/p>\n","protected":false},"excerpt":{"rendered":"<h3>NOS INDISPENSABLES<\/h3>\n<p>Bijoutiers &#8211; artisans depuis plus de 20 ans, la bijouterie <strong>Temps &amp; OR <\/strong>vous apporte la s\u00e9curit\u00e9 d&#8217;une s\u00e9lection de lignes de bijoux en OR 18 karats soign\u00e9es et cr\u00e9es par des professionnels d&#8217;exp\u00e9rience. Ateliers de bijouterie sur place &#8211; Selon vos besoins, ces bijoux peuvent \u00eatre \u00e9galement r\u00e9serv\u00e9s \u00e0 la bijouterie. La mise \u00e0 mesure offerte ainsi qu&#8217;un emballage cadeau vous y seront propos\u00e9s.<\/p>\n<p>Faites vos demandes particuli\u00e8res ou passez votre commande via ce formulaire :<br \/>\n<p class=\"wpcf7-contact-form-not-found\"><strong>Error:<\/strong> Contact form not found.<\/p><\/p>\n","protected":false},"featured_media":2687,"template":"","meta":{"_monsterinsights_skip_tracking":false,"_monsterinsights_sitenote_active":false,"_monsterinsights_sitenote_note":"","_monsterinsights_sitenote_category":0},"product_brand":[],"product_cat":[30,45,27],"product_tag":[],"class_list":{"0":"post-2686","1":"product","2":"type-product","3":"status-publish","4":"has-post-thumbnail","6":"product_cat-bagues-femmes","7":"product_cat-indispensables-bague","8":"product_cat-dames","10":"first","11":"instock","12":"shipping-taxable","13":"purchasable","14":"product-type-simple"},"_links":{"self":[{"href":"https:\/\/tempsetor.be\/galerie\/wp-json\/wp\/v2\/product\/2686","targetHints":{"allow":["GET"]}}],"collection":[{"href":"https:\/\/tempsetor.be\/galerie\/wp-json\/wp\/v2\/product"}],"about":[{"href":"https:\/\/tempsetor.be\/galerie\/wp-json\/wp\/v2\/types\/product"}],"wp:featuredmedia":[{"embeddable":true,"href":"https:\/\/tempsetor.be\/galerie\/wp-json\/wp\/v2\/media\/2687"}],"wp:attachment":[{"href":"https:\/\/tempsetor.be\/galerie\/wp-json\/wp\/v2\/media?parent=2686"}],"wp:term":[{"taxonomy":"product_brand","embeddable":true,"href":"https:\/\/tempsetor.be\/galerie\/wp-json\/wp\/v2\/product_brand?post=2686"},{"taxonomy":"product_cat","embeddable":true,"href":"https:\/\/tempsetor.be\/galerie\/wp-json\/wp\/v2\/product_cat?post=2686"},{"taxonomy":"product_tag","embeddable":true,"href":"https:\/\/tempsetor.be\/galerie\/wp-json\/wp\/v2\/product_tag?post=2686"}],"curies":[{"name":"wp","href":"https:\/\/api.w.org\/{rel}","templated":true}]}}