{"id":2938,"date":"2017-12-05T22:22:29","date_gmt":"2017-12-05T21:22:29","guid":{"rendered":"http:\/\/www.tempsetor.be\/galerie\/?post_type=product&#038;p=2938"},"modified":"2022-02-05T12:18:18","modified_gmt":"2022-02-05T11:18:18","slug":"montre-dames-clubmaster-classic-acetate-chronographe-gold-cadran-champagne","status":"publish","type":"product","link":"https:\/\/tempsetor.be\/galerie\/produit\/montre-dames-clubmaster-classic-acetate-chronographe-gold-cadran-champagne\/","title":{"rendered":"Montre dames &#8211; Clubmaster Classic Ac\u00e9tate Chronographe ros\u00e9 Gold &#8211; 14140.PRA.T.6.NB"},"content":{"rendered":"<p>Des montres fran\u00e7aises n\u00e9e d\u2019un esprit tr\u00e8s \u00abbritish\u00bb. Des campus d\u2019Oxford, des courses d\u2019avirons aux abords des terrains de polo ou de cricket, on ressent cet esprit &#8220;<em>sport chic so british<\/em>&#8220;. Un style de vie \u00e0 la fois chic, d\u00e9contract\u00e9 et souvent d\u00e9cal\u00e9.<\/p>\n<p>C\u2019est cette essence, associ\u00e9e \u00e0 son ADN fondamentalement horloger qui conf\u00e8re \u00e0 <strong>Briston<\/strong> son style si singulier. Le travail de mati\u00e8res innovantes, comme l\u2019ac\u00e9tate de cellulose, et des couleurs conf\u00e8rent aux montres <strong>Briston<\/strong> un look totalement \u00e0 part. <strong>Briston<\/strong> est la meilleure ad\u00e9quation actuelle entre le \u00abgarde-temps \u00bb contemporain et l&#8217;accessoire chic au prix accessible.<\/p>\n","protected":false},"excerpt":{"rendered":"<p><img loading=\"lazy\" decoding=\"async\" class=\"size-full wp-image-2750\" src=\"https:\/\/tempsetor.be\/galerie\/wp-content\/uploads\/2015\/04\/briston-1-e1603289989498.jpg\" alt=\"logo Briston\" width=\"150\" height=\"36\" srcset=\"https:\/\/tempsetor.be\/galerie\/wp-content\/uploads\/2015\/04\/briston-1-e1603289989498.jpg 150w, https:\/\/tempsetor.be\/galerie\/wp-content\/uploads\/2015\/04\/briston-1-e1603289989498-50x12.jpg 50w\" sizes=\"auto, (max-width:767px) 150px, 150px\" \/><\/p>\n<h3>CHRONOGRAPHE DATE, AC\u00c9TATE \u00c9CAILLE DE TORTUE, CADRAN CHAMPAGNE ROS\u00c9 ET OR ROSE, BRACELET NATO NOIR.<\/h3>\n<p>Briston propose une montre Clubmaster Classic Chronographe en ac\u00e9tate \u00e9caille de tortue, cadran Champagne ros\u00e9 et or rose. El\u00e9gante et sophistiqu\u00e9e, elle vous accompagnera aussi bien pour vos r\u00e9unions de travail que pour vos soir\u00e9es branch\u00e9es.<\/p>\n<p>D\u00e9j\u00e0 garanties 2 ans, le service apr\u00e8s vente de la bijouterie <strong>Temps &amp; OR<\/strong> vous apporte une confiance suppl\u00e9mentaire pour ces produits. Selon vos besoins, ces montres peuvent \u00eatre \u00e9galement r\u00e9serv\u00e9es \u00e0 la bijouterie. La mise \u00e0 mesure offerte ainsi qu&#8217;un emballage cadeau vous y seront propos\u00e9s.<\/p>\n<p>Faites vos demandes particuli\u00e8res ou passez votre commande via ce formulaire :<br \/>\n<p class=\"wpcf7-contact-form-not-found\"><strong>Error:<\/strong> Contact form not found.<\/p><\/p>\n","protected":false},"featured_media":2939,"template":"","meta":{"_monsterinsights_skip_tracking":false,"_monsterinsights_sitenote_active":false,"_monsterinsights_sitenote_note":"","_monsterinsights_sitenote_category":0},"product_brand":[],"product_cat":[56,28,27],"product_tag":[],"class_list":{"0":"post-2938","1":"product","2":"type-product","3":"status-publish","4":"has-post-thumbnail","6":"product_cat-briston-dames","7":"product_cat-montres-dames","8":"product_cat-dames","10":"first","11":"instock","12":"shipping-taxable","13":"purchasable","14":"product-type-simple"},"_links":{"self":[{"href":"https:\/\/tempsetor.be\/galerie\/wp-json\/wp\/v2\/product\/2938","targetHints":{"allow":["GET"]}}],"collection":[{"href":"https:\/\/tempsetor.be\/galerie\/wp-json\/wp\/v2\/product"}],"about":[{"href":"https:\/\/tempsetor.be\/galerie\/wp-json\/wp\/v2\/types\/product"}],"wp:featuredmedia":[{"embeddable":true,"href":"https:\/\/tempsetor.be\/galerie\/wp-json\/wp\/v2\/media\/2939"}],"wp:attachment":[{"href":"https:\/\/tempsetor.be\/galerie\/wp-json\/wp\/v2\/media?parent=2938"}],"wp:term":[{"taxonomy":"product_brand","embeddable":true,"href":"https:\/\/tempsetor.be\/galerie\/wp-json\/wp\/v2\/product_brand?post=2938"},{"taxonomy":"product_cat","embeddable":true,"href":"https:\/\/tempsetor.be\/galerie\/wp-json\/wp\/v2\/product_cat?post=2938"},{"taxonomy":"product_tag","embeddable":true,"href":"https:\/\/tempsetor.be\/galerie\/wp-json\/wp\/v2\/product_tag?post=2938"}],"curies":[{"name":"wp","href":"https:\/\/api.w.org\/{rel}","templated":true}]}}