{"id":2940,"date":"2017-12-05T22:27:15","date_gmt":"2017-12-05T21:27:15","guid":{"rendered":"http:\/\/www.tempsetor.be\/galerie\/?post_type=product&#038;p=2940"},"modified":"2020-06-17T15:28:31","modified_gmt":"2020-06-17T13:28:31","slug":"montre-dames-17536-s-l-2-nt","status":"publish","type":"product","link":"https:\/\/tempsetor.be\/galerie\/produit\/montre-dames-17536-s-l-2-nt\/","title":{"rendered":"Montre dames &#8211; Clubmaster Chic Acier &#8211; HMS cadran blanc &#8211; 17536.S.L.2.NT"},"content":{"rendered":"<p>Des montres fran\u00e7aises n\u00e9e d\u2019un esprit tr\u00e8s \u00abbritish\u00bb. Des campus d\u2019Oxford, des courses d\u2019avirons aux abords des terrains de polo ou de cricket, on ressent cet esprit &#8220;<em>sport chic so british<\/em>&#8220;. Un style de vie \u00e0 la fois chic, d\u00e9contract\u00e9 et souvent d\u00e9cal\u00e9.<\/p>\n<p>C\u2019est cette essence, associ\u00e9e \u00e0 son ADN fondamentalement horloger qui conf\u00e8re \u00e0 <strong>Briston<\/strong> son style si singulier. Le travail de mati\u00e8res innovantes, comme l\u2019ac\u00e9tate de cellulose, et des couleurs conf\u00e8rent aux montres <strong>Briston<\/strong> un look totalement \u00e0 part. <strong>Briston<\/strong> est la meilleure ad\u00e9quation actuelle entre le \u00abgarde-temps \u00bb contemporain et l&#8217;accessoire chic au prix accessible.<\/p>\n<p>Briston propose une montre parfaite et \u00e9l\u00e9gante avec un bo\u00eetier acier en 36 mm : la Clubmaster Chic.<\/p>\n","protected":false},"excerpt":{"rendered":"<p><img loading=\"lazy\" decoding=\"async\" class=\"size-full wp-image-2933 alignnone\" src=\"https:\/\/tempsetor.be\/galerie\/wp-content\/uploads\/2017\/12\/briston-e1512507525310.png\" alt=\"\" width=\"149\" height=\"25\" \/>D\u00e9j\u00e0 garanties 2 ans, le service apr\u00e8s vente de la bijouterie <strong>Temps &amp; OR<\/strong> vous apporte une confiance suppl\u00e9mentaire pour ces produits. Selon vos besoins, ces montres peuvent \u00eatre \u00e9galement r\u00e9serv\u00e9es \u00e0 la bijouterie. La mise \u00e0 mesure offerte ainsi qu&#8217;un emballage cadeau vous y seront propos\u00e9s.<\/p>\n<p>Faites vos demandes particuli\u00e8res ou passez votre commande via ce formulaire :<br \/>\n<p class=\"wpcf7-contact-form-not-found\"><strong>Error:<\/strong> Contact form not found.<\/p><\/p>\n","protected":false},"featured_media":3775,"template":"","meta":{"_monsterinsights_skip_tracking":false,"_monsterinsights_sitenote_active":false,"_monsterinsights_sitenote_note":"","_monsterinsights_sitenote_category":0},"product_brand":[],"product_cat":[56,28,27],"product_tag":[],"class_list":{"0":"post-2940","1":"product","2":"type-product","3":"status-publish","4":"has-post-thumbnail","6":"product_cat-briston-dames","7":"product_cat-montres-dames","8":"product_cat-dames","10":"first","11":"onbackorder","12":"shipping-taxable","13":"purchasable","14":"product-type-simple"},"_links":{"self":[{"href":"https:\/\/tempsetor.be\/galerie\/wp-json\/wp\/v2\/product\/2940","targetHints":{"allow":["GET"]}}],"collection":[{"href":"https:\/\/tempsetor.be\/galerie\/wp-json\/wp\/v2\/product"}],"about":[{"href":"https:\/\/tempsetor.be\/galerie\/wp-json\/wp\/v2\/types\/product"}],"wp:featuredmedia":[{"embeddable":true,"href":"https:\/\/tempsetor.be\/galerie\/wp-json\/wp\/v2\/media\/3775"}],"wp:attachment":[{"href":"https:\/\/tempsetor.be\/galerie\/wp-json\/wp\/v2\/media?parent=2940"}],"wp:term":[{"taxonomy":"product_brand","embeddable":true,"href":"https:\/\/tempsetor.be\/galerie\/wp-json\/wp\/v2\/product_brand?post=2940"},{"taxonomy":"product_cat","embeddable":true,"href":"https:\/\/tempsetor.be\/galerie\/wp-json\/wp\/v2\/product_cat?post=2940"},{"taxonomy":"product_tag","embeddable":true,"href":"https:\/\/tempsetor.be\/galerie\/wp-json\/wp\/v2\/product_tag?post=2940"}],"curies":[{"name":"wp","href":"https:\/\/api.w.org\/{rel}","templated":true}]}}