{"id":2944,"date":"2017-12-05T22:34:48","date_gmt":"2017-12-05T21:34:48","guid":{"rendered":"http:\/\/www.tempsetor.be\/galerie\/?post_type=product&#038;p=2944"},"modified":"2025-02-05T09:01:29","modified_gmt":"2025-02-05T08:01:29","slug":"montre-de-dames-victorinox-alliance-boitier-inoxydable-241752","status":"publish","type":"product","link":"https:\/\/tempsetor.be\/galerie\/produit\/montre-de-dames-victorinox-alliance-boitier-inoxydable-241752\/","title":{"rendered":"Montre dames Victorinox &#8211; Alliance &#8211; 241756"},"content":{"rendered":"<p>Les crit\u00e8res de qualit\u00e9 les plus exigeants pour une fonctionnalit\u00e9 in\u00e9galable. Accompagn\u00e9e d&#8217;un bumper de protection. Bracelet en caoutchouc v\u00e9ritable.<\/p>\n<p>Avec ses lignes sobres, sa robustesse, sa pr\u00e9cision et la lisibilit\u00e9 parfaite de toutes fonctions, ce mod\u00e8le incarne l&#8217;expression la plus audacieuse de l\u2019ing\u00e9nierie militaire vue par <strong>Victorinox<\/strong> Swiss Army, o\u00f9 la fonctionnalit\u00e9 et la qualit \u00e9 conditionnent un design qui va \u00e0 l&#8217;essentiel.<\/p>\n<p>Cette montre Victorinox \u00e0 un bo\u00eetier en acier inoxydable avec un diam\u00e8tre de 35mm et poss\u00e8de un bracelet en cuir. Le bo\u00eetier de la montre contient un mouvement quartz de haute qualit\u00e9 et un cristal saphir.<\/p>\n","protected":false},"excerpt":{"rendered":"<hr \/>\n<p><img loading=\"lazy\" decoding=\"async\" class=\"alignleft size-full wp-image-2946\" src=\"https:\/\/tempsetor.be\/galerie\/wp-content\/uploads\/2017\/12\/Victorinox_logo-e1512510038125.jpg\" alt=\"logo Victorinox\" width=\"150\" height=\"87\" \/>D\u00e9j\u00e0 garanties 2 ans, le service apr\u00e8s vente de la bijouterie <strong>Temps &amp; OR<\/strong> vous apporte une confiance suppl\u00e9mentaire pour ces produits. Selon vos besoins, ces montres peuvent \u00eatre \u00e9galement r\u00e9serv\u00e9es \u00e0 la bijouterie. La mise \u00e0 mesure offerte ainsi qu&#8217;un emballage cadeau vous y seront propos\u00e9s.<\/p>\n<p>Faites vos demandes particuli\u00e8res ou passez votre commande via ce formulaire :<br \/>\n<p class=\"wpcf7-contact-form-not-found\"><strong>Error:<\/strong> Contact form not found.<\/p><\/p>\n","protected":false},"featured_media":3830,"template":"","meta":{"_monsterinsights_skip_tracking":false,"_monsterinsights_sitenote_active":false,"_monsterinsights_sitenote_note":"","_monsterinsights_sitenote_category":0},"product_brand":[],"product_cat":[28,27,62],"product_tag":[],"class_list":{"0":"post-2944","1":"product","2":"type-product","3":"status-publish","4":"has-post-thumbnail","6":"product_cat-montres-dames","7":"product_cat-dames","8":"product_cat-victorinox-montre-dames","10":"first","11":"instock","12":"sale","13":"shipping-taxable","14":"purchasable","15":"product-type-simple"},"_links":{"self":[{"href":"https:\/\/tempsetor.be\/galerie\/wp-json\/wp\/v2\/product\/2944","targetHints":{"allow":["GET"]}}],"collection":[{"href":"https:\/\/tempsetor.be\/galerie\/wp-json\/wp\/v2\/product"}],"about":[{"href":"https:\/\/tempsetor.be\/galerie\/wp-json\/wp\/v2\/types\/product"}],"wp:featuredmedia":[{"embeddable":true,"href":"https:\/\/tempsetor.be\/galerie\/wp-json\/wp\/v2\/media\/3830"}],"wp:attachment":[{"href":"https:\/\/tempsetor.be\/galerie\/wp-json\/wp\/v2\/media?parent=2944"}],"wp:term":[{"taxonomy":"product_brand","embeddable":true,"href":"https:\/\/tempsetor.be\/galerie\/wp-json\/wp\/v2\/product_brand?post=2944"},{"taxonomy":"product_cat","embeddable":true,"href":"https:\/\/tempsetor.be\/galerie\/wp-json\/wp\/v2\/product_cat?post=2944"},{"taxonomy":"product_tag","embeddable":true,"href":"https:\/\/tempsetor.be\/galerie\/wp-json\/wp\/v2\/product_tag?post=2944"}],"curies":[{"name":"wp","href":"https:\/\/api.w.org\/{rel}","templated":true}]}}