{"id":3692,"date":"2018-02-10T23:54:43","date_gmt":"2018-02-10T22:54:43","guid":{"rendered":"http:\/\/www.tempsetor.be\/galerie\/?post_type=product&#038;p=3692"},"modified":"2018-11-03T14:46:14","modified_gmt":"2018-11-03T13:46:14","slug":"montre-hommes-garmin-vivomove-hr-010-01850-05","status":"publish","type":"product","link":"https:\/\/tempsetor.be\/galerie\/produit\/montre-hommes-garmin-vivomove-hr-010-01850-05\/","title":{"rendered":"Montre hommes Garmin &#8211; v\u00edvomove\u00ae HR   010-01850-05"},"content":{"rendered":"<p>Surveillance de la fr\u00e9quence cardiaque en continu avec la technologie de fr\u00e9quence cardiaque au poignet Elevate<sup>\u2122. <\/sup>Outils de surveillance du bien-\u00eatre, comme le suivi quotidien des efforts et le minuteur de relaxation, pour vous aider \u00e0 g\u00e9rer le stress.<\/p>\n","protected":false},"excerpt":{"rendered":"<p><img loading=\"lazy\" decoding=\"async\" class=\"size-full wp-image-3680\" src=\"https:\/\/tempsetor.be\/galerie\/wp-content\/uploads\/2018\/02\/garmin_logo.jpg\" alt=\"garmin logo\" width=\"150\" height=\"48\" srcset=\"https:\/\/tempsetor.be\/galerie\/wp-content\/uploads\/2018\/02\/garmin_logo.jpg 150w, https:\/\/tempsetor.be\/galerie\/wp-content\/uploads\/2018\/02\/garmin_logo-50x16.jpg 50w\" sizes=\"auto, (max-width:767px) 150px, 150px\" \/>Gardez la forme avec style gr\u00e2ce \u00e0 la v\u00edvomove HR. Cette montre intelligente hybride et \u00e9l\u00e9gante est \u00e9quip\u00e9e d&#8217;un \u00e9cran tactile discret. Ses aiguilles affichent l&#8217;heure avec une grande pr\u00e9cision et se d\u00e9placent automatiquement lorsque vous parcourez vos messages, vos donn\u00e9es de fr\u00e9quence cardiaque, etc. Elle compte vos pas et vos calories tout en surveillant votre bien-\u00eatre, notamment avec le suivi quotidien des efforts.<\/p>\n<p>D\u00e9j\u00e0 garanties 2 ans, le service apr\u00e8s vente de la bijouterie <strong>Temps &amp; OR<\/strong> vous apporte une confiance suppl\u00e9mentaire pour ces produits. Selon vos besoins, ces montres peuvent \u00eatre \u00e9galement r\u00e9serv\u00e9es \u00e0 la bijouterie. La mise \u00e0 mesure offerte ainsi qu&#8217;un emballage cadeau vous y seront propos\u00e9s.<\/p>\n<p>Faites vos demandes particuli\u00e8res ou passez votre commande via ce formulaire :<br \/>\n<p class=\"wpcf7-contact-form-not-found\"><strong>Error:<\/strong> Contact form not found.<\/p><\/p>\n","protected":false},"featured_media":3694,"template":"","meta":{"_monsterinsights_skip_tracking":false,"_monsterinsights_sitenote_active":false,"_monsterinsights_sitenote_note":"","_monsterinsights_sitenote_category":0},"product_brand":[],"product_cat":[778,779,572,40,39],"product_tag":[],"class_list":{"0":"post-3692","1":"product","2":"type-product","3":"status-publish","4":"has-post-thumbnail","6":"product_cat-connecte","7":"product_cat-garmin-connecte","8":"product_cat-garmin-hommes","9":"product_cat-montres-hommes","10":"product_cat-hommes","12":"first","13":"instock","14":"shipping-taxable","15":"purchasable","16":"product-type-simple"},"_links":{"self":[{"href":"https:\/\/tempsetor.be\/galerie\/wp-json\/wp\/v2\/product\/3692","targetHints":{"allow":["GET"]}}],"collection":[{"href":"https:\/\/tempsetor.be\/galerie\/wp-json\/wp\/v2\/product"}],"about":[{"href":"https:\/\/tempsetor.be\/galerie\/wp-json\/wp\/v2\/types\/product"}],"wp:featuredmedia":[{"embeddable":true,"href":"https:\/\/tempsetor.be\/galerie\/wp-json\/wp\/v2\/media\/3694"}],"wp:attachment":[{"href":"https:\/\/tempsetor.be\/galerie\/wp-json\/wp\/v2\/media?parent=3692"}],"wp:term":[{"taxonomy":"product_brand","embeddable":true,"href":"https:\/\/tempsetor.be\/galerie\/wp-json\/wp\/v2\/product_brand?post=3692"},{"taxonomy":"product_cat","embeddable":true,"href":"https:\/\/tempsetor.be\/galerie\/wp-json\/wp\/v2\/product_cat?post=3692"},{"taxonomy":"product_tag","embeddable":true,"href":"https:\/\/tempsetor.be\/galerie\/wp-json\/wp\/v2\/product_tag?post=3692"}],"curies":[{"name":"wp","href":"https:\/\/api.w.org\/{rel}","templated":true}]}}