{"id":3843,"date":"2018-06-04T22:31:35","date_gmt":"2018-06-04T20:31:35","guid":{"rendered":"http:\/\/www.tempsetor.be\/galerie\/?post_type=product&#038;p=3843"},"modified":"2018-06-04T22:35:20","modified_gmt":"2018-06-04T20:35:20","slug":"montre-hommes-victorinox-i-n-o-x-241719-1-2","status":"publish","type":"product","link":"https:\/\/tempsetor.be\/galerie\/produit\/montre-hommes-victorinox-i-n-o-x-241719-1-2\/","title":{"rendered":"Montre hommes Victorinox &#8211; I.N.O.X &#8211; 241719.1"},"content":{"rendered":"<p>Les crit\u00e8res de qualit\u00e9 les plus exigeants pour une fonctionnalit\u00e9 in\u00e9galable. Accompagn\u00e9e d&#8217;un bumper de protection. Bracelet en caoutchouc v\u00e9ritable.<\/p>\n<p>Avec ses lignes sobres, sa robustesse, sa pr\u00e9cision et la lisibilit\u00e9 parfaite de toutes fonctions, ce mod\u00e8le incarne l&#8217;expression la plus audacieuse de l\u2019ing\u00e9nierie militaire vue par <strong>Victorinox<\/strong> Swiss Army, o\u00f9 la fonctionnalit\u00e9 et la qualit\u00e9 conditionnent un design qui va \u00e0 l&#8217;essentiel.<\/p>\n<p>Cette montre Victorinox \u00e0 un bo\u00eetier en acier inoxydable avec un diam\u00e8tre de 43mm et poss\u00e8de un bracelet en caoutchouc. Le bo\u00eetier de la montre contient un mouvement quartz de haute qualit\u00e9 et un cristal saphir.<\/p>\n","protected":false},"excerpt":{"rendered":"<p><img loading=\"lazy\" decoding=\"async\" class=\"alignleft size-full wp-image-2946\" src=\"https:\/\/tempsetor.be\/galerie\/wp-content\/uploads\/2017\/12\/Victorinox_logo-e1512510038125.jpg\" alt=\"logo Victorinox\" width=\"150\" height=\"87\" \/>Ultra-r\u00e9sistante, notre montre I.N.O.X. est pr\u00eate \u00e0 relever tous les d\u00e9fis. Elle est capable de r\u00e9sister \u00e0 une chute de 10 m\u00e8tres, au passage d\u2019un tank de 64 tonnes, \u00e0 une plong\u00e9e \u00e0 200 m\u00e8tres de profondeur et m\u00eame \u00e0 deux heures en machine \u00e0 90\u00b0. Avec son design exclusif, quelque chose nous dit que vous allez adorer regarder l\u2019heure. De jour ou de nuit, au bureau comme au sommet d\u2019une montagne, rien n\u2019est impossible pour la tr\u00e8s polyvalente I.N.O.X. \u00c0 porter sans mod\u00e9ration. Toujours pr\u00eate.<\/p>\n<p>D\u00e9j\u00e0 garanties 2 ans, le service apr\u00e8s vente de la bijouterie <strong>Temps &amp; OR<\/strong> vous apporte une confiance suppl\u00e9mentaire pour ces produits. Selon vos besoins, ces montres peuvent \u00eatre \u00e9galement r\u00e9serv\u00e9es \u00e0 la bijouterie. La mise \u00e0 mesure offerte ainsi qu&#8217;un emballage cadeau vous y seront propos\u00e9s.<\/p>\n<p>Faites vos demandes particuli\u00e8res ou passez votre commande via ce formulaire :<br \/>\n<p class=\"wpcf7-contact-form-not-found\"><strong>Error:<\/strong> Contact form not found.<\/p><\/p>\n","protected":false},"featured_media":3844,"template":"","meta":{"_monsterinsights_skip_tracking":false,"_monsterinsights_sitenote_active":false,"_monsterinsights_sitenote_note":"","_monsterinsights_sitenote_category":0},"product_brand":[],"product_cat":[40,39,73],"product_tag":[],"class_list":{"0":"post-3843","1":"product","2":"type-product","3":"status-publish","4":"has-post-thumbnail","6":"product_cat-montres-hommes","7":"product_cat-hommes","8":"product_cat-victorinox-montre-hommes","10":"first","11":"instock","12":"shipping-taxable","13":"purchasable","14":"product-type-simple"},"_links":{"self":[{"href":"https:\/\/tempsetor.be\/galerie\/wp-json\/wp\/v2\/product\/3843","targetHints":{"allow":["GET"]}}],"collection":[{"href":"https:\/\/tempsetor.be\/galerie\/wp-json\/wp\/v2\/product"}],"about":[{"href":"https:\/\/tempsetor.be\/galerie\/wp-json\/wp\/v2\/types\/product"}],"wp:featuredmedia":[{"embeddable":true,"href":"https:\/\/tempsetor.be\/galerie\/wp-json\/wp\/v2\/media\/3844"}],"wp:attachment":[{"href":"https:\/\/tempsetor.be\/galerie\/wp-json\/wp\/v2\/media?parent=3843"}],"wp:term":[{"taxonomy":"product_brand","embeddable":true,"href":"https:\/\/tempsetor.be\/galerie\/wp-json\/wp\/v2\/product_brand?post=3843"},{"taxonomy":"product_cat","embeddable":true,"href":"https:\/\/tempsetor.be\/galerie\/wp-json\/wp\/v2\/product_cat?post=3843"},{"taxonomy":"product_tag","embeddable":true,"href":"https:\/\/tempsetor.be\/galerie\/wp-json\/wp\/v2\/product_tag?post=3843"}],"curies":[{"name":"wp","href":"https:\/\/api.w.org\/{rel}","templated":true}]}}