{"id":3857,"date":"2018-06-13T16:43:03","date_gmt":"2018-06-13T14:43:03","guid":{"rendered":"http:\/\/www.tempsetor.be\/galerie\/?post_type=product&#038;p=3857"},"modified":"2018-06-13T16:50:15","modified_gmt":"2018-06-13T14:50:15","slug":"montre-dames-claude-bernard-dress-code-small-second-25003-3m-napn-copie","status":"publish","type":"product","link":"https:\/\/tempsetor.be\/galerie\/produit\/montre-dames-claude-bernard-dress-code-small-second-25003-3m-napn-copie\/","title":{"rendered":"Montre dames Claude Bernard &#8211; Dress Code &#8211; 20210 3M AIN"},"content":{"rendered":"<p>Fond\u00e9 en 1973, La soci\u00e9t\u00e9 horlog\u00e8re <strong>Claude Bernard<\/strong> se fait un point d&#8217;honneur \u00e0 fabriquer des montres &#8220;Swiss Made&#8221; avec un savoir faire et un rapport de qualit\u00e9 exceptionnels. G\u00e9n\u00e9ralement sobres &amp; classiques, automatiques ou \u00e0 quartz, elles poss\u00e8dent toutes un verre en saphir ingriffable et une garantie internationale de 2 ans.<\/p>\n<p><strong>Claude Bernard <\/strong>r\u00e9alise des montres pour dames particuli\u00e8rement r\u00e9ussies. Classiques &amp; \u00e9l\u00e9gantes elles conservent surtout une jolie touche tr\u00e8s f\u00e9minine.<\/p>\n","protected":false},"excerpt":{"rendered":"<p><img loading=\"lazy\" decoding=\"async\" class=\"alignleft wp-image-2553\" src=\"https:\/\/tempsetor.be\/galerie\/wp-content\/uploads\/2017\/11\/Claude-Bernard-1-300x134.jpeg\" alt=\"\" width=\"199\" height=\"89\" \/><\/p>\n<p>D\u00e9j\u00e0 garanties 2 ans, le service apr\u00e8s vente de la bijouterie <strong>Temps &amp; OR<\/strong> vous apporte une confiance suppl\u00e9mentaire pour ces produits. Selon vos besoins, ces montres peuvent \u00eatre \u00e9galement r\u00e9serv\u00e9es \u00e0 la bijouterie. La mise \u00e0 mesure offerte ainsi qu&#8217;un emballage cadeau vous y seront propos\u00e9s.<\/p>\n<p>Faites vos demandes particuli\u00e8res ou passez votre commande via ce formulaire :<br \/>\n<p class=\"wpcf7-contact-form-not-found\"><strong>Error:<\/strong> Contact form not found.<\/p><\/p>\n<p>&nbsp;<\/p>\n","protected":false},"featured_media":3858,"template":"","meta":{"_monsterinsights_skip_tracking":false,"_monsterinsights_sitenote_active":false,"_monsterinsights_sitenote_note":"","_monsterinsights_sitenote_category":0},"product_brand":[],"product_cat":[29,28,27],"product_tag":[],"class_list":{"0":"post-3857","1":"product","2":"type-product","3":"status-publish","4":"has-post-thumbnail","6":"product_cat-claude-bernard-dames","7":"product_cat-montres-dames","8":"product_cat-dames","10":"first","11":"instock","12":"shipping-taxable","13":"purchasable","14":"product-type-simple"},"_links":{"self":[{"href":"https:\/\/tempsetor.be\/galerie\/wp-json\/wp\/v2\/product\/3857","targetHints":{"allow":["GET"]}}],"collection":[{"href":"https:\/\/tempsetor.be\/galerie\/wp-json\/wp\/v2\/product"}],"about":[{"href":"https:\/\/tempsetor.be\/galerie\/wp-json\/wp\/v2\/types\/product"}],"wp:featuredmedia":[{"embeddable":true,"href":"https:\/\/tempsetor.be\/galerie\/wp-json\/wp\/v2\/media\/3858"}],"wp:attachment":[{"href":"https:\/\/tempsetor.be\/galerie\/wp-json\/wp\/v2\/media?parent=3857"}],"wp:term":[{"taxonomy":"product_brand","embeddable":true,"href":"https:\/\/tempsetor.be\/galerie\/wp-json\/wp\/v2\/product_brand?post=3857"},{"taxonomy":"product_cat","embeddable":true,"href":"https:\/\/tempsetor.be\/galerie\/wp-json\/wp\/v2\/product_cat?post=3857"},{"taxonomy":"product_tag","embeddable":true,"href":"https:\/\/tempsetor.be\/galerie\/wp-json\/wp\/v2\/product_tag?post=3857"}],"curies":[{"name":"wp","href":"https:\/\/api.w.org\/{rel}","templated":true}]}}