{"id":3983,"date":"2018-07-19T14:54:09","date_gmt":"2018-07-19T12:54:09","guid":{"rendered":"http:\/\/www.tempsetor.be\/galerie\/?post_type=product&#038;p=3983"},"modified":"2023-06-05T14:20:05","modified_gmt":"2023-06-05T12:20:05","slug":"buddha-to-buddha-ben-ben-xs-j070d","status":"publish","type":"product","link":"https:\/\/tempsetor.be\/galerie\/produit\/buddha-to-buddha-ben-ben-xs-j070d\/","title":{"rendered":"Buddha to Buddha &#8211; BEN &#8211; Ben XS &#8211; J070"},"content":{"rendered":"<p>Une collection de bijoux r\u00e9alis\u00e9e dans les ateliers traditionnels de Bali. En argent massif 925\/1000e.\u00a0A premi\u00e8re vue, ces enmaillages classiques de la bijouterie deviennent , au port\u00e9, des bijoux au look Rock &amp; rebel.<\/p>\n<p>&nbsp;<\/p>\n","protected":false},"excerpt":{"rendered":"<div id=\"attachment_3980\" style=\"width: 160px\" class=\"wp-caption alignleft\"><img loading=\"lazy\" decoding=\"async\" aria-describedby=\"caption-attachment-3980\" class=\"wp-image-3980 size-full\" src=\"https:\/\/tempsetor.be\/galerie\/wp-content\/uploads\/2018\/07\/buddha-to-buddha-logo-150px.png\" alt=\"Buddha to Buddha\" width=\"150\" height=\"144\" srcset=\"https:\/\/tempsetor.be\/galerie\/wp-content\/uploads\/2018\/07\/buddha-to-buddha-logo-150px.png 150w, https:\/\/tempsetor.be\/galerie\/wp-content\/uploads\/2018\/07\/buddha-to-buddha-logo-150px-50x48.png 50w, https:\/\/tempsetor.be\/galerie\/wp-content\/uploads\/2018\/07\/buddha-to-buddha-logo-150px-78x75.png 78w\" sizes=\"auto, (max-width:767px) 150px, 150px\" \/><p id=\"caption-attachment-3980\" class=\"wp-caption-text\">Buddha to Buddha<\/p><\/div>\n<p>Le bracelet <strong>Bouddha To Bouddha<\/strong> Ben XS est la variante la plus \u00e9troite du bracelet embl\u00e9matique Ben. Fait \u00e0 la main et intemporel comme tous les bijoux de <strong>Bouddha To Bouddha<\/strong>. Le bracelet en argent peut \u00eatre combin\u00e9 parfaitement avec d&#8217;autres bijoux de <strong>Bouddha To Bouddha<\/strong> et est emball\u00e9 dans une bo\u00eete cadeau de luxe. Le Ben XS est plus \u00e9troit que le Ben, le Ben Medium et le bracelet Ben XL.<\/p>\n<p>En plus de la confiance qu&#8217;apporte un produit de marque, le service apr\u00e8s vente de la bijouterie <strong>Temps &amp; OR<\/strong> vous apporte une confiance suppl\u00e9mentaire pour ces produits.\u00a0 Selon vos besoins, ces bijoux peuvent \u00eatre \u00e9galement r\u00e9serv\u00e9es \u00e0 la bijouterie. La mise \u00e0 mesure offerte ainsi qu&#8217;un emballage cadeau vous y seront propos\u00e9s.<\/p>\n<p>Faites vos demandes particuli\u00e8res ou passez votre commande via ce formulaire :<br \/>\n<p class=\"wpcf7-contact-form-not-found\"><strong>Error:<\/strong> Contact form not found.<\/p><\/p>\n","protected":false},"featured_media":3984,"template":"","meta":{"_monsterinsights_skip_tracking":false,"_monsterinsights_sitenote_active":false,"_monsterinsights_sitenote_note":"","_monsterinsights_sitenote_category":0},"product_brand":[],"product_cat":[201,42,745,711,27,39],"product_tag":[],"class_list":{"0":"post-3983","1":"product","2":"type-product","3":"status-publish","4":"has-post-thumbnail","6":"product_cat-bracelets-dames","7":"product_cat-bracelets-hommes","8":"product_cat-buddha-to-buddha-dames","9":"product_cat-buddhatobuddha-bracelet-hommes","10":"product_cat-dames","11":"product_cat-hommes","13":"first","14":"instock","15":"shipping-taxable","16":"purchasable","17":"product-type-simple"},"_links":{"self":[{"href":"https:\/\/tempsetor.be\/galerie\/wp-json\/wp\/v2\/product\/3983","targetHints":{"allow":["GET"]}}],"collection":[{"href":"https:\/\/tempsetor.be\/galerie\/wp-json\/wp\/v2\/product"}],"about":[{"href":"https:\/\/tempsetor.be\/galerie\/wp-json\/wp\/v2\/types\/product"}],"wp:featuredmedia":[{"embeddable":true,"href":"https:\/\/tempsetor.be\/galerie\/wp-json\/wp\/v2\/media\/3984"}],"wp:attachment":[{"href":"https:\/\/tempsetor.be\/galerie\/wp-json\/wp\/v2\/media?parent=3983"}],"wp:term":[{"taxonomy":"product_brand","embeddable":true,"href":"https:\/\/tempsetor.be\/galerie\/wp-json\/wp\/v2\/product_brand?post=3983"},{"taxonomy":"product_cat","embeddable":true,"href":"https:\/\/tempsetor.be\/galerie\/wp-json\/wp\/v2\/product_cat?post=3983"},{"taxonomy":"product_tag","embeddable":true,"href":"https:\/\/tempsetor.be\/galerie\/wp-json\/wp\/v2\/product_tag?post=3983"}],"curies":[{"name":"wp","href":"https:\/\/api.w.org\/{rel}","templated":true}]}}