{"id":4065,"date":"2018-11-05T17:24:27","date_gmt":"2018-11-05T16:24:27","guid":{"rendered":"http:\/\/www.tempsetor.be\/galerie\/?post_type=product&#038;p=4065"},"modified":"2018-11-05T17:27:47","modified_gmt":"2018-11-05T16:27:47","slug":"montre-hommes-bering-16243-564","status":"publish","type":"product","link":"https:\/\/tempsetor.be\/galerie\/produit\/montre-hommes-bering-16243-564\/","title":{"rendered":"Montre hommes &#8211; Bering &#8211; 16243-564"},"content":{"rendered":"<p>En 1728, \u00e0 bord de son voilier, le marin danois <strong>Vitus Bering<\/strong> se lance dans une aventure audacieuse : le cap sur l\u2019Oc\u00e9an Arctique, alors encore inexplor\u00e9. Il ouvrit\u00a0, d\u00e8s lors, une route qui porte aujourd\u2019hui son nom\u00a0: le d\u00e9troit de <strong>Bering<\/strong>. Il fut le premier Europ\u00e9en \u00e0 d\u00e9couvrir l&#8217;Alaska et donne son nom \u00e0 l\u2019un des quatre fuseaux horaires\u00a0: le fuseau Bering.<\/p>\n<p>Le temps glisse sur votre montre sans laisser de trace. Les montres <strong>BERING<\/strong> sont fabriqu\u00e9es dans des mat\u00e9riaux de tr\u00e8s haute qualit\u00e9 qui garantissent une longue dur\u00e9e de vie tout en s&#8217;harmonisant avec un design intemporel.\u00a0Aussi intemporels, beaux et solides que les glaces \u00e9ternelles. Inspir\u00e9es de la beaut\u00e9 arctique, elles poss\u00e8dent toutes un verre saphir inrayable. un excellent rapport qualit\u00e9\/prix.<\/p>\n","protected":false},"excerpt":{"rendered":"<div id=\"attachment_4049\" style=\"width: 160px\" class=\"wp-caption alignleft\"><img loading=\"lazy\" decoding=\"async\" aria-describedby=\"caption-attachment-4049\" class=\"wp-image-4049 size-full\" src=\"https:\/\/tempsetor.be\/galerie\/wp-content\/uploads\/2018\/10\/logo-bering.png\" alt=\"logo bering\" width=\"150\" height=\"29\" srcset=\"https:\/\/tempsetor.be\/galerie\/wp-content\/uploads\/2018\/10\/logo-bering.png 150w, https:\/\/tempsetor.be\/galerie\/wp-content\/uploads\/2018\/10\/logo-bering-50x10.png 50w\" sizes=\"auto, (max-width:767px) 150px, 150px\" \/><p id=\"caption-attachment-4049\" class=\"wp-caption-text\">logo bering<\/p><\/div>\n<p>Cette montre est dot\u00e9e d\u2019un bracelet en cuir de veau fin et d\u2019un bo\u00eetier or rose fabriqu\u00e9 \u00e0 partir d\u2019acier inoxydable pur, de haute qualit\u00e9 m\u00e9dicale (316L). Le cadran Sunray de couleur blanche assorti, dont la seconde aiguille est remont\u00e9e par les mouvement de bras de son propri\u00e9taire, apporte \u00e0 cette montre une touche moderne. Les indicateurs de cycle de 24 h et de date ton sur ton affirment le style raffin\u00e9 du cadran. Le cadran est prot\u00e9g\u00e9 par un verre saphir particuli\u00e8rement r\u00e9sistant, limpide et anti-rayures, cercl\u00e9 d\u2019une lunette d\u2019acier inoxydable fin.<\/p>\n<p>D\u00e9j\u00e0 garanties 2 ans, le service apr\u00e8s vente de la bijouterie <strong>Temps &amp; OR<\/strong> vous apporte une confiance suppl\u00e9mentaire pour ces produits. Selon vos besoins, ces montres peuvent \u00eatre \u00e9galement r\u00e9serv\u00e9es \u00e0 la bijouterie. La mise \u00e0 mesure offerte ainsi qu&#8217;un emballage cadeau vous y seront propos\u00e9s.<\/p>\n<p>Faites vos demandes particuli\u00e8res ou passez votre commande via ce formulaire :<br \/>\n<p class=\"wpcf7-contact-form-not-found\"><strong>Error:<\/strong> Contact form not found.<\/p><\/p>\n","protected":false},"featured_media":4066,"template":"","meta":{"_monsterinsights_skip_tracking":false,"_monsterinsights_sitenote_active":false,"_monsterinsights_sitenote_note":"","_monsterinsights_sitenote_category":0},"product_brand":[],"product_cat":[775,40,39],"product_tag":[],"class_list":{"0":"post-4065","1":"product","2":"type-product","3":"status-publish","4":"has-post-thumbnail","6":"product_cat-bering-hommes","7":"product_cat-montres-hommes","8":"product_cat-hommes","10":"first","11":"instock","12":"shipping-taxable","13":"purchasable","14":"product-type-simple"},"_links":{"self":[{"href":"https:\/\/tempsetor.be\/galerie\/wp-json\/wp\/v2\/product\/4065","targetHints":{"allow":["GET"]}}],"collection":[{"href":"https:\/\/tempsetor.be\/galerie\/wp-json\/wp\/v2\/product"}],"about":[{"href":"https:\/\/tempsetor.be\/galerie\/wp-json\/wp\/v2\/types\/product"}],"wp:featuredmedia":[{"embeddable":true,"href":"https:\/\/tempsetor.be\/galerie\/wp-json\/wp\/v2\/media\/4066"}],"wp:attachment":[{"href":"https:\/\/tempsetor.be\/galerie\/wp-json\/wp\/v2\/media?parent=4065"}],"wp:term":[{"taxonomy":"product_brand","embeddable":true,"href":"https:\/\/tempsetor.be\/galerie\/wp-json\/wp\/v2\/product_brand?post=4065"},{"taxonomy":"product_cat","embeddable":true,"href":"https:\/\/tempsetor.be\/galerie\/wp-json\/wp\/v2\/product_cat?post=4065"},{"taxonomy":"product_tag","embeddable":true,"href":"https:\/\/tempsetor.be\/galerie\/wp-json\/wp\/v2\/product_tag?post=4065"}],"curies":[{"name":"wp","href":"https:\/\/api.w.org\/{rel}","templated":true}]}}