{"id":4231,"date":"2019-02-19T00:49:22","date_gmt":"2019-02-18T23:49:22","guid":{"rendered":"http:\/\/www.tempsetor.be\/galerie\/?post_type=product&#038;p=4231"},"modified":"2019-02-19T00:56:04","modified_gmt":"2019-02-18T23:56:04","slug":"montre-hommes-vivoactive-3-music-010-01985-02","status":"publish","type":"product","link":"https:\/\/tempsetor.be\/galerie\/produit\/montre-hommes-vivoactive-3-music-010-01985-02\/","title":{"rendered":"Montre hommes v\u00edvoactive\u00ae 3 Music &#8211; 010-01985-02"},"content":{"rendered":"<h4>Montre GPS connect\u00e9e multisports avec stockage et lecteur de musique<\/h4>\n<p>T\u00e9l\u00e9chargez jusqu&#8217;\u00e0 500 titres sur votre montre et connecter la \u00e0 un casque Bluetooth\u00ae (vendu s\u00e9par\u00e9ment), plus besoin de t\u00e9l\u00e9phone.<\/p>\n<p>Garmin Pay\u2122 R\u00e9glez vos achats en sans contact1 et laissez votre porte-monnaie \u00e0 la maison. Personnalisez votre montre avec des milliers de cadrans, d&#8217;applications sur Connect IQ\u2122<br \/>\nPlus de 15 applications sportives pr\u00e9charg\u00e9es, y compris le yoga, la course \u00e0 pied, la natation, la musculation ; entra\u00eenements pr\u00e9charg\u00e9s, cr\u00e9ation et t\u00e9l\u00e9chargement d&#8217;entra\u00eenements personnalis\u00e9s.<\/p>\n<p>Surveillez votre niveau de condition physique gr\u00e2ce aux estimations de votre VO2 max., de votre \u00e2ge physique, et de votre niveau de stress2<\/p>\n","protected":false},"excerpt":{"rendered":"<p><img loading=\"lazy\" decoding=\"async\" class=\"size-full wp-image-3680\" src=\"https:\/\/tempsetor.be\/galerie\/wp-content\/uploads\/2018\/02\/garmin_logo.jpg\" alt=\"garmin logo\" width=\"150\" height=\"48\" srcset=\"https:\/\/tempsetor.be\/galerie\/wp-content\/uploads\/2018\/02\/garmin_logo.jpg 150w, https:\/\/tempsetor.be\/galerie\/wp-content\/uploads\/2018\/02\/garmin_logo-50x16.jpg 50w\" sizes=\"auto, (max-width:767px) 150px, 150px\" \/>Gardez la forme avec style gr\u00e2ce \u00e0 la v\u00edvomove HR. Cette montre intelligente hybride et \u00e9l\u00e9gante est \u00e9quip\u00e9e d&#8217;un \u00e9cran tactile discret. Ses aiguilles affichent l&#8217;heure avec une grande pr\u00e9cision et se d\u00e9placent automatiquement lorsque vous parcourez vos messages, vos donn\u00e9es de fr\u00e9quence cardiaque, etc. Elle compte vos pas et vos calories tout en surveillant votre bien-\u00eatre, notamment avec le suivi quotidien des efforts.<\/p>\n<p>D\u00e9j\u00e0 garanties 2 ans, le service apr\u00e8s vente de la bijouterie <strong>Temps &amp; OR<\/strong> vous apporte une confiance suppl\u00e9mentaire pour ces produits. Selon vos besoins, ces montres peuvent \u00eatre \u00e9galement r\u00e9serv\u00e9es \u00e0 la bijouterie. La mise \u00e0 mesure offerte ainsi qu&#8217;un emballage cadeau vous y seront propos\u00e9s.<\/p>\n<p>Faites vos demandes particuli\u00e8res ou passez votre commande via ce formulaire :<br \/>\n<p class=\"wpcf7-contact-form-not-found\"><strong>Error:<\/strong> Contact form not found.<\/p><\/p>\n","protected":false},"featured_media":4234,"template":"","meta":{"_monsterinsights_skip_tracking":false,"_monsterinsights_sitenote_active":false,"_monsterinsights_sitenote_note":"","_monsterinsights_sitenote_category":0},"product_brand":[],"product_cat":[778,779,572,40,39],"product_tag":[],"class_list":{"0":"post-4231","1":"product","2":"type-product","3":"status-publish","4":"has-post-thumbnail","6":"product_cat-connecte","7":"product_cat-garmin-connecte","8":"product_cat-garmin-hommes","9":"product_cat-montres-hommes","10":"product_cat-hommes","12":"first","13":"instock","14":"shipping-taxable","15":"purchasable","16":"product-type-simple"},"_links":{"self":[{"href":"https:\/\/tempsetor.be\/galerie\/wp-json\/wp\/v2\/product\/4231","targetHints":{"allow":["GET"]}}],"collection":[{"href":"https:\/\/tempsetor.be\/galerie\/wp-json\/wp\/v2\/product"}],"about":[{"href":"https:\/\/tempsetor.be\/galerie\/wp-json\/wp\/v2\/types\/product"}],"wp:featuredmedia":[{"embeddable":true,"href":"https:\/\/tempsetor.be\/galerie\/wp-json\/wp\/v2\/media\/4234"}],"wp:attachment":[{"href":"https:\/\/tempsetor.be\/galerie\/wp-json\/wp\/v2\/media?parent=4231"}],"wp:term":[{"taxonomy":"product_brand","embeddable":true,"href":"https:\/\/tempsetor.be\/galerie\/wp-json\/wp\/v2\/product_brand?post=4231"},{"taxonomy":"product_cat","embeddable":true,"href":"https:\/\/tempsetor.be\/galerie\/wp-json\/wp\/v2\/product_cat?post=4231"},{"taxonomy":"product_tag","embeddable":true,"href":"https:\/\/tempsetor.be\/galerie\/wp-json\/wp\/v2\/product_tag?post=4231"}],"curies":[{"name":"wp","href":"https:\/\/api.w.org\/{rel}","templated":true}]}}