{"id":4270,"date":"2019-02-26T10:57:12","date_gmt":"2019-02-26T09:57:12","guid":{"rendered":"http:\/\/www.tempsetor.be\/galerie\/?post_type=product&#038;p=4270"},"modified":"2021-05-24T12:45:53","modified_gmt":"2021-05-24T10:45:53","slug":"montre-dames-pontiac-leicester-p10071","status":"publish","type":"product","link":"https:\/\/tempsetor.be\/galerie\/produit\/montre-dames-pontiac-leicester-p10071\/","title":{"rendered":"Montre dames &#8211; Pontiac &#8211; Leicester &#8211; P10071"},"content":{"rendered":"<p align=\"LEFT\">En 2014, <strong>Pontiac<\/strong> relance une nouvelle collection de montres qualitatives, au design belge, pourvue d\u2019un mouvement Suisse et d\u2019un verre saphir. Classiques et de qualit\u00e9 Celles-ci sont confectionn\u00e9es avec le plus grand soin Toutes les montres <strong>PONTIAC<\/strong> sont \u00e9tanches et b\u00e9n\u00e9ficient d\u2019une garantie de deux ans.<\/p>\n","protected":false},"excerpt":{"rendered":"<p><img loading=\"lazy\" decoding=\"async\" class=\"size-full wp-image-5807 alignleft\" src=\"https:\/\/tempsetor.be\/galerie\/wp-content\/uploads\/2019\/02\/Pontiac_Logo-150px.png\" alt=\"logo Pontiac\" width=\"150\" height=\"70\" srcset=\"https:\/\/tempsetor.be\/galerie\/wp-content\/uploads\/2019\/02\/Pontiac_Logo-150px.png 150w, https:\/\/tempsetor.be\/galerie\/wp-content\/uploads\/2019\/02\/Pontiac_Logo-150px-50x23.png 50w\" sizes=\"auto, (max-width:767px) 150px, 150px\" \/><\/p>\n<p>C\u2019est en 1931 qu&#8217;est cr\u00e9e la marque de montre Belge \u00ab Pontiac \u00bb. \u00c0 cette \u00e9poque, les montres de qualit\u00e9 \u00e9taient rares. Le nom symbolique et intemporel \u00ab <strong>PONTIAC<\/strong> \u00bb, est le nom d\u2019un grand chef indien d&#8217;Am\u00e9rique qui avait la facult\u00e9 de lire l\u2019heure dans les \u00e9toiles. R\u00e9f\u00e9rence repr\u00e9sentant le lien entre l\u2019\u00e9ternit\u00e9 et l\u2019univers. Apr\u00e8s la guerre, Pontiac s\u2019impose comme la montre des sportifs en lan\u00e7ant les montres des \u00ab Diables rouges \u00bb et en \u00e9tant pr\u00e9sent lors du Tour de France.<\/p>\n<p>D\u00e9j\u00e0 garanties 2 ans, le service apr\u00e8s vente de la bijouterie <strong>Temps &amp; OR<\/strong> vous apporte une confiance suppl\u00e9mentaire pour ces produits. Selon vos besoins, ces montres peuvent \u00eatre \u00e9galement r\u00e9serv\u00e9es \u00e0 la bijouterie. La mise \u00e0 mesure offerte ainsi qu&#8217;un emballage cadeau vous y seront propos\u00e9s.<\/p>\n<p>Faites vos demandes particuli\u00e8res ou passez votre commande via ce formulaire :<br \/>\n<p class=\"wpcf7-contact-form-not-found\"><strong>Error:<\/strong> Contact form not found.<\/p><\/p>\n","protected":false},"featured_media":3102,"template":"","meta":{"_monsterinsights_skip_tracking":false,"_monsterinsights_sitenote_active":false,"_monsterinsights_sitenote_note":"","_monsterinsights_sitenote_category":0},"product_brand":[],"product_cat":[28,59,27],"product_tag":[],"class_list":{"0":"post-4270","1":"product","2":"type-product","3":"status-publish","4":"has-post-thumbnail","6":"product_cat-montres-dames","7":"product_cat-pontiac-dames","8":"product_cat-dames","10":"first","11":"instock","12":"shipping-taxable","13":"purchasable","14":"product-type-simple"},"_links":{"self":[{"href":"https:\/\/tempsetor.be\/galerie\/wp-json\/wp\/v2\/product\/4270","targetHints":{"allow":["GET"]}}],"collection":[{"href":"https:\/\/tempsetor.be\/galerie\/wp-json\/wp\/v2\/product"}],"about":[{"href":"https:\/\/tempsetor.be\/galerie\/wp-json\/wp\/v2\/types\/product"}],"wp:featuredmedia":[{"embeddable":true,"href":"https:\/\/tempsetor.be\/galerie\/wp-json\/wp\/v2\/media\/3102"}],"wp:attachment":[{"href":"https:\/\/tempsetor.be\/galerie\/wp-json\/wp\/v2\/media?parent=4270"}],"wp:term":[{"taxonomy":"product_brand","embeddable":true,"href":"https:\/\/tempsetor.be\/galerie\/wp-json\/wp\/v2\/product_brand?post=4270"},{"taxonomy":"product_cat","embeddable":true,"href":"https:\/\/tempsetor.be\/galerie\/wp-json\/wp\/v2\/product_cat?post=4270"},{"taxonomy":"product_tag","embeddable":true,"href":"https:\/\/tempsetor.be\/galerie\/wp-json\/wp\/v2\/product_tag?post=4270"}],"curies":[{"name":"wp","href":"https:\/\/api.w.org\/{rel}","templated":true}]}}