{"id":4291,"date":"2019-02-26T19:16:51","date_gmt":"2019-02-26T18:16:51","guid":{"rendered":"http:\/\/www.tempsetor.be\/galerie\/?post_type=product&#038;p=4291"},"modified":"2024-12-04T15:23:13","modified_gmt":"2024-12-04T14:23:13","slug":"montre-hommes-zeppelin-100-jahre-7674-3","status":"publish","type":"product","link":"https:\/\/tempsetor.be\/galerie\/produit\/montre-hommes-zeppelin-100-jahre-7674-3\/","title":{"rendered":"Montre hommes &#8211; Zeppelin &#8211; 100 Jahre &#8211; 7674-3"},"content":{"rendered":"<p>D\u00e9couvrez la montre <strong>Zeppelin 100 Jahre<\/strong>, un chronographe \u00e9l\u00e9gant pour homme avec guichet \u00e0 date. Son bo\u00eetier en acier noir de 43 mm, combin\u00e9 \u00e0 un bracelet en cuir brun, allie design raffin\u00e9 et fonctionnalit\u00e9. Mouvement Quartz, \u00e9tanch\u00e9it\u00e9 5 ATM. Prix : 299 \u20ac.<\/p>\n","protected":false},"excerpt":{"rendered":"<p><img loading=\"lazy\" decoding=\"async\" class=\" wp-image-5108 alignleft\" src=\"https:\/\/tempsetor.be\/galerie\/wp-content\/uploads\/2018\/01\/zeppelin-300x126.png\" alt=\"logo Zeppelin\" width=\"150\" height=\"63\" data-wp-editing=\"1\" \/><\/p>\n<p>La <strong>Zeppelin 100 Jahre<\/strong> est une montre chronographe et tachym\u00e8tre pour homme qui combine sophistication et performance. Son bo\u00eetier en acier noir de 43 mm de diam\u00e8tre, associ\u00e9 \u00e0 un cadran noir, en fait un mod\u00e8le \u00e0 la fois \u00e9l\u00e9gant et moderne. Le bracelet en cuir brun, avec sa boucle ardillon, ajoute une touche classique qui compl\u00e8te parfaitement ce mod\u00e8le.<\/p>\n<p>Dot\u00e9e d\u2019un mouvement Quartz pr\u00e9cis, cette montre garantit une performance fiable au quotidien. Le guichet \u00e0 date vous permet de suivre le jour du mois, tandis que l\u2019\u00e9tanch\u00e9it\u00e9 de 5 ATM vous permet de l\u2019utiliser sans souci sous la douche.<\/p>\n<p>Le <strong>Zeppelin 100 Jahre<\/strong> est une montre qui s\u2019int\u00e8gre parfaitement dans un style de vie moderne, alliant fonctionnalit\u00e9 et design intemporel. Livr\u00e9e dans son coffret d\u2019origine avec ses papiers, elle repr\u00e9sente un excellent choix \u00e0 299 \u20ac pour les amateurs de montres sophistiqu\u00e9es.<\/p>\n<p>D\u00e9j\u00e0 garanties 2 ans, le service apr\u00e8s-vente de la bijouterie <strong>Temps &amp; OR<\/strong> vous apporte une confiance suppl\u00e9mentaire pour ces produits. Selon vos besoins, ces montres peuvent \u00eatre \u00e9galement r\u00e9serv\u00e9es \u00e0 la bijouterie. La mise \u00e0 mesure offerte ainsi qu&#8217;un emballage cadeau vous y seront propos\u00e9s.<\/p>\n<p><div class=\"alert alert_error\"><div class=\"alert_icon\"><svg viewBox=\"0 0 28 28\"><defs><style>.path{fill:none;stroke:#000;stroke-miterlimit:10;stroke-width:1.5px;}<\/style><\/defs><g><circle cx=\"14\" cy=\"20\" r=\"0.33\" class=\"path\"\/><line x1=\"14\" y1=\"8.72\" x2=\"14\" y2=\"16.72\" class=\"path\"\/><path d=\"M12.6,3.42,1.54,22.58A1.61,1.61,0,0,0,2.93,25H25.07a1.61,1.61,0,0,0,1.39-2.42L15.4,3.42A1.61,1.61,0,0,0,12.6,3.42Z\" class=\"path\"\/><\/g><\/svg><\/div><div class=\"alert_wrapper\">Le montant affich\u00e9 peut \u00eatre modifi\u00e9 par le fournisseur sans que nous en soyons inform\u00e9s. Une diff\u00e9rence entre le prix affich\u00e9 ici et en magasin reste possible.<\/div><a href=\"#\" class=\"close mfn-close-icon\"><span class=\"icon\">\u2715<\/span><\/a><\/div>\n<div class=\"alert alert_info\"><div class=\"alert_icon\"><svg viewBox=\"0 0 28 28\"><defs><style>.path{fill:none;stroke:#000;stroke-miterlimit:10;stroke-width:1.5px;}<\/style><\/defs><g><circle class=\"path\" cx=\"14\" cy=\"14\" r=\"12\"\/><path class=\"path\" d=\"M11.2,9.12a3.4,3.4,0,0,1,3-1.69,2.84,2.84,0,0,1,3,2.76,3.16,3.16,0,0,1-.84,2.23c-.63.74-1.58,1.18-2.19,1.88a1,1,0,0,0-.26.64v2.32\"\/><circle class=\"path\" cx=\"14\" cy=\"20\" r=\"0.33\"\/><\/g><\/svg><\/div><div class=\"alert_wrapper\">Faites vos demandes particuli\u00e8res ou passez votre commande via ce formulaire <\/div><a href=\"#\" class=\"close mfn-close-icon\"><span class=\"icon\">\u2715<\/span><\/a><\/div>\n <a class=\"button  button_size_3\" href=\"https:\/\/tempsetor.be\/galerie\/ma-commande\/\"     target=\"_blank\"    title=\"\"><span class=\"button_label\">&gt; Formulaire<\/span><\/a>\n<\/p>\n","protected":false},"featured_media":4292,"template":"","meta":{"_monsterinsights_skip_tracking":false,"_monsterinsights_sitenote_active":false,"_monsterinsights_sitenote_note":"","_monsterinsights_sitenote_category":0},"product_brand":[],"product_cat":[40,39,75],"product_tag":[],"class_list":{"0":"post-4291","1":"product","2":"type-product","3":"status-publish","4":"has-post-thumbnail","6":"product_cat-montres-hommes","7":"product_cat-hommes","8":"product_cat-zeppelin-hommes","10":"first","11":"instock","12":"shipping-taxable","13":"purchasable","14":"product-type-simple"},"_links":{"self":[{"href":"https:\/\/tempsetor.be\/galerie\/wp-json\/wp\/v2\/product\/4291","targetHints":{"allow":["GET"]}}],"collection":[{"href":"https:\/\/tempsetor.be\/galerie\/wp-json\/wp\/v2\/product"}],"about":[{"href":"https:\/\/tempsetor.be\/galerie\/wp-json\/wp\/v2\/types\/product"}],"wp:featuredmedia":[{"embeddable":true,"href":"https:\/\/tempsetor.be\/galerie\/wp-json\/wp\/v2\/media\/4292"}],"wp:attachment":[{"href":"https:\/\/tempsetor.be\/galerie\/wp-json\/wp\/v2\/media?parent=4291"}],"wp:term":[{"taxonomy":"product_brand","embeddable":true,"href":"https:\/\/tempsetor.be\/galerie\/wp-json\/wp\/v2\/product_brand?post=4291"},{"taxonomy":"product_cat","embeddable":true,"href":"https:\/\/tempsetor.be\/galerie\/wp-json\/wp\/v2\/product_cat?post=4291"},{"taxonomy":"product_tag","embeddable":true,"href":"https:\/\/tempsetor.be\/galerie\/wp-json\/wp\/v2\/product_tag?post=4291"}],"curies":[{"name":"wp","href":"https:\/\/api.w.org\/{rel}","templated":true}]}}