{"id":4323,"date":"2019-03-05T13:19:16","date_gmt":"2019-03-05T12:19:16","guid":{"rendered":"http:\/\/www.tempsetor.be\/galerie\/?post_type=product&#038;p=4323"},"modified":"2023-03-27T16:40:28","modified_gmt":"2023-03-27T14:40:28","slug":"bougie-baobab-les-prestigieuses-encre-de-chine","status":"publish","type":"product","link":"https:\/\/tempsetor.be\/galerie\/produit\/bougie-baobab-les-prestigieuses-encre-de-chine\/","title":{"rendered":"Bougie Baobab &#8211; LES PRESTIGIEUSES &#8211; Encre de Chine"},"content":{"rendered":"<p>L\u2019encre de Chine jouit d\u2019un prestige unique en raison du myst\u00e8re qui entoure sa fabrication ancestrale. Mati\u00e8re de pr\u00e9dilection en calligraphie, son noir intense impr\u00e8gne de fa\u00e7on ind\u00e9l\u00e9bile l\u2019\u0153uvre des artistes qui l\u2019utilisent.<\/p>\n","protected":false},"excerpt":{"rendered":"<p><img loading=\"lazy\" decoding=\"async\" class=\"size-full wp-image-4311 alignleft\" src=\"https:\/\/tempsetor.be\/galerie\/wp-content\/uploads\/2019\/03\/baobab.jpg\" alt=\"logo Baobab\" width=\"128\" height=\"142\" srcset=\"https:\/\/tempsetor.be\/galerie\/wp-content\/uploads\/2019\/03\/baobab.jpg 128w, https:\/\/tempsetor.be\/galerie\/wp-content\/uploads\/2019\/03\/baobab-45x50.jpg 45w, https:\/\/tempsetor.be\/galerie\/wp-content\/uploads\/2019\/03\/baobab-68x75.jpg 68w\" sizes=\"auto, (max-width:767px) 128px, 128px\" \/><\/p>\n<p>La collection <strong>Les Prestigieuses<\/strong> est une \u00e9loge \u00e0 la mati\u00e8re. Inspir\u00e9es par des mat\u00e9riaux mythiques et l\u00e9gendaires, les bougies de la gamme symbolisent les savoir-faire les plus rares et nous font voyager vers des terres myst\u00e9rieuses. \u00c0 l\u2019image du cuir de russie, de l\u2019encre de Chine et de la pierre de lune, les parfums des prestigieuses sont aussi bruts que pr\u00e9cieux.<\/p>\n<div class=\"icon_box_jmn\">\n<h4>Tailles disponibles en magasin (en cm):<\/h4>\n<\/div>\n<p><div class=\"column one-third mobile-one\"><div class=\"mcb-column-inner\"><div class=\"icon_box icon_position_top has_border\"><div class=\"icon_wrapper\"><div class=\"icon\"><i class=\"icon-bitbucket\" aria-hidden=\"true\"><\/i><\/div><\/div><div class=\"desc_wrapper\"><h4 class=\"title \">Max 10<\/h4><div class=\"desc\">80\u20ac<\/div><\/div><\/div>\n<\/div><\/div>\n<div class=\"column one-third mobile-one\"><div class=\"mcb-column-inner\"><div class=\"icon_box icon_position_top has_border\"><div class=\"icon_wrapper\"><div class=\"icon\"><i class=\"icon-bitbucket\" aria-hidden=\"true\"><\/i><\/div><\/div><div class=\"desc_wrapper\"><h4 class=\"title \">Max 16<\/h4><div class=\"desc\">115\u20ac<\/div><\/div><\/div>\n<\/div><\/div>\n<div class=\"column one-third mobile-one\"><div class=\"mcb-column-inner\"><div class=\"icon_box icon_position_top has_border\"><div class=\"icon_wrapper\"><div class=\"icon\"><i class=\"icon-bitbucket\" aria-hidden=\"true\"><\/i><\/div><\/div><div class=\"desc_wrapper\"><h4 class=\"title \">Max 24<\/h4><div class=\"desc\">255\u20ac<\/div><\/div><\/div>\n<\/div><\/div>\n<\/p>\n<p>Faites vos demandes particuli\u00e8res ou passez votre commande via ce formulaire :<\/p>\n<p class=\"wpcf7-contact-form-not-found\"><strong>Error:<\/strong> Contact form not found.<\/p>\n","protected":false},"featured_media":4326,"template":"","meta":{"_monsterinsights_skip_tracking":false,"_monsterinsights_sitenote_active":false,"_monsterinsights_sitenote_note":"","_monsterinsights_sitenote_category":0},"product_brand":[],"product_cat":[1070,903,1005,928],"product_tag":[],"class_list":{"0":"post-4323","1":"product","2":"type-product","3":"status-publish","4":"has-post-thumbnail","6":"product_cat-accessoirelifestyle","7":"product_cat-baobab","8":"product_cat-baobab-bougies","9":"product_cat-les-prestigieuses-bougie","11":"first","12":"instock","13":"shipping-taxable","14":"purchasable","15":"product-type-simple"},"_links":{"self":[{"href":"https:\/\/tempsetor.be\/galerie\/wp-json\/wp\/v2\/product\/4323","targetHints":{"allow":["GET"]}}],"collection":[{"href":"https:\/\/tempsetor.be\/galerie\/wp-json\/wp\/v2\/product"}],"about":[{"href":"https:\/\/tempsetor.be\/galerie\/wp-json\/wp\/v2\/types\/product"}],"wp:featuredmedia":[{"embeddable":true,"href":"https:\/\/tempsetor.be\/galerie\/wp-json\/wp\/v2\/media\/4326"}],"wp:attachment":[{"href":"https:\/\/tempsetor.be\/galerie\/wp-json\/wp\/v2\/media?parent=4323"}],"wp:term":[{"taxonomy":"product_brand","embeddable":true,"href":"https:\/\/tempsetor.be\/galerie\/wp-json\/wp\/v2\/product_brand?post=4323"},{"taxonomy":"product_cat","embeddable":true,"href":"https:\/\/tempsetor.be\/galerie\/wp-json\/wp\/v2\/product_cat?post=4323"},{"taxonomy":"product_tag","embeddable":true,"href":"https:\/\/tempsetor.be\/galerie\/wp-json\/wp\/v2\/product_tag?post=4323"}],"curies":[{"name":"wp","href":"https:\/\/api.w.org\/{rel}","templated":true}]}}