{"id":4342,"date":"2019-03-05T20:54:00","date_gmt":"2019-03-05T19:54:00","guid":{"rendered":"http:\/\/www.tempsetor.be\/galerie\/?post_type=product&#038;p=4342"},"modified":"2023-03-27T16:35:08","modified_gmt":"2023-03-27T14:35:08","slug":"bougie-baobab-feathers-masaai","status":"publish","type":"product","link":"https:\/\/tempsetor.be\/galerie\/produit\/bougie-baobab-feathers-masaai\/","title":{"rendered":"Bougie Baobab &#8211; FEATHERS &#8211; Masaai"},"content":{"rendered":"<p>A l&#8217;image des toges rouges que portent les guerriers Masai, la bougie Feathers Masaai est faite dincrustations de deux tons de rouge dans un verre opalin de fac&#8217;on a accentuer cet effet de plumes sur le verre.<br \/>\nSon parfum chaud et envo\u00fbtant est compos\u00e9 d\u2019extrait d\u2019ambre et de rhum \u00e0 l\u2019image de cette tribu vivant depuis des si\u00e8cles sous le soleil vibrant de l\u2019Afrique.<\/p>\n","protected":false},"excerpt":{"rendered":"<p><img loading=\"lazy\" decoding=\"async\" class=\"size-full wp-image-4311 alignleft\" src=\"https:\/\/tempsetor.be\/galerie\/wp-content\/uploads\/2019\/03\/baobab.jpg\" alt=\"logo Baobab\" width=\"128\" height=\"142\" srcset=\"https:\/\/tempsetor.be\/galerie\/wp-content\/uploads\/2019\/03\/baobab.jpg 128w, https:\/\/tempsetor.be\/galerie\/wp-content\/uploads\/2019\/03\/baobab-45x50.jpg 45w, https:\/\/tempsetor.be\/galerie\/wp-content\/uploads\/2019\/03\/baobab-68x75.jpg 68w\" sizes=\"auto, (max-width:767px) 128px, 128px\" \/><\/p>\n<p>La collection <strong>Feathers <\/strong>est illustr\u00e9e par une fable onirique racontant l\u2019histoire de trois africains marchant du sud au nord de l\u2019Afrique afin d\u2019apporter la lumi\u00e8re de la conscience \u00e0 ceux qu\u2019ils rencontrent.<\/p>\n<p>Cette collection de bougies parfum\u00e9es se traduira dans un verre opalin incrust\u00e9 de couleurs noires, rouges ou bleues. Les diffuseurs de parfum seront \u00e9galement de trois couleurs et le verre sera recouvert d\u2019une peinture iris\u00e9e rappelant les effets de plumes.<\/p>\n<div class=\"icon_box_jmn\">\n<h4>Tailles disponibles en magasin (en cm)<\/h4>\n<\/div>\n<p><div class=\"column one-third mobile-one\"><div class=\"mcb-column-inner\"><div class=\"icon_box icon_position_top has_border\"><div class=\"icon_wrapper\"><div class=\"icon\"><i class=\"icon-bitbucket\" aria-hidden=\"true\"><\/i><\/div><\/div><div class=\"desc_wrapper\"><h4 class=\"title \">Max 10<\/h4><div class=\"desc\">95\u20ac<\/div><\/div><\/div>\n<\/div><\/div>\n<div class=\"column one-third mobile-one\"><div class=\"mcb-column-inner\"><div class=\"icon_box icon_position_top has_border\"><div class=\"icon_wrapper\"><div class=\"icon\"><i class=\"icon-bitbucket\" aria-hidden=\"true\"><\/i><\/div><\/div><div class=\"desc_wrapper\"><h4 class=\"title \">Max 16<\/h4><div class=\"desc\">125\u20ac<\/div><\/div><\/div>\n<\/div><\/div>\n<div class=\"column one-third mobile-one\"><div class=\"mcb-column-inner\"><div class=\"icon_box icon_position_top has_border\"><div class=\"icon_wrapper\"><div class=\"icon\"><i class=\"icon-bitbucket\" aria-hidden=\"true\"><\/i><\/div><\/div><div class=\"desc_wrapper\"><h4 class=\"title \">Max 24<\/h4><div class=\"desc\">250\u20ac<\/div><\/div><\/div>\n<\/div><\/div>\n<\/p>\n<p>Faites vos demandes particuli\u00e8res ou passez votre commande via ce formulaire :<br \/>\n<p class=\"wpcf7-contact-form-not-found\"><strong>Error:<\/strong> Contact form not found.<\/p><\/p>\n","protected":false},"featured_media":4340,"template":"","meta":{"_monsterinsights_skip_tracking":false,"_monsterinsights_sitenote_active":false,"_monsterinsights_sitenote_note":"","_monsterinsights_sitenote_category":0},"product_brand":[],"product_cat":[903,1005,951],"product_tag":[],"class_list":{"0":"post-4342","1":"product","2":"type-product","3":"status-publish","4":"has-post-thumbnail","6":"product_cat-baobab","7":"product_cat-baobab-bougies","8":"product_cat-baobab-feathers-bougie","10":"first","11":"instock","12":"shipping-taxable","13":"purchasable","14":"product-type-simple"},"_links":{"self":[{"href":"https:\/\/tempsetor.be\/galerie\/wp-json\/wp\/v2\/product\/4342","targetHints":{"allow":["GET"]}}],"collection":[{"href":"https:\/\/tempsetor.be\/galerie\/wp-json\/wp\/v2\/product"}],"about":[{"href":"https:\/\/tempsetor.be\/galerie\/wp-json\/wp\/v2\/types\/product"}],"wp:featuredmedia":[{"embeddable":true,"href":"https:\/\/tempsetor.be\/galerie\/wp-json\/wp\/v2\/media\/4340"}],"wp:attachment":[{"href":"https:\/\/tempsetor.be\/galerie\/wp-json\/wp\/v2\/media?parent=4342"}],"wp:term":[{"taxonomy":"product_brand","embeddable":true,"href":"https:\/\/tempsetor.be\/galerie\/wp-json\/wp\/v2\/product_brand?post=4342"},{"taxonomy":"product_cat","embeddable":true,"href":"https:\/\/tempsetor.be\/galerie\/wp-json\/wp\/v2\/product_cat?post=4342"},{"taxonomy":"product_tag","embeddable":true,"href":"https:\/\/tempsetor.be\/galerie\/wp-json\/wp\/v2\/product_tag?post=4342"}],"curies":[{"name":"wp","href":"https:\/\/api.w.org\/{rel}","templated":true}]}}