{"id":4343,"date":"2019-03-05T20:56:56","date_gmt":"2019-03-05T19:56:56","guid":{"rendered":"http:\/\/www.tempsetor.be\/galerie\/?post_type=product&#038;p=4343"},"modified":"2023-03-27T16:36:46","modified_gmt":"2023-03-27T14:36:46","slug":"bougie-baobab-les-exclusives-aurum","status":"publish","type":"product","link":"https:\/\/tempsetor.be\/galerie\/produit\/bougie-baobab-les-exclusives-aurum\/","title":{"rendered":"Bougie Baobab &#8211; LES EXCLUSIVES &#8211; Aurum"},"content":{"rendered":"<p><strong>Aurum <\/strong>est une association d&#8217;or jaune et d\u2019or rose. Elle peut \u00eatre consid\u00e9r\u00e9e comme un bijou d\u2019int\u00e9rieur. Une fois allum\u00e9e, elle r\u00e9v\u00e8le une fascinante lumi\u00e8re d\u2019une \u00e9l\u00e9gante transparence.<br \/>\nLe parfum floral et poudr\u00e9 d\u2019Aurum est un subtil accord de jasmin sambac et de musc divin. Addictive et fascinante, cette fragrance raffin\u00e9e nous transporte instantan\u00e9ment dans un univers o\u00f9 tout n\u2019est que f\u00e9minit\u00e9 et d\u00e9licatesse.<\/p>\n","protected":false},"excerpt":{"rendered":"<p><img loading=\"lazy\" decoding=\"async\" class=\"size-full wp-image-4311 alignleft\" src=\"https:\/\/tempsetor.be\/galerie\/wp-content\/uploads\/2019\/03\/baobab.jpg\" alt=\"logo Baobab\" width=\"128\" height=\"142\" srcset=\"https:\/\/tempsetor.be\/galerie\/wp-content\/uploads\/2019\/03\/baobab.jpg 128w, https:\/\/tempsetor.be\/galerie\/wp-content\/uploads\/2019\/03\/baobab-45x50.jpg 45w, https:\/\/tempsetor.be\/galerie\/wp-content\/uploads\/2019\/03\/baobab-68x75.jpg 68w\" sizes=\"auto, (max-width:767px) 128px, 128px\" \/><\/p>\n<p>La collection <strong>Les Exclusives<\/strong> est un pr\u00e9cieux duo fait d\u2019or et de platine. V\u00e9ritables bijoux d\u2019int\u00e9rieurs, les bougies de la gamme captent la lumi\u00e8re comme elles la r\u00e9v\u00e8lent.<br \/>\nLeurs parfums \u00e0 la puissance envoutante jouent la carte du masculin pour Platinum et du f\u00e9minin pour l\u2019Aurum.<\/p>\n<div class=\"icon_box_jmn\">\n<div class=\"icon_box_jmn\">\n<div class=\"icon_box_jmn\">\n<h4>Tailles disponibles en magasin (en cm)<\/h4>\n<\/div>\n<div class=\"one_fourth_jmn\"><div class=\"column one-fourth mobile-one\"><div class=\"mcb-column-inner\"><div class=\"icon_box icon_position_top has_border\"><div class=\"icon_wrapper\"><div class=\"icon\"><i class=\"icon-bitbucket\" aria-hidden=\"true\"><\/i><\/div><\/div><div class=\"desc_wrapper\"><h4 class=\"title \">Max 10<\/h4><div class=\"desc\">90\u20ac<\/div><\/div><\/div>\n<\/div><\/div>\n<br \/>\n<div class=\"column one-fourth mobile-one\"><div class=\"mcb-column-inner\"><div class=\"icon_box icon_position_top has_border\"><div class=\"icon_wrapper\"><div class=\"icon\"><i class=\"icon-bitbucket\" aria-hidden=\"true\"><\/i><\/div><\/div><div class=\"desc_wrapper\"><h4 class=\"title \">Max 16<\/h4><div class=\"desc\">125\u20ac<\/div><\/div><\/div>\n<\/div><\/div>\n<br \/>\n<div class=\"column one-fourth mobile-one\"><div class=\"mcb-column-inner\"><div class=\"icon_box icon_position_top has_border\"><div class=\"icon_wrapper\"><div class=\"icon\"><i class=\"icon-bitbucket\" aria-hidden=\"true\"><\/i><\/div><\/div><div class=\"desc_wrapper\"><h4 class=\"title \">Max 24<\/h4><div class=\"desc\">250\u20ac<\/div><\/div><\/div>\n<\/div><\/div>\n<br \/>\n<div class=\"column one-fourth mobile-one\"><div class=\"mcb-column-inner\"><div class=\"icon_box icon_position_top has_border\"><div class=\"icon_wrapper\"><div class=\"icon\"><i class=\"icon-bitbucket\" aria-hidden=\"true\"><\/i><\/div><\/div><div class=\"desc_wrapper\"><h4 class=\"title \">Max 35<\/h4><div class=\"desc\">490\u20ac<\/div><\/div><\/div>\n<\/div><\/div>\n<\/div>\n<p>Faites vos demandes particuli\u00e8res ou passez votre commande via ce formulaire :<br \/>\n<p class=\"wpcf7-contact-form-not-found\"><strong>Error:<\/strong> Contact form not found.<\/p><\/p>\n<\/div>\n<\/div>\n","protected":false},"featured_media":4346,"template":"","meta":{"_monsterinsights_skip_tracking":false,"_monsterinsights_sitenote_active":false,"_monsterinsights_sitenote_note":"","_monsterinsights_sitenote_category":0},"product_brand":[],"product_cat":[1070,903,1005,964],"product_tag":[],"class_list":{"0":"post-4343","1":"product","2":"type-product","3":"status-publish","4":"has-post-thumbnail","6":"product_cat-accessoirelifestyle","7":"product_cat-baobab","8":"product_cat-baobab-bougies","9":"product_cat-les-exclusives-bougie","11":"first","12":"instock","13":"shipping-taxable","14":"purchasable","15":"product-type-simple"},"_links":{"self":[{"href":"https:\/\/tempsetor.be\/galerie\/wp-json\/wp\/v2\/product\/4343","targetHints":{"allow":["GET"]}}],"collection":[{"href":"https:\/\/tempsetor.be\/galerie\/wp-json\/wp\/v2\/product"}],"about":[{"href":"https:\/\/tempsetor.be\/galerie\/wp-json\/wp\/v2\/types\/product"}],"wp:featuredmedia":[{"embeddable":true,"href":"https:\/\/tempsetor.be\/galerie\/wp-json\/wp\/v2\/media\/4346"}],"wp:attachment":[{"href":"https:\/\/tempsetor.be\/galerie\/wp-json\/wp\/v2\/media?parent=4343"}],"wp:term":[{"taxonomy":"product_brand","embeddable":true,"href":"https:\/\/tempsetor.be\/galerie\/wp-json\/wp\/v2\/product_brand?post=4343"},{"taxonomy":"product_cat","embeddable":true,"href":"https:\/\/tempsetor.be\/galerie\/wp-json\/wp\/v2\/product_cat?post=4343"},{"taxonomy":"product_tag","embeddable":true,"href":"https:\/\/tempsetor.be\/galerie\/wp-json\/wp\/v2\/product_tag?post=4343"}],"curies":[{"name":"wp","href":"https:\/\/api.w.org\/{rel}","templated":true}]}}