{"id":4526,"date":"2019-04-13T18:42:53","date_gmt":"2019-04-13T16:42:53","guid":{"rendered":"http:\/\/www.tempsetor.be\/galerie\/?post_type=product&#038;p=4526"},"modified":"2025-02-05T09:17:15","modified_gmt":"2025-02-05T08:17:15","slug":"couteau-suisse-victorinox-hunter-pro-m-alox-0-9415-20","status":"publish","type":"product","link":"https:\/\/tempsetor.be\/galerie\/produit\/couteau-suisse-victorinox-hunter-pro-m-alox-0-9415-20\/","title":{"rendered":"Couteau Suisse Victorinox &#8211; Hunter Pro M Alox (0.9415.20)"},"content":{"rendered":"<h3 class=\"title e-h4\">Principales caract\u00e9ristiques<\/h3>\n<div class=\"product-key-attributes group-richtext\">\n<ul>\n<li>Grande lame blocable, extr\u00eamement r\u00e9sistante<\/li>\n<li>Couteau de poche avec\u00a04\u00a0fonctions, fabriqu\u00e9 en Suisse<\/li>\n<li>Comprend un clip, une attache en paracorde tiss\u00e9e et des c\u00f4tes en Alox durables<\/li>\n<\/ul>\n<\/div>\n","protected":false},"excerpt":{"rendered":"<p><img loading=\"lazy\" decoding=\"async\" class=\"alignleft wp-image-2745 size-full\" src=\"https:\/\/tempsetor.be\/galerie\/wp-content\/uploads\/2015\/04\/victorinox.jpg\" alt=\"Logo Victorinox\" width=\"150\" height=\"75\" srcset=\"https:\/\/tempsetor.be\/galerie\/wp-content\/uploads\/2015\/04\/victorinox.jpg 150w, https:\/\/tempsetor.be\/galerie\/wp-content\/uploads\/2015\/04\/victorinox-50x25.jpg 50w\" sizes=\"auto, (max-width:767px) 150px, 150px\" \/><\/p>\n<h2 class=\"title e-h2\">Grand couteau de poche avec attache en paracorde<\/h2>\n<div class=\"group-richtext\">\n<p>D\u00e9couvrez le <strong>Hunter Pro Alox<\/strong> : l\u2019outil pratique et \u00e9l\u00e9gant indispensable \u00e0 l\u2019homme d\u2019aujourd\u2019hui. Son design embl\u00e9matique et sa forme parfaite associ\u00e9s \u00e0 une lame robuste en font l\u2019outil id\u00e9al pour explorer aussi bien les grands espaces que la jungle urbaine.<\/p>\n<p>Il arbore \u00e9galement les fameuses c\u00f4tes en Alox, reconnues pour leur durabilit\u00e9. C\u00f4t\u00e9 look, il n\u2019est pas en reste ; des finitions scintillantes subtiles mettent en valeur les \u00e9l\u00e9ments cl\u00e9s de ce couteau, tout en \u00e9l\u00e9gance.<\/p>\n<p>Ajoutez un clip, un point d\u2019attache dans la prolongation du ressort et un cordon en paracorde et vous obtenez l\u2019outil de chasse multi-usages d\u2019une nouvelle g\u00e9n\u00e9ration.<\/p>\n<\/div>\n<p>Faites vos demandes particuli\u00e8res ou passez votre commande via ce formulaire :<br \/>\n<p class=\"wpcf7-contact-form-not-found\"><strong>Error:<\/strong> Contact form not found.<\/p><\/p>\n","protected":false},"featured_media":4528,"template":"","meta":{"_monsterinsights_skip_tracking":false,"_monsterinsights_sitenote_active":false,"_monsterinsights_sitenote_note":"","_monsterinsights_sitenote_category":0},"product_brand":[],"product_cat":[1070,1071],"product_tag":[],"class_list":{"0":"post-4526","1":"product","2":"type-product","3":"status-publish","4":"has-post-thumbnail","6":"product_cat-accessoirelifestyle","7":"product_cat-couteaux-suisses-victorinox","9":"first","10":"instock","11":"shipping-taxable","12":"purchasable","13":"product-type-simple"},"_links":{"self":[{"href":"https:\/\/tempsetor.be\/galerie\/wp-json\/wp\/v2\/product\/4526","targetHints":{"allow":["GET"]}}],"collection":[{"href":"https:\/\/tempsetor.be\/galerie\/wp-json\/wp\/v2\/product"}],"about":[{"href":"https:\/\/tempsetor.be\/galerie\/wp-json\/wp\/v2\/types\/product"}],"wp:featuredmedia":[{"embeddable":true,"href":"https:\/\/tempsetor.be\/galerie\/wp-json\/wp\/v2\/media\/4528"}],"wp:attachment":[{"href":"https:\/\/tempsetor.be\/galerie\/wp-json\/wp\/v2\/media?parent=4526"}],"wp:term":[{"taxonomy":"product_brand","embeddable":true,"href":"https:\/\/tempsetor.be\/galerie\/wp-json\/wp\/v2\/product_brand?post=4526"},{"taxonomy":"product_cat","embeddable":true,"href":"https:\/\/tempsetor.be\/galerie\/wp-json\/wp\/v2\/product_cat?post=4526"},{"taxonomy":"product_tag","embeddable":true,"href":"https:\/\/tempsetor.be\/galerie\/wp-json\/wp\/v2\/product_tag?post=4526"}],"curies":[{"name":"wp","href":"https:\/\/api.w.org\/{rel}","templated":true}]}}