{"id":4531,"date":"2019-04-13T19:07:29","date_gmt":"2019-04-13T17:07:29","guid":{"rendered":"http:\/\/www.tempsetor.be\/galerie\/?post_type=product&#038;p=4531"},"modified":"2025-02-05T09:17:32","modified_gmt":"2025-02-05T08:17:32","slug":"couteau-suisse-victorinox-hunter-pro-0-9411-63","status":"publish","type":"product","link":"https:\/\/tempsetor.be\/galerie\/produit\/couteau-suisse-victorinox-hunter-pro-0-9411-63\/","title":{"rendered":"Couteau Suisse Victorinox &#8211; Hunter Pro (0.9411.63)"},"content":{"rendered":"<h3 class=\"title e-h4\">Principales caract\u00e9ristiques<\/h3>\n<div class=\"product-key-attributes group-richtext\">\n<ul>\n<li>L\u2019outil indispensable pour pr\u00e9parer votre gibier lors de vos parties de chasse<\/li>\n<li>Couteau de poche avec 2\u00a0fonctions et c\u00f4tes ergonomiques, fabriqu\u00e9 en Suisse<\/li>\n<li>Comprend une grande lame blocable tr\u00e8s robuste, ainsi qu\u2019un \u00e9tui-ceinture en imitation cuir<\/li>\n<\/ul>\n<\/div>\n","protected":false},"excerpt":{"rendered":"<p><img loading=\"lazy\" decoding=\"async\" class=\"alignleft wp-image-2745 size-full\" src=\"https:\/\/tempsetor.be\/galerie\/wp-content\/uploads\/2015\/04\/victorinox.jpg\" alt=\"Logo Victorinox\" width=\"150\" height=\"75\" srcset=\"https:\/\/tempsetor.be\/galerie\/wp-content\/uploads\/2015\/04\/victorinox.jpg 150w, https:\/\/tempsetor.be\/galerie\/wp-content\/uploads\/2015\/04\/victorinox-50x25.jpg 50w\" sizes=\"auto, (max-width:767px) 150px, 150px\" \/><\/p>\n<h2 class=\"title e-h2\">Grand couteau de poche avec lame blocable<\/h2>\n<div class=\"group-richtext\">\n<p>Le couteau de poche Hunter Pro a \u00e9t\u00e9 sp\u00e9cialement con\u00e7u pour r\u00e9pondre aux attentes des chasseurs, qui r\u00e9clamaient un couteau sans fioritures et de grande qualit\u00e9.<\/p>\n<p>Sa grande lame est incroyablement r\u00e9sistante, tandis que sa forme ergonomique permet une tr\u00e8s bonne prise en main. Un v\u00e9ritable concentr\u00e9 d\u2019efficacit\u00e9 que vous serez tr\u00e8s fier d\u2019utiliser, avec son \u00e9tui-ceinture en similicuir.<\/p>\n<\/div>\n<p>Faites vos demandes particuli\u00e8res ou passez votre commande via ce formulaire :<br \/>\n<p class=\"wpcf7-contact-form-not-found\"><strong>Error:<\/strong> Contact form not found.<\/p><\/p>\n","protected":false},"featured_media":4533,"template":"","meta":{"_monsterinsights_skip_tracking":false,"_monsterinsights_sitenote_active":false,"_monsterinsights_sitenote_note":"","_monsterinsights_sitenote_category":0},"product_brand":[],"product_cat":[1070,1071],"product_tag":[],"class_list":{"0":"post-4531","1":"product","2":"type-product","3":"status-publish","4":"has-post-thumbnail","6":"product_cat-accessoirelifestyle","7":"product_cat-couteaux-suisses-victorinox","9":"first","10":"instock","11":"shipping-taxable","12":"purchasable","13":"product-type-simple"},"_links":{"self":[{"href":"https:\/\/tempsetor.be\/galerie\/wp-json\/wp\/v2\/product\/4531","targetHints":{"allow":["GET"]}}],"collection":[{"href":"https:\/\/tempsetor.be\/galerie\/wp-json\/wp\/v2\/product"}],"about":[{"href":"https:\/\/tempsetor.be\/galerie\/wp-json\/wp\/v2\/types\/product"}],"wp:featuredmedia":[{"embeddable":true,"href":"https:\/\/tempsetor.be\/galerie\/wp-json\/wp\/v2\/media\/4533"}],"wp:attachment":[{"href":"https:\/\/tempsetor.be\/galerie\/wp-json\/wp\/v2\/media?parent=4531"}],"wp:term":[{"taxonomy":"product_brand","embeddable":true,"href":"https:\/\/tempsetor.be\/galerie\/wp-json\/wp\/v2\/product_brand?post=4531"},{"taxonomy":"product_cat","embeddable":true,"href":"https:\/\/tempsetor.be\/galerie\/wp-json\/wp\/v2\/product_cat?post=4531"},{"taxonomy":"product_tag","embeddable":true,"href":"https:\/\/tempsetor.be\/galerie\/wp-json\/wp\/v2\/product_tag?post=4531"}],"curies":[{"name":"wp","href":"https:\/\/api.w.org\/{rel}","templated":true}]}}