{"id":4553,"date":"2019-04-13T20:23:53","date_gmt":"2019-04-13T18:23:53","guid":{"rendered":"http:\/\/www.tempsetor.be\/galerie\/?post_type=product&#038;p=4553"},"modified":"2019-04-13T20:28:23","modified_gmt":"2019-04-13T18:28:23","slug":"couteau-suisse-victorinox-pioneer-x-0-8231-26","status":"publish","type":"product","link":"https:\/\/tempsetor.be\/galerie\/produit\/couteau-suisse-victorinox-pioneer-x-0-8231-26\/","title":{"rendered":"Couteau Suisse Victorinox &#8211; Pioneer X (0.8231.26)"},"content":{"rendered":"<h3 class=\"title e-h4\">Principales caract\u00e9ristiques<\/h3>\n<div class=\"product-key-attributes group-richtext\">\n<ul>\n<li>L\u2019outil id\u00e9al pour des d\u00e9coupes pr\u00e9cises<\/li>\n<li>Couteau de poche avec 9\u00a0fonctions et c\u00f4tes en Alox de grande qualit\u00e9, fabriqu\u00e9 en Suisse<\/li>\n<li>Comprend des ciseaux et un poin\u00e7on al\u00e9soir<\/li>\n<\/ul>\n<\/div>\n","protected":false},"excerpt":{"rendered":"<p><img loading=\"lazy\" decoding=\"async\" class=\"alignleft wp-image-2745 size-full\" src=\"https:\/\/tempsetor.be\/galerie\/wp-content\/uploads\/2015\/04\/victorinox.jpg\" alt=\"Logo Victorinox\" width=\"150\" height=\"75\" srcset=\"https:\/\/tempsetor.be\/galerie\/wp-content\/uploads\/2015\/04\/victorinox.jpg 150w, https:\/\/tempsetor.be\/galerie\/wp-content\/uploads\/2015\/04\/victorinox-50x25.jpg 50w\" sizes=\"auto, (max-width:767px) 150px, 150px\" \/><\/p>\n<h2 class=\"title e-h2\">Couteau de poche Pioneer en Alox avec des ciseaux<\/h2>\n<div class=\"group-richtext\">\n<p>Le<strong> Pioneer X<\/strong> est le tout premier couteau suisse de la s\u00e9rie Pioneer \u00e0 \u00eatre \u00e9quip\u00e9 d\u2019une paire de ciseaux de pr\u00e9cision. Parfaits pour ouvrir des colis, couper des ficelles, d\u00e9tacher des articles et bien plus encore.<\/p>\n<p>Un outil suppl\u00e9mentaire pour un couteau de poche d\u00e9j\u00e0 tr\u00e8s complet, avec une lame en acier polyvalente, un poin\u00e7on al\u00e9soir aiguis\u00e9 et de nombreuses autres fonctions. Il conserve \u00e9galement le design intemporel, l\u2019exceptionnelle r\u00e9sistance et la prise en main qui ont fait son succ\u00e8s.<\/p>\n<\/div>\n<p>Faites vos demandes particuli\u00e8res ou passez votre commande via ce formulaire :<br \/>\n<p class=\"wpcf7-contact-form-not-found\"><strong>Error:<\/strong> Contact form not found.<\/p><\/p>\n","protected":false},"featured_media":4556,"template":"","meta":{"_monsterinsights_skip_tracking":false,"_monsterinsights_sitenote_active":false,"_monsterinsights_sitenote_note":"","_monsterinsights_sitenote_category":0},"product_brand":[],"product_cat":[1070,1071],"product_tag":[],"class_list":{"0":"post-4553","1":"product","2":"type-product","3":"status-publish","4":"has-post-thumbnail","6":"product_cat-accessoirelifestyle","7":"product_cat-couteaux-suisses-victorinox","9":"first","10":"instock","11":"shipping-taxable","12":"purchasable","13":"product-type-simple"},"_links":{"self":[{"href":"https:\/\/tempsetor.be\/galerie\/wp-json\/wp\/v2\/product\/4553","targetHints":{"allow":["GET"]}}],"collection":[{"href":"https:\/\/tempsetor.be\/galerie\/wp-json\/wp\/v2\/product"}],"about":[{"href":"https:\/\/tempsetor.be\/galerie\/wp-json\/wp\/v2\/types\/product"}],"wp:featuredmedia":[{"embeddable":true,"href":"https:\/\/tempsetor.be\/galerie\/wp-json\/wp\/v2\/media\/4556"}],"wp:attachment":[{"href":"https:\/\/tempsetor.be\/galerie\/wp-json\/wp\/v2\/media?parent=4553"}],"wp:term":[{"taxonomy":"product_brand","embeddable":true,"href":"https:\/\/tempsetor.be\/galerie\/wp-json\/wp\/v2\/product_brand?post=4553"},{"taxonomy":"product_cat","embeddable":true,"href":"https:\/\/tempsetor.be\/galerie\/wp-json\/wp\/v2\/product_cat?post=4553"},{"taxonomy":"product_tag","embeddable":true,"href":"https:\/\/tempsetor.be\/galerie\/wp-json\/wp\/v2\/product_tag?post=4553"}],"curies":[{"name":"wp","href":"https:\/\/api.w.org\/{rel}","templated":true}]}}