{"id":4558,"date":"2019-04-13T20:29:25","date_gmt":"2019-04-13T18:29:25","guid":{"rendered":"http:\/\/www.tempsetor.be\/galerie\/?post_type=product&#038;p=4558"},"modified":"2019-04-13T20:32:46","modified_gmt":"2019-04-13T18:32:46","slug":"couteau-suisse-victorinox-etui-ceinture-cuir-noir","status":"publish","type":"product","link":"https:\/\/tempsetor.be\/galerie\/produit\/couteau-suisse-victorinox-etui-ceinture-cuir-noir\/","title":{"rendered":"Couteau Suisse Victorinox &#8211; \u00c9tui-ceinture cuir noir (4.0520.3)"},"content":{"rendered":"<h3 class=\"title e-h4\">Principales caract\u00e9ristiques<\/h3>\n<div class=\"product-key-attributes group-richtext\">\n<ul>\n<li>Parfait pour ranger et prot\u00e9ger votre couteau de poche<\/li>\n<li>\u00c9tui-ceinture en cuir<\/li>\n<li>Avec un passe-ceinture et une fermeture scratch<\/li>\n<\/ul>\n<\/div>\n","protected":false},"excerpt":{"rendered":"<p><img loading=\"lazy\" decoding=\"async\" class=\"alignleft wp-image-2745 size-full\" src=\"https:\/\/tempsetor.be\/galerie\/wp-content\/uploads\/2015\/04\/victorinox.jpg\" alt=\"Logo Victorinox\" width=\"150\" height=\"75\" srcset=\"https:\/\/tempsetor.be\/galerie\/wp-content\/uploads\/2015\/04\/victorinox.jpg 150w, https:\/\/tempsetor.be\/galerie\/wp-content\/uploads\/2015\/04\/victorinox-50x25.jpg 50w\" sizes=\"auto, (max-width:767px) 150px, 150px\" \/><\/p>\n<h2 class=\"title e-h2\">\u00c9tui en cuir noir avec fermeture Velcro<\/h2>\n<div class=\"group-richtext\">\n<p>L\u2019\u00e9tui-ceinture <strong>Victorinox<\/strong> est le parfait compl\u00e9ment de votre couteau suisse. C\u2019est le moyen le plus pratique de transporter et de prot\u00e9ger votre couteau tout en le gardant \u00e0 port\u00e9e de main. Ainsi, vous serez toujours par\u00e9 pour relever les d\u00e9fis du quotidien. Mettez donc votre ceinture et soyez pr\u00eat \u00e0 jouer les h\u00e9ros.<\/p>\n<\/div>\n<p>Faites vos demandes particuli\u00e8res ou passez votre commande via ce formulaire :<br \/>\n<p class=\"wpcf7-contact-form-not-found\"><strong>Error:<\/strong> Contact form not found.<\/p><\/p>\n","protected":false},"featured_media":4559,"template":"","meta":{"_monsterinsights_skip_tracking":false,"_monsterinsights_sitenote_active":false,"_monsterinsights_sitenote_note":"","_monsterinsights_sitenote_category":0},"product_brand":[],"product_cat":[1070,1071],"product_tag":[],"class_list":{"0":"post-4558","1":"product","2":"type-product","3":"status-publish","4":"has-post-thumbnail","6":"product_cat-accessoirelifestyle","7":"product_cat-couteaux-suisses-victorinox","9":"first","10":"instock","11":"shipping-taxable","12":"purchasable","13":"product-type-simple"},"_links":{"self":[{"href":"https:\/\/tempsetor.be\/galerie\/wp-json\/wp\/v2\/product\/4558","targetHints":{"allow":["GET"]}}],"collection":[{"href":"https:\/\/tempsetor.be\/galerie\/wp-json\/wp\/v2\/product"}],"about":[{"href":"https:\/\/tempsetor.be\/galerie\/wp-json\/wp\/v2\/types\/product"}],"wp:featuredmedia":[{"embeddable":true,"href":"https:\/\/tempsetor.be\/galerie\/wp-json\/wp\/v2\/media\/4559"}],"wp:attachment":[{"href":"https:\/\/tempsetor.be\/galerie\/wp-json\/wp\/v2\/media?parent=4558"}],"wp:term":[{"taxonomy":"product_brand","embeddable":true,"href":"https:\/\/tempsetor.be\/galerie\/wp-json\/wp\/v2\/product_brand?post=4558"},{"taxonomy":"product_cat","embeddable":true,"href":"https:\/\/tempsetor.be\/galerie\/wp-json\/wp\/v2\/product_cat?post=4558"},{"taxonomy":"product_tag","embeddable":true,"href":"https:\/\/tempsetor.be\/galerie\/wp-json\/wp\/v2\/product_tag?post=4558"}],"curies":[{"name":"wp","href":"https:\/\/api.w.org\/{rel}","templated":true}]}}