{"id":5097,"date":"2020-06-24T21:40:25","date_gmt":"2020-06-24T19:40:25","guid":{"rendered":"http:\/\/www.tempsetor.be\/galerie\/?post_type=product&#038;p=5097"},"modified":"2020-06-24T21:48:04","modified_gmt":"2020-06-24T19:48:04","slug":"montre-hommes-briston-clubmaster-classic-acetate-15140-sa-t-9-nnb","status":"publish","type":"product","link":"https:\/\/tempsetor.be\/galerie\/produit\/montre-hommes-briston-clubmaster-classic-acetate-15140-sa-t-9-nnb\/","title":{"rendered":"Montre hommes Briston &#8211; Clubmaster Classic Acetate &#8211; 15140.SA.T.9.NNB"},"content":{"rendered":"<p>Des montres fran\u00e7aises n\u00e9e d\u2019un esprit tr\u00e8s \u00abbritish\u00bb. Des campus d\u2019Oxford, des courses d\u2019avirons aux abords des terrains de polo ou de cricket, on ressent cet esprit &#8220;<em>sport chic so british<\/em>&#8220;. Un style de vie \u00e0 la fois chic, d\u00e9contract\u00e9 et souvent d\u00e9cal\u00e9.<\/p>\n<p>Ce mod\u00e8le Clubmaster Classic s\u2019inspire des courses automobiles des ann\u00e9es 30. Id\u00e9ale pour un look Gentleman Driver avec son cadran bleu soleill\u00e9 et ses 2 compteurs, elle vous accompagnera dans toutes vos escapades en semaine et le week end.<\/p>\n","protected":false},"excerpt":{"rendered":"<p>CHRONOGRAPHE \u00c9CAILLE DE TORTUE, CADRAN BLEU SOLEILL\u00c9 ET BRACELET NATO BLEU MARINE<\/p>\n<p>D\u00e9j\u00e0 garanties 2 ans, le service apr\u00e8s vente de la bijouterie <strong>Temps &amp; OR<\/strong> vous apporte une confiance suppl\u00e9mentaire pour ces produits. Selon vos besoins, ces montres peuvent \u00eatre \u00e9galement r\u00e9serv\u00e9es \u00e0 la bijouterie. La mise \u00e0 mesure offerte ainsi qu&#8217;un emballage cadeau vous y seront propos\u00e9s.<\/p>\n<p>Faites vos demandes particuli\u00e8res ou passez votre commande via ce formulaire :<br \/>\n<p class=\"wpcf7-contact-form-not-found\"><strong>Error:<\/strong> Contact form not found.<\/p><\/p>\n","protected":false},"featured_media":5098,"template":"","meta":{"_monsterinsights_skip_tracking":false,"_monsterinsights_sitenote_active":false,"_monsterinsights_sitenote_note":"","_monsterinsights_sitenote_category":0},"product_brand":[],"product_cat":[65,40,39],"product_tag":[],"class_list":{"0":"post-5097","1":"product","2":"type-product","3":"status-publish","4":"has-post-thumbnail","6":"product_cat-briston-hommes","7":"product_cat-montres-hommes","8":"product_cat-hommes","10":"first","11":"instock","12":"shipping-taxable","13":"purchasable","14":"product-type-simple"},"_links":{"self":[{"href":"https:\/\/tempsetor.be\/galerie\/wp-json\/wp\/v2\/product\/5097","targetHints":{"allow":["GET"]}}],"collection":[{"href":"https:\/\/tempsetor.be\/galerie\/wp-json\/wp\/v2\/product"}],"about":[{"href":"https:\/\/tempsetor.be\/galerie\/wp-json\/wp\/v2\/types\/product"}],"wp:featuredmedia":[{"embeddable":true,"href":"https:\/\/tempsetor.be\/galerie\/wp-json\/wp\/v2\/media\/5098"}],"wp:attachment":[{"href":"https:\/\/tempsetor.be\/galerie\/wp-json\/wp\/v2\/media?parent=5097"}],"wp:term":[{"taxonomy":"product_brand","embeddable":true,"href":"https:\/\/tempsetor.be\/galerie\/wp-json\/wp\/v2\/product_brand?post=5097"},{"taxonomy":"product_cat","embeddable":true,"href":"https:\/\/tempsetor.be\/galerie\/wp-json\/wp\/v2\/product_cat?post=5097"},{"taxonomy":"product_tag","embeddable":true,"href":"https:\/\/tempsetor.be\/galerie\/wp-json\/wp\/v2\/product_tag?post=5097"}],"curies":[{"name":"wp","href":"https:\/\/api.w.org\/{rel}","templated":true}]}}