{"id":5105,"date":"2020-06-28T15:14:44","date_gmt":"2020-06-28T13:14:44","guid":{"rendered":"http:\/\/www.tempsetor.be\/galerie\/?post_type=product&#038;p=5105"},"modified":"2020-06-28T15:22:21","modified_gmt":"2020-06-28T13:22:21","slug":"montre-dames-briston-clubmaster-classic-acetate-gold-19140-pra-t-30-nt","status":"publish","type":"product","link":"https:\/\/tempsetor.be\/galerie\/produit\/montre-dames-briston-clubmaster-classic-acetate-gold-19140-pra-t-30-nt\/","title":{"rendered":"Montre dames Briston &#8211; Clubmaster Classic Ac\u00e9tate Gold &#8211; 19140.PRA.T.30.NT"},"content":{"rendered":"<p>Des montres fran\u00e7aises n\u00e9e d\u2019un esprit tr\u00e8s \u00abbritish\u00bb. Des campus d\u2019Oxford, des courses d\u2019avirons aux abords des terrains de polo ou de cricket, on ressent cet esprit &#8220;<em>sport chic so british<\/em>&#8220;. Un style de vie \u00e0 la fois chic, d\u00e9contract\u00e9 et souvent d\u00e9cal\u00e9.<\/p>\n<p>Briston propose une montre Clubmaster Classic Chronographe en ac\u00e9tate \u00e9caille de tortue, cadran gris taupe soleill\u00e9 et or rose. \u00c9l\u00e9gante et sophistiqu\u00e9e, elle vous accompagnera aussi bien pour vos r\u00e9unions de travail que pour vos soir\u00e9es branch\u00e9es.<\/p>\n","protected":false},"excerpt":{"rendered":"<h3><img loading=\"lazy\" decoding=\"async\" class=\"wp-image-2750 size-full alignleft\" src=\"https:\/\/tempsetor.be\/galerie\/wp-content\/uploads\/2015\/04\/briston-1.jpg\" alt=\"\" width=\"150\" height=\"75\" \/>CHRONOGRAPHE \u00c9CAILLE DE TORTUE, CADRAN GRIS TAUPE SOLEILL\u00c9 ET OR ROSE, BRACELET NATO GRIS TAUPE<\/h3>\n<p>D\u00e9j\u00e0 garanties 2 ans, le service apr\u00e8s vente de la bijouterie <strong>Temps &amp; OR<\/strong> vous apporte une confiance suppl\u00e9mentaire pour ces produits. Selon vos besoins, ces montres peuvent \u00eatre \u00e9galement r\u00e9serv\u00e9es \u00e0 la bijouterie. La mise \u00e0 mesure offerte ainsi qu&#8217;un emballage cadeau vous y seront propos\u00e9s.<\/p>\n<p>Faites vos demandes particuli\u00e8res ou passez votre commande via ce formulaire :<br \/>\n<p class=\"wpcf7-contact-form-not-found\"><strong>Error:<\/strong> Contact form not found.<\/p><\/p>\n","protected":false},"featured_media":5106,"template":"","meta":{"_monsterinsights_skip_tracking":false,"_monsterinsights_sitenote_active":false,"_monsterinsights_sitenote_note":"","_monsterinsights_sitenote_category":0},"product_brand":[],"product_cat":[56,28,27],"product_tag":[],"class_list":{"0":"post-5105","1":"product","2":"type-product","3":"status-publish","4":"has-post-thumbnail","6":"product_cat-briston-dames","7":"product_cat-montres-dames","8":"product_cat-dames","10":"first","11":"instock","12":"shipping-taxable","13":"purchasable","14":"product-type-simple"},"_links":{"self":[{"href":"https:\/\/tempsetor.be\/galerie\/wp-json\/wp\/v2\/product\/5105","targetHints":{"allow":["GET"]}}],"collection":[{"href":"https:\/\/tempsetor.be\/galerie\/wp-json\/wp\/v2\/product"}],"about":[{"href":"https:\/\/tempsetor.be\/galerie\/wp-json\/wp\/v2\/types\/product"}],"wp:featuredmedia":[{"embeddable":true,"href":"https:\/\/tempsetor.be\/galerie\/wp-json\/wp\/v2\/media\/5106"}],"wp:attachment":[{"href":"https:\/\/tempsetor.be\/galerie\/wp-json\/wp\/v2\/media?parent=5105"}],"wp:term":[{"taxonomy":"product_brand","embeddable":true,"href":"https:\/\/tempsetor.be\/galerie\/wp-json\/wp\/v2\/product_brand?post=5105"},{"taxonomy":"product_cat","embeddable":true,"href":"https:\/\/tempsetor.be\/galerie\/wp-json\/wp\/v2\/product_cat?post=5105"},{"taxonomy":"product_tag","embeddable":true,"href":"https:\/\/tempsetor.be\/galerie\/wp-json\/wp\/v2\/product_tag?post=5105"}],"curies":[{"name":"wp","href":"https:\/\/api.w.org\/{rel}","templated":true}]}}