{"id":5126,"date":"2020-07-12T11:08:18","date_gmt":"2020-07-12T09:08:18","guid":{"rendered":"http:\/\/www.tempsetor.be\/galerie\/?post_type=product&#038;p=5126"},"modified":"2020-07-12T11:16:57","modified_gmt":"2020-07-12T09:16:57","slug":"montre-hommes-casio-g-shock-gst-b200-1aer","status":"publish","type":"product","link":"https:\/\/tempsetor.be\/galerie\/produit\/montre-hommes-casio-g-shock-gst-b200-1aer\/","title":{"rendered":"Montre hommes &#8211; Casio &#8211; G-SHOCK &#8211; GST-B200-1AER"},"content":{"rendered":"<ul>\n<li><b>R\u00e9sistance aux chocs<\/b><br \/>\nLa structure r\u00e9sistante aux chocs prot\u00e8ge la montre contre les impacts et les vibrations.<\/li>\n<li><b>Fonction d&#8217;heure universelle<\/b><br \/>\nLa fonction d\u2019heure universelle affiche l\u2019heure dans 29 fuseaux horaires et grandes villes du monde.<\/li>\n<li><b>Fonction de chronom\u00e9trage &#8211; 1\/1000\u00a0sec &#8211; 24 heures<\/b><br \/>\nLe temps \u00e9coul\u00e9, les temps interm\u00e9diaires et le temps total sont calcul\u00e9s avec une pr\u00e9cision au 1\/1000e de seconde, sur une dur\u00e9e maximale de 24 heures.<\/li>\n<li><b>Comptes \u00e0 rebours &#8211; 1\/1 sec &#8211; 24 heures<\/b><br \/>\nPour tous ceux qui aiment la pr\u00e9cision : les comptes \u00e0 rebours vous rappellent les \u00e9v\u00e9nements importants ou r\u00e9currents en \u00e9mettant un signal acoustique \u00e0 la date et l&#8217;heure r\u00e9gl\u00e9es. Le temps peut \u00eatre programm\u00e9 en secondes, 24 heures maximum \u00e0 l&#8217;avance.<\/li>\n<li><b>Calendrier automatique<\/b><br \/>\nUne fois programm\u00e9, le calendrier automatique affiche toujours la date correcte.<\/li>\n<\/ul>\n","protected":false},"excerpt":{"rendered":"<p><img loading=\"lazy\" decoding=\"async\" class=\"wp-image-4183 size-full alignleft\" src=\"https:\/\/tempsetor.be\/galerie\/wp-content\/uploads\/2018\/11\/casio-logo.png\" alt=\"casio logo\" width=\"150\" height=\"30\" srcset=\"https:\/\/tempsetor.be\/galerie\/wp-content\/uploads\/2018\/11\/casio-logo.png 150w, https:\/\/tempsetor.be\/galerie\/wp-content\/uploads\/2018\/11\/casio-logo-50x10.png 50w\" sizes=\"auto, (max-width:767px) 150px, 150px\" \/><\/p>\n<p>La montre est \u00e9quip\u00e9e d\u2019une technologie Bluetooth\u00ae \u00e9conome en \u00e9nergie permettant l\u2019\u00e9change de donn\u00e9es d\u2019une simple pression sur un bouton. La fonction Bluetooth\u00ae permet de connecter sans fil la montre \u00e0 un smartphone, donnant ainsi acc\u00e8s \u00e0 une multitude de fonctionnalit\u00e9s tr\u00e8s pratiques.<\/p>\n<p>D\u00e9j\u00e0 garanties 2 ans, le service apr\u00e8s vente de la bijouterie <strong>Temps &amp; OR<\/strong> vous apporte une confiance suppl\u00e9mentaire pour ces produits. Selon vos besoins, ces montres peuvent \u00eatre \u00e9galement r\u00e9serv\u00e9es \u00e0 la bijouterie. La mise \u00e0 mesure offerte ainsi qu&#8217;un emballage cadeau vous y seront propos\u00e9s.<\/p>\n<p>Faites vos demandes particuli\u00e8res ou passez votre commande via ce formulaire :<br \/>\n<p class=\"wpcf7-contact-form-not-found\"><strong>Error:<\/strong> Contact form not found.<\/p><\/p>\n","protected":false},"featured_media":5127,"template":"","meta":{"_monsterinsights_skip_tracking":false,"_monsterinsights_sitenote_active":false,"_monsterinsights_sitenote_note":"","_monsterinsights_sitenote_category":0},"product_brand":[],"product_cat":[828,40,39],"product_tag":[],"class_list":{"0":"post-5126","1":"product","2":"type-product","3":"status-publish","4":"has-post-thumbnail","6":"product_cat-casio-hommes","7":"product_cat-montres-hommes","8":"product_cat-hommes","10":"first","11":"instock","12":"shipping-taxable","13":"purchasable","14":"product-type-simple"},"_links":{"self":[{"href":"https:\/\/tempsetor.be\/galerie\/wp-json\/wp\/v2\/product\/5126","targetHints":{"allow":["GET"]}}],"collection":[{"href":"https:\/\/tempsetor.be\/galerie\/wp-json\/wp\/v2\/product"}],"about":[{"href":"https:\/\/tempsetor.be\/galerie\/wp-json\/wp\/v2\/types\/product"}],"wp:featuredmedia":[{"embeddable":true,"href":"https:\/\/tempsetor.be\/galerie\/wp-json\/wp\/v2\/media\/5127"}],"wp:attachment":[{"href":"https:\/\/tempsetor.be\/galerie\/wp-json\/wp\/v2\/media?parent=5126"}],"wp:term":[{"taxonomy":"product_brand","embeddable":true,"href":"https:\/\/tempsetor.be\/galerie\/wp-json\/wp\/v2\/product_brand?post=5126"},{"taxonomy":"product_cat","embeddable":true,"href":"https:\/\/tempsetor.be\/galerie\/wp-json\/wp\/v2\/product_cat?post=5126"},{"taxonomy":"product_tag","embeddable":true,"href":"https:\/\/tempsetor.be\/galerie\/wp-json\/wp\/v2\/product_tag?post=5126"}],"curies":[{"name":"wp","href":"https:\/\/api.w.org\/{rel}","templated":true}]}}