{"id":5129,"date":"2020-07-12T11:20:49","date_gmt":"2020-07-12T09:20:49","guid":{"rendered":"http:\/\/www.tempsetor.be\/galerie\/?post_type=product&#038;p=5129"},"modified":"2020-07-12T11:30:38","modified_gmt":"2020-07-12T09:30:38","slug":"montre-hommes-casio-g-shock-gm-5600-1er","status":"publish","type":"product","link":"https:\/\/tempsetor.be\/galerie\/produit\/montre-hommes-casio-g-shock-gm-5600-1er\/","title":{"rendered":"Montre hommes &#8211; Casio &#8211; G-SHOCK &#8211; GM-5600-1ER"},"content":{"rendered":"<ul>\n<li><b>R\u00e9sistance aux chocs<\/b><br \/>\nLa structure r\u00e9sistante aux chocs prot\u00e8ge la montre contre les impacts et les vibrations.<\/li>\n<li><b>Indicateur LED (clignotant)<\/b><br \/>\nUne diode \u00e9lectroluminescente clignote d\u00e8s que l&#8217;alarme, le compte \u00e0 rebours ou le signal horaire programm\u00e9s ont \u00e9t\u00e9 atteints.<\/li>\n<li><b>Chronom\u00e8tre 1\/100 s &#8211; 24 heures<\/b><br \/>\nMesure le temps \u00e9coul\u00e9 avec une pr\u00e9cision au 1\/100\u00e8me de seconde sur une dur\u00e9e maximale de 24 heures. Le signal sonore confirme le lancement et l&#8217;arr\u00eat du chronom\u00e8tre.<\/li>\n<li><b>Comptes \u00e0 rebours &#8211; 1\/1 sec &#8211; 24 heures<\/b><br \/>\nPour tous ceux qui aiment la pr\u00e9cision : les comptes \u00e0 rebours vous rappellent les \u00e9v\u00e8nements importants ou r\u00e9currents en \u00e9mettant un signal acoustique \u00e0 la date et l&#8217;heure r\u00e9gl\u00e9es. Le temps peut \u00eatre programm\u00e9 en secondes, 24 heures maximum \u00e0 l&#8217;avance.<\/li>\n<\/ul>\n","protected":false},"excerpt":{"rendered":"<p><img loading=\"lazy\" decoding=\"async\" class=\"wp-image-4183 size-full alignleft\" src=\"https:\/\/tempsetor.be\/galerie\/wp-content\/uploads\/2018\/11\/casio-logo.png\" alt=\"casio logo\" width=\"150\" height=\"30\" srcset=\"https:\/\/tempsetor.be\/galerie\/wp-content\/uploads\/2018\/11\/casio-logo.png 150w, https:\/\/tempsetor.be\/galerie\/wp-content\/uploads\/2018\/11\/casio-logo-50x10.png 50w\" sizes=\"auto, (max-width:767px) 150px, 150px\" \/><\/p>\n<p><b>Format de l&#8217;heure 12\/24 heures. <\/b>Vous pouvez afficher l&#8217;heure au format 12 heures ou 24 heures. <b>Verre min\u00e9ral, l<\/b>e verre min\u00e9ral dur et r\u00e9sistant aux rayures prot\u00e8ge la montre des dommages inesth\u00e9tiques. <b>Bracelet en r\u00e9sine, <\/b>Gr\u00e2ce \u00e0 son extr\u00eame durabilit\u00e9 et sa souplesse, la r\u00e9sine synth\u00e9tique constitue un mat\u00e9riau id\u00e9al pour les bracelets.<\/p>\n<p>D\u00e9j\u00e0 garanties 2 ans, le service apr\u00e8s vente de la bijouterie <strong>Temps &amp; OR<\/strong> vous apporte une confiance suppl\u00e9mentaire pour ces produits. Selon vos besoins, ces montres peuvent \u00eatre \u00e9galement r\u00e9serv\u00e9es \u00e0 la bijouterie. La mise \u00e0 mesure offerte ainsi qu&#8217;un emballage cadeau vous y seront propos\u00e9s.<\/p>\n<p>Faites vos demandes particuli\u00e8res ou passez votre commande via ce formulaire :<br \/>\n<p class=\"wpcf7-contact-form-not-found\"><strong>Error:<\/strong> Contact form not found.<\/p><\/p>\n","protected":false},"featured_media":5130,"template":"","meta":{"_monsterinsights_skip_tracking":false,"_monsterinsights_sitenote_active":false,"_monsterinsights_sitenote_note":"","_monsterinsights_sitenote_category":0},"product_brand":[],"product_cat":[828,40,39],"product_tag":[],"class_list":{"0":"post-5129","1":"product","2":"type-product","3":"status-publish","4":"has-post-thumbnail","6":"product_cat-casio-hommes","7":"product_cat-montres-hommes","8":"product_cat-hommes","10":"first","11":"instock","12":"shipping-taxable","13":"purchasable","14":"product-type-simple"},"_links":{"self":[{"href":"https:\/\/tempsetor.be\/galerie\/wp-json\/wp\/v2\/product\/5129","targetHints":{"allow":["GET"]}}],"collection":[{"href":"https:\/\/tempsetor.be\/galerie\/wp-json\/wp\/v2\/product"}],"about":[{"href":"https:\/\/tempsetor.be\/galerie\/wp-json\/wp\/v2\/types\/product"}],"wp:featuredmedia":[{"embeddable":true,"href":"https:\/\/tempsetor.be\/galerie\/wp-json\/wp\/v2\/media\/5130"}],"wp:attachment":[{"href":"https:\/\/tempsetor.be\/galerie\/wp-json\/wp\/v2\/media?parent=5129"}],"wp:term":[{"taxonomy":"product_brand","embeddable":true,"href":"https:\/\/tempsetor.be\/galerie\/wp-json\/wp\/v2\/product_brand?post=5129"},{"taxonomy":"product_cat","embeddable":true,"href":"https:\/\/tempsetor.be\/galerie\/wp-json\/wp\/v2\/product_cat?post=5129"},{"taxonomy":"product_tag","embeddable":true,"href":"https:\/\/tempsetor.be\/galerie\/wp-json\/wp\/v2\/product_tag?post=5129"}],"curies":[{"name":"wp","href":"https:\/\/api.w.org\/{rel}","templated":true}]}}