{"id":5139,"date":"2020-07-12T12:11:54","date_gmt":"2020-07-12T10:11:54","guid":{"rendered":"http:\/\/www.tempsetor.be\/galerie\/?post_type=product&#038;p=5139"},"modified":"2020-07-12T12:19:48","modified_gmt":"2020-07-12T10:19:48","slug":"montre-hommes-casio-g-shock-gg-1000-1a3er","status":"publish","type":"product","link":"https:\/\/tempsetor.be\/galerie\/produit\/montre-hommes-casio-g-shock-gg-1000-1a3er\/","title":{"rendered":"Montre hommes &#8211; Casio &#8211; G-SHOCK &#8211; GG-1000-1A3ER"},"content":{"rendered":"<ul>\n<li><b>hermom\u00e8tre (-10\u00b0C \/ +60\u00b0C)<\/b><br \/>\nUn capteur mesure la temp\u00e9rature ambiante et l&#8217;affiche en degr\u00e9s Celsius (-10\u00b0C \/+60\u00b0C).<\/li>\n<li><b>Fonction d&#8217;heure universelle<\/b><br \/>\nLa fonction d\u2019heure universelle affiche l\u2019heure dans 29 fuseaux horaires et grandes villes du monde.<\/li>\n<li><b>Chronom\u00e8tre 1\/100 s &#8211; 24 heures<\/b><br \/>\nMesure le temps \u00e9coul\u00e9 avec une pr\u00e9cision au 1\/100e de seconde sur une dur\u00e9e maximale de 24 heures. Le signal sonore confirme le lancement et l&#8217;arr\u00eat du chronom\u00e8tre.<\/li>\n<li><b>Comptes \u00e0 rebours &#8211; 1\/1 min &#8211; 1 heure<\/b><br \/>\nPour tous ceux qui aiment la pr\u00e9cision : les comptes \u00e0 rebours vous rappellent les \u00e9v\u00e9nements importants ou r\u00e9currents en \u00e9mettant un signal acoustique \u00e0 la date et l&#8217;heure programm\u00e9es. Le temps peut \u00eatre programm\u00e9 en minutes, 1 heure maximum \u00e0 l&#8217;avance.<\/li>\n<\/ul>\n","protected":false},"excerpt":{"rendered":"<p><img loading=\"lazy\" decoding=\"async\" class=\"wp-image-4183 size-full alignleft\" src=\"https:\/\/tempsetor.be\/galerie\/wp-content\/uploads\/2018\/11\/casio-logo.png\" alt=\"casio logo\" width=\"150\" height=\"30\" srcset=\"https:\/\/tempsetor.be\/galerie\/wp-content\/uploads\/2018\/11\/casio-logo.png 150w, https:\/\/tempsetor.be\/galerie\/wp-content\/uploads\/2018\/11\/casio-logo-50x10.png 50w\" sizes=\"auto, (max-width:767px) 150px, 150px\" \/><\/p>\n<p><b>Super-Auto LED Light &#8211; <\/b>Si la lumi\u00e8re ambiante d\u00e9cro\u00eet, un mouvement du poignet illumine le cadran d\u2019une lumi\u00e8re puissante et color\u00e9e.\u00a0<b>R\u00e9sistance aux chocs &#8211; <\/b>La structure r\u00e9sistante aux chocs prot\u00e8ge la montre contre les impacts et les vibrations.\u00a0<b>Bo\u00eetier r\u00e9sistant aux salissures &#8211; <\/b>Le bo\u00eetier de cette montre est herm\u00e9tiquement ferm\u00e9 : les impuret\u00e9s et la poussi\u00e8re ne peuvent pas y p\u00e9n\u00e9trer.<\/p>\n<p>D\u00e9j\u00e0 garanties 2 ans, le service apr\u00e8s vente de la bijouterie <strong>Temps &amp; OR<\/strong> vous apporte une confiance suppl\u00e9mentaire pour ces produits. Selon vos besoins, ces montres peuvent \u00eatre \u00e9galement r\u00e9serv\u00e9es \u00e0 la bijouterie. La mise \u00e0 mesure offerte ainsi qu&#8217;un emballage cadeau vous y seront propos\u00e9s.<\/p>\n<p>Faites vos demandes particuli\u00e8res ou passez votre commande via ce formulaire :<br \/>\n<p class=\"wpcf7-contact-form-not-found\"><strong>Error:<\/strong> Contact form not found.<\/p><\/p>\n","protected":false},"featured_media":5140,"template":"","meta":{"_monsterinsights_skip_tracking":false,"_monsterinsights_sitenote_active":false,"_monsterinsights_sitenote_note":"","_monsterinsights_sitenote_category":0},"product_brand":[],"product_cat":[828,40,39],"product_tag":[],"class_list":{"0":"post-5139","1":"product","2":"type-product","3":"status-publish","4":"has-post-thumbnail","6":"product_cat-casio-hommes","7":"product_cat-montres-hommes","8":"product_cat-hommes","10":"first","11":"instock","12":"shipping-taxable","13":"purchasable","14":"product-type-simple"},"_links":{"self":[{"href":"https:\/\/tempsetor.be\/galerie\/wp-json\/wp\/v2\/product\/5139","targetHints":{"allow":["GET"]}}],"collection":[{"href":"https:\/\/tempsetor.be\/galerie\/wp-json\/wp\/v2\/product"}],"about":[{"href":"https:\/\/tempsetor.be\/galerie\/wp-json\/wp\/v2\/types\/product"}],"wp:featuredmedia":[{"embeddable":true,"href":"https:\/\/tempsetor.be\/galerie\/wp-json\/wp\/v2\/media\/5140"}],"wp:attachment":[{"href":"https:\/\/tempsetor.be\/galerie\/wp-json\/wp\/v2\/media?parent=5139"}],"wp:term":[{"taxonomy":"product_brand","embeddable":true,"href":"https:\/\/tempsetor.be\/galerie\/wp-json\/wp\/v2\/product_brand?post=5139"},{"taxonomy":"product_cat","embeddable":true,"href":"https:\/\/tempsetor.be\/galerie\/wp-json\/wp\/v2\/product_cat?post=5139"},{"taxonomy":"product_tag","embeddable":true,"href":"https:\/\/tempsetor.be\/galerie\/wp-json\/wp\/v2\/product_tag?post=5139"}],"curies":[{"name":"wp","href":"https:\/\/api.w.org\/{rel}","templated":true}]}}