{"id":5144,"date":"2020-07-12T15:16:29","date_gmt":"2020-07-12T13:16:29","guid":{"rendered":"http:\/\/www.tempsetor.be\/galerie\/?post_type=product&#038;p=5144"},"modified":"2020-11-04T12:28:23","modified_gmt":"2020-11-04T11:28:23","slug":"pendentif-brusi-0-73ct-brua650d-cc1227co","status":"publish","type":"product","link":"https:\/\/tempsetor.be\/galerie\/produit\/pendentif-brusi-0-73ct-brua650d-cc1227co\/","title":{"rendered":"Pendentif Brusi &#8211; 0.73ct &#8211; BRUA650D CC1227+CO"},"content":{"rendered":"<p>Bijoutiers &#8211; artisans depuis plus de 20 ans, la bijouterie <strong>Temps &amp; OR <\/strong>vous apporte la s\u00e9curit\u00e9 d&#8217;une s\u00e9lection de lignes de bijoux en OR 18 karats soign\u00e9es et cr\u00e9es par des professionnels d&#8217;exp\u00e9rience. Ateliers de bijouterie sur place &#8211; Selon vos besoins, ces bijoux peuvent \u00eatre \u00e9galement r\u00e9serv\u00e9s \u00e0 la bijouterie. La mise \u00e0 mesure offerte ainsi qu&#8217;un emballage cadeau vous y seront propos\u00e9s.<\/p>\n","protected":false},"excerpt":{"rendered":"<div id=\"oorsprong_tekst\">\n<p><img loading=\"lazy\" decoding=\"async\" class=\"size-full wp-image-5146\" src=\"https:\/\/tempsetor.be\/galerie\/wp-content\/uploads\/2020\/07\/brusi.jpg\" alt=\"logo Brusi\" width=\"150\" height=\"31\" srcset=\"https:\/\/tempsetor.be\/galerie\/wp-content\/uploads\/2020\/07\/brusi.jpg 150w, https:\/\/tempsetor.be\/galerie\/wp-content\/uploads\/2020\/07\/brusi-50x10.jpg 50w\" sizes=\"auto, (max-width:767px) 150px, 150px\" \/><\/p>\n<p>Dans la ville de Milan au d\u00e9but des ann\u00e9es 1930. Maintenant, apr\u00e8s trois g\u00e9n\u00e9rations, la passion et l&#8217;engagement sont toujours aussi forts.<br \/>\nTous les bijoux de Brusi sont non seulement faits \u00e0 la main mais \u00e9galement 100% fabriqu\u00e9s en Italie, malgr\u00e9 les tendances r\u00e9centes qui voient de plus en plus d&#8217;entreprises se d\u00e9placer vers l&#8217;Extr\u00eame-Orient afin de r\u00e9duire les co\u00fbts de production.<\/p>\n<p>Bijoutiers &#8211; artisans depuis plus de 20 ans, la bijouterie <strong>Temps &amp; OR\u00a0<\/strong>vous apporte la s\u00e9curit\u00e9 d\u2019une s\u00e9lection de lignes de bijoux en OR 18 karats soign\u00e9es et cr\u00e9es par des professionnels d\u2019exp\u00e9rience. Ateliers de bijouterie sur place.<\/p>\n<p>Faites vos demandes particuli\u00e8res ou passez votre commande via ce formulaire :<br \/>\n<p class=\"wpcf7-contact-form-not-found\"><strong>Error:<\/strong> Contact form not found.<\/p><\/p>\n<\/div>\n","protected":false},"featured_media":5145,"template":"","meta":{"_monsterinsights_skip_tracking":false,"_monsterinsights_sitenote_active":false,"_monsterinsights_sitenote_note":"","_monsterinsights_sitenote_category":0},"product_brand":[],"product_cat":[1459,49,27],"product_tag":[],"class_list":{"0":"post-5144","1":"product","2":"type-product","3":"status-publish","4":"has-post-thumbnail","6":"product_cat-pendentifs-brusi","7":"product_cat-pendentif-dames","8":"product_cat-dames","10":"first","11":"instock","12":"shipping-taxable","13":"purchasable","14":"product-type-simple"},"_links":{"self":[{"href":"https:\/\/tempsetor.be\/galerie\/wp-json\/wp\/v2\/product\/5144","targetHints":{"allow":["GET"]}}],"collection":[{"href":"https:\/\/tempsetor.be\/galerie\/wp-json\/wp\/v2\/product"}],"about":[{"href":"https:\/\/tempsetor.be\/galerie\/wp-json\/wp\/v2\/types\/product"}],"wp:featuredmedia":[{"embeddable":true,"href":"https:\/\/tempsetor.be\/galerie\/wp-json\/wp\/v2\/media\/5145"}],"wp:attachment":[{"href":"https:\/\/tempsetor.be\/galerie\/wp-json\/wp\/v2\/media?parent=5144"}],"wp:term":[{"taxonomy":"product_brand","embeddable":true,"href":"https:\/\/tempsetor.be\/galerie\/wp-json\/wp\/v2\/product_brand?post=5144"},{"taxonomy":"product_cat","embeddable":true,"href":"https:\/\/tempsetor.be\/galerie\/wp-json\/wp\/v2\/product_cat?post=5144"},{"taxonomy":"product_tag","embeddable":true,"href":"https:\/\/tempsetor.be\/galerie\/wp-json\/wp\/v2\/product_tag?post=5144"}],"curies":[{"name":"wp","href":"https:\/\/api.w.org\/{rel}","templated":true}]}}