{"id":5186,"date":"2020-07-19T21:01:38","date_gmt":"2020-07-19T19:01:38","guid":{"rendered":"http:\/\/www.tempsetor.be\/galerie\/?post_type=product&#038;p=5186"},"modified":"2025-11-19T21:22:49","modified_gmt":"2025-11-19T20:22:49","slug":"montre-hommes-vostok-energia-yn84-575o540","status":"publish","type":"product","link":"https:\/\/tempsetor.be\/galerie\/produit\/montre-hommes-vostok-energia-yn84-575o540\/","title":{"rendered":"Montre hommes Vostok Europe &#8211; Energia &#8211; YN84-575O540"},"content":{"rendered":"<h3>Energia<\/h3>\n<h4>Le lanceur spatial le plus puissant de l&#8217;histoire<\/h4>\n<p>Le lanceur spatial le plus puissant de l&#8217;histoire et le syst\u00e8me universel de fus\u00e9es spatiales \u00abEnergia\u00bb a \u00e9t\u00e9 cr\u00e9\u00e9 entre 1976 et 1987. Avec une capacit\u00e9 de charge utile de pr\u00e8s de 100 tonnes, \u00abEnergia\u00bb a favoris\u00e9 le d\u00e9veloppement de la recherche spatiale d&#8217;une mani\u00e8re sans pr\u00e9c\u00e9dent.<\/p>\n<p>Le programme spatial sovi\u00e9tique visait en outre le d\u00e9veloppement d&#8217;une gamme compl\u00e8te de porte-fus\u00e9es unifi\u00e9es lourdes et super-lourdes bas\u00e9es sur le mod\u00e8le \u00abEnergia\u00bb. La classe de fus\u00e9e d\u00e9pendait de la configuration sp\u00e9ciale des blocs lat\u00e9raux et de la modification du bloc central, qui aurait permis la livraison en orbite g\u00e9ostationnaire d&#8217;un large \u00e9ventail d&#8217;objets jusqu&#8217;\u00e0 200 tonnes.<\/p>\n","protected":false},"excerpt":{"rendered":"<p><img loading=\"lazy\" decoding=\"async\" class=\"wp-image-4711 size-full alignleft\" src=\"https:\/\/tempsetor.be\/galerie\/wp-content\/uploads\/2019\/06\/vostok-e1561723260858.png\" alt=\"Logo Vostok Europe\" width=\"149\" height=\"94\" \/><\/p>\n<p>Les premi\u00e8res montres <strong>Vostok Europe<\/strong> re\u00e7oivent un mouvement Russe Vostok. Plus tard, la compagnie commence \u00e0 utiliser des mouvements\u00a0 japonais Seiko. Puis le mod\u00e8le Lunokhod-2 est lanc\u00e9 au salon Baselworld de 2012 avec un mouvement fabriqu\u00e9 par la soci\u00e9t\u00e9 Switzerland&#8217;s Soprod, filiale du groupe Festina. Les mod\u00e8les sont limit\u00e9s \u00e0 3000 exemplaires.<\/p>\n<p>Les cadrans fabriqu\u00e9s en Suisse utilisent des tubes de tritium mont\u00e9s verticalement aux index afin d\u2019afficher une super luminosit\u00e9 dans le noir avec des couleurs diff\u00e9rentes sur la m\u00eame montre. Une valve d&#8217;\u00e9quilibrage de pression automatique pour la plong\u00e9e sous-marine permettent de contr\u00f4ler certaines montres jusqu\u2019\u00e0 une \u00e9tanch\u00e9it\u00e9 allant jusque 300m<\/p>\n<p>D\u00e9j\u00e0 garanties 2 ans, le service apr\u00e8s-vente de la bijouterie <strong>Temps &amp; OR<\/strong> vous apporte une confiance suppl\u00e9mentaire pour ces produits. Selon vos besoins, ces montres peuvent \u00eatre \u00e9galement r\u00e9serv\u00e9es \u00e0 la bijouterie. La mise \u00e0 mesure offerte ainsi qu&#8217;un emballage cadeau vous y seront propos\u00e9s.<\/p>\n<p><div class=\"alert alert_error\"><div class=\"alert_icon\"><svg viewBox=\"0 0 28 28\"><defs><style>.path{fill:none;stroke:#000;stroke-miterlimit:10;stroke-width:1.5px;}<\/style><\/defs><g><circle cx=\"14\" cy=\"20\" r=\"0.33\" class=\"path\"\/><line x1=\"14\" y1=\"8.72\" x2=\"14\" y2=\"16.72\" class=\"path\"\/><path d=\"M12.6,3.42,1.54,22.58A1.61,1.61,0,0,0,2.93,25H25.07a1.61,1.61,0,0,0,1.39-2.42L15.4,3.42A1.61,1.61,0,0,0,12.6,3.42Z\" class=\"path\"\/><\/g><\/svg><\/div><div class=\"alert_wrapper\">Le montant affich\u00e9 peut \u00eatre modifi\u00e9 par le fournisseur sans que nous en soyons inform\u00e9s. Une diff\u00e9rence entre le prix affich\u00e9 ici et en magasin reste possible.<\/div><a href=\"#\" class=\"close mfn-close-icon\"><span class=\"icon\">\u2715<\/span><\/a><\/div>\n<div class=\"alert alert_info\"><div class=\"alert_icon\"><svg viewBox=\"0 0 28 28\"><defs><style>.path{fill:none;stroke:#000;stroke-miterlimit:10;stroke-width:1.5px;}<\/style><\/defs><g><circle class=\"path\" cx=\"14\" cy=\"14\" r=\"12\"\/><path class=\"path\" d=\"M11.2,9.12a3.4,3.4,0,0,1,3-1.69,2.84,2.84,0,0,1,3,2.76,3.16,3.16,0,0,1-.84,2.23c-.63.74-1.58,1.18-2.19,1.88a1,1,0,0,0-.26.64v2.32\"\/><circle class=\"path\" cx=\"14\" cy=\"20\" r=\"0.33\"\/><\/g><\/svg><\/div><div class=\"alert_wrapper\">Faites vos demandes particuli\u00e8res ou passez votre commande via ce formulaire <\/div><a href=\"#\" class=\"close mfn-close-icon\"><span class=\"icon\">\u2715<\/span><\/a><\/div>\n <a class=\"button  button_size_3\" href=\"https:\/\/tempsetor.be\/galerie\/ma-commande\/\"     target=\"_blank\"    title=\"\"><span class=\"button_label\">&gt; Formulaire<\/span><\/a>\n<\/p>\n","protected":false},"featured_media":5187,"template":"","meta":{"_monsterinsights_skip_tracking":false,"_monsterinsights_sitenote_active":false,"_monsterinsights_sitenote_note":"","_monsterinsights_sitenote_category":0},"product_brand":[],"product_cat":[40,39,1186],"product_tag":[],"class_list":{"0":"post-5186","1":"product","2":"type-product","3":"status-publish","4":"has-post-thumbnail","6":"product_cat-montres-hommes","7":"product_cat-hommes","8":"product_cat-vostok-europe-hommes","10":"first","11":"instock","12":"shipping-taxable","13":"purchasable","14":"product-type-simple"},"_links":{"self":[{"href":"https:\/\/tempsetor.be\/galerie\/wp-json\/wp\/v2\/product\/5186","targetHints":{"allow":["GET"]}}],"collection":[{"href":"https:\/\/tempsetor.be\/galerie\/wp-json\/wp\/v2\/product"}],"about":[{"href":"https:\/\/tempsetor.be\/galerie\/wp-json\/wp\/v2\/types\/product"}],"wp:featuredmedia":[{"embeddable":true,"href":"https:\/\/tempsetor.be\/galerie\/wp-json\/wp\/v2\/media\/5187"}],"wp:attachment":[{"href":"https:\/\/tempsetor.be\/galerie\/wp-json\/wp\/v2\/media?parent=5186"}],"wp:term":[{"taxonomy":"product_brand","embeddable":true,"href":"https:\/\/tempsetor.be\/galerie\/wp-json\/wp\/v2\/product_brand?post=5186"},{"taxonomy":"product_cat","embeddable":true,"href":"https:\/\/tempsetor.be\/galerie\/wp-json\/wp\/v2\/product_cat?post=5186"},{"taxonomy":"product_tag","embeddable":true,"href":"https:\/\/tempsetor.be\/galerie\/wp-json\/wp\/v2\/product_tag?post=5186"}],"curies":[{"name":"wp","href":"https:\/\/api.w.org\/{rel}","templated":true}]}}