{"id":5206,"date":"2020-08-30T10:40:46","date_gmt":"2020-08-30T08:40:46","guid":{"rendered":"http:\/\/www.tempsetor.be\/galerie\/?post_type=product&#038;p=5206"},"modified":"2024-06-27T11:48:15","modified_gmt":"2024-06-27T09:48:15","slug":"montre-hommes-louis-erard-heritage-69287aa21-baac80","status":"publish","type":"product","link":"https:\/\/tempsetor.be\/galerie\/produit\/montre-hommes-louis-erard-heritage-69287aa21-baac80\/","title":{"rendered":"Montre hommes Louis Erard &#8211; Heritage 69287AA21.BAAC80"},"content":{"rendered":"<p class=\"Textbody\">L\u2019amour du savoir-faire dans la plus pure tradition suisse pourrait bien \u00eatre la devise de Louis Erard. \u00c0 moins que ce ne soit tout simplement l\u2019excellence<\/p>\n","protected":false},"excerpt":{"rendered":"<p><img loading=\"lazy\" decoding=\"async\" class=\"size-full wp-image-3616\" src=\"https:\/\/tempsetor.be\/galerie\/wp-content\/uploads\/2018\/01\/Louis-Erard.jpg\" alt=\"logo Louis Erard\" width=\"150\" height=\"33\" srcset=\"https:\/\/tempsetor.be\/galerie\/wp-content\/uploads\/2018\/01\/Louis-Erard.jpg 150w, https:\/\/tempsetor.be\/galerie\/wp-content\/uploads\/2018\/01\/Louis-Erard-50x11.jpg 50w\" sizes=\"auto, (max-width:767px) 150px, 150px\" \/>Nouvelles boites, nouveaux cuirs, nouveaux cadrans, et m\u00eame nouvelles aiguilles : la collection H\u00e9ritage se r\u00e9invente. Classique avant tout, elle ne revendique pas sa sobri\u00e9t\u00e9 aux d\u00e9pens de l\u2019innovation. Louis Erard a su ici conserver les codes de ces mod\u00e8les si typiques, tout en les exacerbant par les mat\u00e9riaux, les techniques et les finitions contemporaines. Il en r\u00e9sulte des garde-temps tout en sobri\u00e9t\u00e9 dont les aiguilles traversent le pr\u00e9sent sans ambages. L\u2019h\u00e9ritage de l\u2019Horloger permet ici d\u2019apporter le dernier appr\u00eat \u00e0 une horlogerie suisse traditionnelle remarquable de pr\u00e9cision.<\/p>\n<p>D\u00e9j\u00e0 garanties 2 ans, le service apr\u00e8s vente de la bijouterie <strong>Temps &amp; OR<\/strong> vous apporte une confiance suppl\u00e9mentaire pour ces produits. Selon vos besoins, ces montres peuvent \u00eatre \u00e9galement r\u00e9serv\u00e9es \u00e0 la bijouterie. La mise \u00e0 mesure offerte ainsi qu&#8217;un emballage cadeau vous y seront propos\u00e9s.<\/p>\n<p>Faites vos demandes particuli\u00e8res ou passez votre commande via ce formulaire :<br \/>\n<p class=\"wpcf7-contact-form-not-found\"><strong>Error:<\/strong> Contact form not found.<\/p><\/p>\n","protected":false},"featured_media":5207,"template":"","meta":{"_monsterinsights_skip_tracking":false,"_monsterinsights_sitenote_active":false,"_monsterinsights_sitenote_note":"","_monsterinsights_sitenote_category":0},"product_brand":[],"product_cat":[526,40,39],"product_tag":[],"class_list":{"0":"post-5206","1":"product","2":"type-product","3":"status-publish","4":"has-post-thumbnail","6":"product_cat-louis-erard-hommes","7":"product_cat-montres-hommes","8":"product_cat-hommes","10":"first","11":"instock","12":"sale","13":"shipping-taxable","14":"purchasable","15":"product-type-simple"},"_links":{"self":[{"href":"https:\/\/tempsetor.be\/galerie\/wp-json\/wp\/v2\/product\/5206","targetHints":{"allow":["GET"]}}],"collection":[{"href":"https:\/\/tempsetor.be\/galerie\/wp-json\/wp\/v2\/product"}],"about":[{"href":"https:\/\/tempsetor.be\/galerie\/wp-json\/wp\/v2\/types\/product"}],"wp:featuredmedia":[{"embeddable":true,"href":"https:\/\/tempsetor.be\/galerie\/wp-json\/wp\/v2\/media\/5207"}],"wp:attachment":[{"href":"https:\/\/tempsetor.be\/galerie\/wp-json\/wp\/v2\/media?parent=5206"}],"wp:term":[{"taxonomy":"product_brand","embeddable":true,"href":"https:\/\/tempsetor.be\/galerie\/wp-json\/wp\/v2\/product_brand?post=5206"},{"taxonomy":"product_cat","embeddable":true,"href":"https:\/\/tempsetor.be\/galerie\/wp-json\/wp\/v2\/product_cat?post=5206"},{"taxonomy":"product_tag","embeddable":true,"href":"https:\/\/tempsetor.be\/galerie\/wp-json\/wp\/v2\/product_tag?post=5206"}],"curies":[{"name":"wp","href":"https:\/\/api.w.org\/{rel}","templated":true}]}}