{"id":5357,"date":"2020-10-17T11:56:34","date_gmt":"2020-10-17T09:56:34","guid":{"rendered":"http:\/\/www.tempsetor.be\/galerie\/?post_type=product&#038;p=5357"},"modified":"2021-09-25T21:30:47","modified_gmt":"2021-09-25T19:30:47","slug":"montre-homme-lip-himalaya-671543","status":"publish","type":"product","link":"https:\/\/tempsetor.be\/galerie\/produit\/montre-homme-lip-himalaya-671543\/","title":{"rendered":"Montre homme LIP &#8211; HIMALAYA &#8211; 671543"},"content":{"rendered":"<p><strong>Une histoire fran\u00e7aise<\/strong><br \/>\nLa montre \u00ab Himalaya \u00bb est un mod\u00e8le phare de la collection Lip d&#8217;hier et d&#8217;aujourd&#8217;hui. Produite de 1954 \u00e0 1973, divers mod\u00e8les portant ce nom ont \u00e9t\u00e9 mis sur le march\u00e9. Cette montre aura pour particularit\u00e9 d&#8217;accompagner les d\u00e9fis sportifs de l&#8217;\u00e9poque et notamment ceux des alpinistes explorateurs tels que Maurice Herzog.<br \/>\nUne montre Himalaya fut d&#8217;ailleurs offerte \u00e0 l&#8217;\u00e9poque au meilleur sportif de la journ\u00e9e lors du Tour de France et toute la promotion du mod\u00e8le reposait sur sa grande fiabilit\u00e9 et sa robustesse \u00e0 toute \u00e9preuve.<\/p>\n","protected":false},"excerpt":{"rendered":"<p><img loading=\"lazy\" decoding=\"async\" class=\"alignleft size-full wp-image-3110\" src=\"https:\/\/tempsetor.be\/galerie\/wp-content\/uploads\/2017\/12\/LIP.jpg\" alt=\"logo Lip\" width=\"150\" height=\"217\" srcset=\"https:\/\/tempsetor.be\/galerie\/wp-content\/uploads\/2017\/12\/LIP.jpg 150w, https:\/\/tempsetor.be\/galerie\/wp-content\/uploads\/2017\/12\/LIP-101x146.jpg 101w, https:\/\/tempsetor.be\/galerie\/wp-content\/uploads\/2017\/12\/LIP-35x50.jpg 35w, https:\/\/tempsetor.be\/galerie\/wp-content\/uploads\/2017\/12\/LIP-52x75.jpg 52w\" sizes=\"auto, (max-width:767px) 150px, 150px\" \/><\/p>\n<p><strong>Fabriqu\u00e9e en France -Besan\u00e7on<\/strong><br \/>\nCette montre s&#8217;accorde parfaitement \u00e0 votre style chic et d\u00e9contract\u00e9. Robuste et fiable, elle se\u00a0 porte de jour comme de nuit. C&#8217;est un accessoire indispensable du quotidien.<\/p>\n<p>D\u00e9j\u00e0 garanties 2 ans, le service apr\u00e8s vente de la bijouterie <strong>Temps &amp; OR<\/strong> vous apporte une confiance suppl\u00e9mentaire pour ces produits. Selon vos besoins, ces montres peuvent \u00eatre \u00e9galement r\u00e9serv\u00e9es \u00e0 la bijouterie. La mise \u00e0 mesure offerte ainsi qu&#8217;un emballage cadeau vous y seront propos\u00e9s.<\/p>\n<p>Faites vos demandes particuli\u00e8res ou passez votre commande via ce formulaire :<br \/>\n<p class=\"wpcf7-contact-form-not-found\"><strong>Error:<\/strong> Contact form not found.<\/p><\/p>\n","protected":false},"featured_media":5358,"template":"","meta":{"_monsterinsights_skip_tracking":false,"_monsterinsights_sitenote_active":false,"_monsterinsights_sitenote_note":"","_monsterinsights_sitenote_category":0},"product_brand":[],"product_cat":[319,40,39],"product_tag":[],"class_list":{"0":"post-5357","1":"product","2":"type-product","3":"status-publish","4":"has-post-thumbnail","6":"product_cat-lip-hommes","7":"product_cat-montres-hommes","8":"product_cat-hommes","10":"first","11":"instock","12":"shipping-taxable","13":"purchasable","14":"product-type-simple"},"_links":{"self":[{"href":"https:\/\/tempsetor.be\/galerie\/wp-json\/wp\/v2\/product\/5357","targetHints":{"allow":["GET"]}}],"collection":[{"href":"https:\/\/tempsetor.be\/galerie\/wp-json\/wp\/v2\/product"}],"about":[{"href":"https:\/\/tempsetor.be\/galerie\/wp-json\/wp\/v2\/types\/product"}],"wp:featuredmedia":[{"embeddable":true,"href":"https:\/\/tempsetor.be\/galerie\/wp-json\/wp\/v2\/media\/5358"}],"wp:attachment":[{"href":"https:\/\/tempsetor.be\/galerie\/wp-json\/wp\/v2\/media?parent=5357"}],"wp:term":[{"taxonomy":"product_brand","embeddable":true,"href":"https:\/\/tempsetor.be\/galerie\/wp-json\/wp\/v2\/product_brand?post=5357"},{"taxonomy":"product_cat","embeddable":true,"href":"https:\/\/tempsetor.be\/galerie\/wp-json\/wp\/v2\/product_cat?post=5357"},{"taxonomy":"product_tag","embeddable":true,"href":"https:\/\/tempsetor.be\/galerie\/wp-json\/wp\/v2\/product_tag?post=5357"}],"curies":[{"name":"wp","href":"https:\/\/api.w.org\/{rel}","templated":true}]}}