{"id":5362,"date":"2020-10-21T16:45:40","date_gmt":"2020-10-21T14:45:40","guid":{"rendered":"http:\/\/www.tempsetor.be\/galerie\/?post_type=product&#038;p=5362"},"modified":"2020-10-21T16:49:38","modified_gmt":"2020-10-21T14:49:38","slug":"montre-hommes-briston-streamliner-skeleton-acetate-201042-sa-br-1-c","status":"publish","type":"product","link":"https:\/\/tempsetor.be\/galerie\/produit\/montre-hommes-briston-streamliner-skeleton-acetate-201042-sa-br-1-c\/","title":{"rendered":"Montre hommes Briston &#8211; STREAMLINER SKELETON ac\u00e9tate &#8211; 201042.SA.BR.1.C"},"content":{"rendered":"<p>Disponible avec un bo\u00eetier 42 x 42 mm en ac\u00e9tate fum\u00e9 marron, cette montre est propos\u00e9e avec un cadran noir 3 couches ouvert sur un mouvement automatique squelette.<\/p>\n","protected":false},"excerpt":{"rendered":"<p><img loading=\"lazy\" decoding=\"async\" class=\"wp-image-2750 size-full alignleft\" src=\"https:\/\/tempsetor.be\/galerie\/wp-content\/uploads\/2015\/04\/briston-1-e1603289989498.jpg\" alt=\"logo Briston\" width=\"150\" height=\"36\" srcset=\"https:\/\/tempsetor.be\/galerie\/wp-content\/uploads\/2015\/04\/briston-1-e1603289989498.jpg 150w, https:\/\/tempsetor.be\/galerie\/wp-content\/uploads\/2015\/04\/briston-1-e1603289989498-50x12.jpg 50w\" sizes=\"auto, (max-width:767px) 150px, 150px\" \/><\/p>\n<p>Briston lance une nouvelle collection la Streamliner inspir\u00e9e du mouvement Streamline des ann\u00e9es 30. La montre Streamliner Skeleton emprunte ses lignes pures avec un bo\u00eetier de forme tonneau-cambr\u00e9.<\/p>\n<p>Des montres fran\u00e7aises n\u00e9e d\u2019un esprit tr\u00e8s \u00abbritish\u00bb. Des campus d\u2019Oxford, des courses d\u2019avirons aux abords des terrains de polo ou de cricket, on ressent cet esprit &#8220;<em>sport chic so british<\/em>&#8220;. Un style de vie \u00e0 la fois chic, d\u00e9contract\u00e9 et souvent d\u00e9cal\u00e9.<\/p>\n<p>D\u00e9j\u00e0 garanties 2 ans, le service apr\u00e8s vente de la bijouterie <strong>Temps &amp; OR<\/strong> vous apporte une confiance suppl\u00e9mentaire pour ces produits. Selon vos besoins, ces montres peuvent \u00eatre \u00e9galement r\u00e9serv\u00e9es \u00e0 la bijouterie. La mise \u00e0 mesure offerte ainsi qu&#8217;un emballage cadeau vous y seront propos\u00e9s.<\/p>\n<p>Faites vos demandes particuli\u00e8res ou passez votre commande via ce formulaire :<br \/>\n<p class=\"wpcf7-contact-form-not-found\"><strong>Error:<\/strong> Contact form not found.<\/p><\/p>\n","protected":false},"featured_media":5364,"template":"","meta":{"_monsterinsights_skip_tracking":false,"_monsterinsights_sitenote_active":false,"_monsterinsights_sitenote_note":"","_monsterinsights_sitenote_category":0},"product_brand":[],"product_cat":[65,40,39],"product_tag":[],"class_list":{"0":"post-5362","1":"product","2":"type-product","3":"status-publish","4":"has-post-thumbnail","6":"product_cat-briston-hommes","7":"product_cat-montres-hommes","8":"product_cat-hommes","10":"first","11":"instock","12":"shipping-taxable","13":"purchasable","14":"product-type-simple"},"_links":{"self":[{"href":"https:\/\/tempsetor.be\/galerie\/wp-json\/wp\/v2\/product\/5362","targetHints":{"allow":["GET"]}}],"collection":[{"href":"https:\/\/tempsetor.be\/galerie\/wp-json\/wp\/v2\/product"}],"about":[{"href":"https:\/\/tempsetor.be\/galerie\/wp-json\/wp\/v2\/types\/product"}],"wp:featuredmedia":[{"embeddable":true,"href":"https:\/\/tempsetor.be\/galerie\/wp-json\/wp\/v2\/media\/5364"}],"wp:attachment":[{"href":"https:\/\/tempsetor.be\/galerie\/wp-json\/wp\/v2\/media?parent=5362"}],"wp:term":[{"taxonomy":"product_brand","embeddable":true,"href":"https:\/\/tempsetor.be\/galerie\/wp-json\/wp\/v2\/product_brand?post=5362"},{"taxonomy":"product_cat","embeddable":true,"href":"https:\/\/tempsetor.be\/galerie\/wp-json\/wp\/v2\/product_cat?post=5362"},{"taxonomy":"product_tag","embeddable":true,"href":"https:\/\/tempsetor.be\/galerie\/wp-json\/wp\/v2\/product_tag?post=5362"}],"curies":[{"name":"wp","href":"https:\/\/api.w.org\/{rel}","templated":true}]}}