{"id":5386,"date":"2020-10-25T12:08:15","date_gmt":"2020-10-25T11:08:15","guid":{"rendered":"http:\/\/www.tempsetor.be\/galerie\/?post_type=product&#038;p=5386"},"modified":"2020-10-25T12:14:07","modified_gmt":"2020-10-25T11:14:07","slug":"montre-hommes-bulova-oceanographer-96b322","status":"publish","type":"product","link":"https:\/\/tempsetor.be\/galerie\/produit\/montre-hommes-bulova-oceanographer-96b322\/","title":{"rendered":"Montre hommes Bulova &#8211; Oceanographer &#8211; 96B322"},"content":{"rendered":"<p>Cette montre de plong\u00e9e Oceanographer \u00e9dition sp\u00e9ciale est parfaite pour les aventuriers, aliment\u00e9e par un mouvement m\u00e9canique \u00e0 remontage automatique avec une r\u00e9serve de marche de 42 heures, vous serez toujours \u00e0 l&#8217;heure.<\/p>\n<p>Le bracelet en acier inoxydable compl\u00e8te le look et se fixe confortablement \u00e0 votre poignet avec une fermeture \u00e0 boucle rabattable.<\/p>\n","protected":false},"excerpt":{"rendered":"<p><img loading=\"lazy\" decoding=\"async\" class=\"wp-image-4746 size-full alignleft\" src=\"https:\/\/tempsetor.be\/galerie\/wp-content\/uploads\/2019\/07\/Bulova-150px.png\" alt=\"Bulova logo\" width=\"150\" height=\"28\" srcset=\"https:\/\/tempsetor.be\/galerie\/wp-content\/uploads\/2019\/07\/Bulova-150px.png 150w, https:\/\/tempsetor.be\/galerie\/wp-content\/uploads\/2019\/07\/Bulova-150px-50x9.png 50w\" sizes=\"auto, (max-width:767px) 150px, 150px\" \/><\/p>\n<p>Joseph Bulova a pr\u00e9sent\u00e9 une innovation apr\u00e8s l\u2019autre afin de cr\u00e9er des garde-temps de qualit\u00e9 supr\u00eame pour un paysage en constante \u00e9volution et dynamique. Avec un souci constant de perfection, d\u2019efficacit\u00e9 et de pr\u00e9cision, la qualit\u00e9 du savoir-faire est devenue la base sur laquelle Joseph <strong>Bulova<\/strong> a b\u00e2ti sa marque.<\/p>\n<p>De la Premi\u00e8re montre \u00e9lectronique appel\u00e9e ACUTRON : Un des premiers syst\u00e8mes de montre \u00e0 pile dont le r\u00e9gulateur \u00e9tait un diapason vibrant en permanence afin de Pousser une denture m\u00e9canique microscopique. Vite abandonn\u00e9e car trop fragile, cette prouesse technique est repr\u00e9sent\u00e9e \u00e0 jamais de par le logo de la marque qui repr\u00e9sente un diapason stylis\u00e9. Leur derni\u00e8re cr\u00e9ation est un mouvement quartz incurv\u00e9 qui \u00e9quipe leurs montres CURVE. Actuellement cette marque mythique New Yorkaise s\u2019 est associ\u00e9e avec un des leaders mondiaux qu\u2019 est Citizen.<\/p>\n<p>D\u00e9j\u00e0 garanties 2 ans, le service apr\u00e8s vente de la bijouterie <strong>Temps &amp; OR<\/strong> vous apporte une confiance suppl\u00e9mentaire pour ces produits. Selon vos besoins, ces montres peuvent \u00eatre \u00e9galement r\u00e9serv\u00e9es \u00e0 la bijouterie. La mise \u00e0 mesure offerte ainsi qu&#8217;un emballage cadeau vous y seront propos\u00e9s.<\/p>\n<p>Faites vos demandes particuli\u00e8res ou passez votre commande via ce formulaire :<br \/>\n<p class=\"wpcf7-contact-form-not-found\"><strong>Error:<\/strong> Contact form not found.<\/p><\/p>\n","protected":false},"featured_media":5387,"template":"","meta":{"_monsterinsights_skip_tracking":false,"_monsterinsights_sitenote_active":false,"_monsterinsights_sitenote_note":"","_monsterinsights_sitenote_category":0},"product_brand":[],"product_cat":[1216,40,39],"product_tag":[],"class_list":{"0":"post-5386","1":"product","2":"type-product","3":"status-publish","4":"has-post-thumbnail","6":"product_cat-bulova-hommes","7":"product_cat-montres-hommes","8":"product_cat-hommes","10":"first","11":"instock","12":"shipping-taxable","13":"purchasable","14":"product-type-simple"},"_links":{"self":[{"href":"https:\/\/tempsetor.be\/galerie\/wp-json\/wp\/v2\/product\/5386","targetHints":{"allow":["GET"]}}],"collection":[{"href":"https:\/\/tempsetor.be\/galerie\/wp-json\/wp\/v2\/product"}],"about":[{"href":"https:\/\/tempsetor.be\/galerie\/wp-json\/wp\/v2\/types\/product"}],"wp:featuredmedia":[{"embeddable":true,"href":"https:\/\/tempsetor.be\/galerie\/wp-json\/wp\/v2\/media\/5387"}],"wp:attachment":[{"href":"https:\/\/tempsetor.be\/galerie\/wp-json\/wp\/v2\/media?parent=5386"}],"wp:term":[{"taxonomy":"product_brand","embeddable":true,"href":"https:\/\/tempsetor.be\/galerie\/wp-json\/wp\/v2\/product_brand?post=5386"},{"taxonomy":"product_cat","embeddable":true,"href":"https:\/\/tempsetor.be\/galerie\/wp-json\/wp\/v2\/product_cat?post=5386"},{"taxonomy":"product_tag","embeddable":true,"href":"https:\/\/tempsetor.be\/galerie\/wp-json\/wp\/v2\/product_tag?post=5386"}],"curies":[{"name":"wp","href":"https:\/\/api.w.org\/{rel}","templated":true}]}}