{"id":5473,"date":"2020-12-03T16:34:52","date_gmt":"2020-12-03T15:34:52","guid":{"rendered":"http:\/\/www.tempsetor.be\/galerie\/?post_type=product&#038;p=5473"},"modified":"2023-03-27T16:30:46","modified_gmt":"2023-03-27T14:30:46","slug":"bougie-baobab-all-seasons-white-rhino","status":"publish","type":"product","link":"https:\/\/tempsetor.be\/galerie\/produit\/bougie-baobab-all-seasons-white-rhino\/","title":{"rendered":"Bougie Baobab &#8211; ALL SEASONS &#8211; WHITE RHINO"},"content":{"rendered":"<p>La cire de la bougie parfum\u00e9e White Rhino rappelle dans sa couleur l\u2019animal mythique dont elle porte le nom. Son verre est \u00e9galement iris\u00e9 d\u2019un gris subtil renfor\u00e7ant l\u2019aspect d\u00e9coratif de cet objet unique. Compos\u00e9 d\u2019un subtil m\u00e9lange de santal, de v\u00e9tiver et d\u2019\u00e9pices, la fragrance envo\u00fbtante de White Rhino \u00e9voque une terre aussi chaude que myst\u00e9rieuse. Ce parfum masculin et rare rappelle \u00e0 chaque instant la puissance de l\u2019animal qui l\u2019inspire.<\/p>\n","protected":false},"excerpt":{"rendered":"<p><img loading=\"lazy\" decoding=\"async\" class=\"size-full wp-image-4311 alignleft\" src=\"https:\/\/tempsetor.be\/galerie\/wp-content\/uploads\/2019\/03\/baobab.jpg\" alt=\"logo Baobab\" width=\"128\" height=\"142\" srcset=\"https:\/\/tempsetor.be\/galerie\/wp-content\/uploads\/2019\/03\/baobab.jpg 128w, https:\/\/tempsetor.be\/galerie\/wp-content\/uploads\/2019\/03\/baobab-45x50.jpg 45w, https:\/\/tempsetor.be\/galerie\/wp-content\/uploads\/2019\/03\/baobab-68x75.jpg 68w\" sizes=\"auto, (max-width:767px) 128px, 128px\" \/>Laissez toujours br\u00fbler la bougie jusqu&#8217;\u00e0 ce que sa surface soit totalement liquide. Cette \u00e9tape peut \u00eatre longue, surtout lors du tout premier br\u00fblage. Une fois que la cire est totalement liquide, vous pouvez laisser br\u00fbler la bougie une heure maximum.\u00a0La couche de cire liquide ne doit jamais d\u00e9passer un centim\u00e8tre de haut. Il ne faut jamais d\u00e9passer le temps maximal de br\u00fblage indiqu\u00e9 sur la pastille d\u2019instruction, ni la laisser br\u00fbler jusqu\u2019au bout.\u00a0Gardez syst\u00e9matiquement un centim\u00e8tre de cire au fond.<\/p>\n<p>Pour plus de d\u00e9tails sur les consignes de s\u00e9curit\u00e9 rendez-vous sur la page L&#8217;art du br\u00fblage.<\/p>\n<div class=\"icon_box_jmn\">\n<h4>Tailles disponibles en magasin (en cm)<\/h4>\n<\/div>\n<p><div class=\"column one-third mobile-one\"><div class=\"mcb-column-inner\"><div class=\"icon_box icon_position_top has_border\"><div class=\"icon_wrapper\"><div class=\"icon\"><i class=\"icon-bitbucket\" aria-hidden=\"true\"><\/i><\/div><\/div><div class=\"desc_wrapper\"><h4 class=\"title \">Max 10<\/h4><div class=\"desc\">70\u20ac<\/div><\/div><\/div>\n<\/div><\/div>\n<div class=\"column one-third mobile-one\"><div class=\"mcb-column-inner\"><div class=\"icon_box icon_position_top has_border\"><div class=\"icon_wrapper\"><div class=\"icon\"><i class=\"icon-bitbucket\" aria-hidden=\"true\"><\/i><\/div><\/div><div class=\"desc_wrapper\"><h4 class=\"title \">Max 16<\/h4><div class=\"desc\">100\u20ac<\/div><\/div><\/div>\n<\/div><\/div>\n<div class=\"column one-third mobile-one\"><div class=\"mcb-column-inner\"><div class=\"icon_box icon_position_top has_border\"><div class=\"icon_wrapper\"><div class=\"icon\"><i class=\"icon-bitbucket\" aria-hidden=\"true\"><\/i><\/div><\/div><div class=\"desc_wrapper\"><h4 class=\"title \">Max 36<\/h4><div class=\"desc\">205\u20ac<\/div><\/div><\/div>\n<\/div><\/div>\n<\/p>\n<p>Faites vos demandes particuli\u00e8res ou passez votre commande via ce formulaire :<br \/>\n<p class=\"wpcf7-contact-form-not-found\"><strong>Error:<\/strong> Contact form not found.<\/p><\/p>\n","protected":false},"featured_media":4422,"template":"","meta":{"_monsterinsights_skip_tracking":false,"_monsterinsights_sitenote_active":false,"_monsterinsights_sitenote_note":"","_monsterinsights_sitenote_category":0},"product_brand":[],"product_cat":[1070,1010,903,1005],"product_tag":[],"class_list":{"0":"post-5473","1":"product","2":"type-product","3":"status-publish","4":"has-post-thumbnail","6":"product_cat-accessoirelifestyle","7":"product_cat-bougie-all-seasons-bougie","8":"product_cat-baobab","9":"product_cat-baobab-bougies","11":"first","12":"instock","13":"shipping-taxable","14":"purchasable","15":"product-type-simple"},"_links":{"self":[{"href":"https:\/\/tempsetor.be\/galerie\/wp-json\/wp\/v2\/product\/5473","targetHints":{"allow":["GET"]}}],"collection":[{"href":"https:\/\/tempsetor.be\/galerie\/wp-json\/wp\/v2\/product"}],"about":[{"href":"https:\/\/tempsetor.be\/galerie\/wp-json\/wp\/v2\/types\/product"}],"wp:featuredmedia":[{"embeddable":true,"href":"https:\/\/tempsetor.be\/galerie\/wp-json\/wp\/v2\/media\/4422"}],"wp:attachment":[{"href":"https:\/\/tempsetor.be\/galerie\/wp-json\/wp\/v2\/media?parent=5473"}],"wp:term":[{"taxonomy":"product_brand","embeddable":true,"href":"https:\/\/tempsetor.be\/galerie\/wp-json\/wp\/v2\/product_brand?post=5473"},{"taxonomy":"product_cat","embeddable":true,"href":"https:\/\/tempsetor.be\/galerie\/wp-json\/wp\/v2\/product_cat?post=5473"},{"taxonomy":"product_tag","embeddable":true,"href":"https:\/\/tempsetor.be\/galerie\/wp-json\/wp\/v2\/product_tag?post=5473"}],"curies":[{"name":"wp","href":"https:\/\/api.w.org\/{rel}","templated":true}]}}