{"id":5488,"date":"2020-12-05T11:55:50","date_gmt":"2020-12-05T10:55:50","guid":{"rendered":"http:\/\/www.tempsetor.be\/galerie\/?post_type=product&#038;p=5488"},"modified":"2023-02-10T14:38:57","modified_gmt":"2023-02-10T13:38:57","slug":"montre-hommes-hamilton-american-classic-spirit-of-liberty-auto-chrono-h32416581","status":"publish","type":"product","link":"https:\/\/tempsetor.be\/galerie\/produit\/montre-hommes-hamilton-american-classic-spirit-of-liberty-auto-chrono-h32416581\/","title":{"rendered":"Montre hommes Hamilton &#8211; American Classic Spirit of Liberty Auto Chrono &#8211; H32416581"},"content":{"rendered":"<h4>H-21<\/h4>\n<p>Puissant mouvement de chronographe automatique dot\u00e9 d\u2019une r\u00e9serve de marche de 60 heures, le H-21 r\u00e9pond parfaitement aux exigences des mod\u00e8les les plus sportifs. Le H qui figure sur le pont de la masse oscillante ne laisse aucun doute sur le cr\u00e9ateur de ce mouvement.<\/p>\n","protected":false},"excerpt":{"rendered":"<p><img loading=\"lazy\" decoding=\"async\" class=\"size-full wp-image-5425 alignleft\" src=\"https:\/\/www.tempsetor.be\/galerie\/wp-content\/uploads\/2020\/12\/Hamilton.png\" alt=\"logo Hamilton\" width=\"150\" height=\"29\" srcset=\"https:\/\/tempsetor.be\/galerie\/wp-content\/uploads\/2020\/12\/Hamilton.png 150w, https:\/\/tempsetor.be\/galerie\/wp-content\/uploads\/2020\/12\/Hamilton-50x10.png 50w\" sizes=\"auto, (max-width:767px) 150px, 150px\" \/>Inspir\u00e9es par Andrew Hamilton, militant du XVIIIe si\u00e8cle pour la libert\u00e9 d\u2019expression et propri\u00e9taire du site qui abritait la manufacture Hamilton originale en Pennsylvanie, ces montres relient l\u2019histoire et le pr\u00e9sent. Le mouvement de chronographe H-21, dot\u00e9 comme il se doit d\u2019une r\u00e9serve de marche de 60\u00a0heures, propulse ce mod\u00e8le dans le XXIe si\u00e8cle, tandis que l\u2019inscription \u00ab\u00a0Without liberty, life is a misery\u00a0\u00bb sur les bracelets en cuir renvoie au riche patrimoine de la Maison Hamilton.<\/p>\n<p>D\u00e9j\u00e0 garanties 2 ans, le service apr\u00e8s vente de la bijouterie <strong>Temps &amp; OR<\/strong> vous apporte une confiance suppl\u00e9mentaire pour ces produits. Selon vos besoins, ces montres peuvent \u00eatre \u00e9galement r\u00e9serv\u00e9es \u00e0 la bijouterie. La mise \u00e0 mesure offerte ainsi qu&#8217;un emballage cadeau vous y seront propos\u00e9s.<\/p>\n<p>Faites vos demandes particuli\u00e8res ou passez votre commande via ce formulaire :<br \/>\n<p class=\"wpcf7-contact-form-not-found\"><strong>Error:<\/strong> Contact form not found.<\/p><\/p>\n","protected":false},"featured_media":5489,"template":"","meta":{"_monsterinsights_skip_tracking":false,"_monsterinsights_sitenote_active":false,"_monsterinsights_sitenote_note":"","_monsterinsights_sitenote_category":0},"product_brand":[],"product_cat":[1628,40,39],"product_tag":[],"class_list":{"0":"post-5488","1":"product","2":"type-product","3":"status-publish","4":"has-post-thumbnail","6":"product_cat-hamilton-hommes","7":"product_cat-montres-hommes","8":"product_cat-hommes","10":"first","11":"instock","12":"shipping-taxable","13":"purchasable","14":"product-type-simple"},"_links":{"self":[{"href":"https:\/\/tempsetor.be\/galerie\/wp-json\/wp\/v2\/product\/5488","targetHints":{"allow":["GET"]}}],"collection":[{"href":"https:\/\/tempsetor.be\/galerie\/wp-json\/wp\/v2\/product"}],"about":[{"href":"https:\/\/tempsetor.be\/galerie\/wp-json\/wp\/v2\/types\/product"}],"wp:featuredmedia":[{"embeddable":true,"href":"https:\/\/tempsetor.be\/galerie\/wp-json\/wp\/v2\/media\/5489"}],"wp:attachment":[{"href":"https:\/\/tempsetor.be\/galerie\/wp-json\/wp\/v2\/media?parent=5488"}],"wp:term":[{"taxonomy":"product_brand","embeddable":true,"href":"https:\/\/tempsetor.be\/galerie\/wp-json\/wp\/v2\/product_brand?post=5488"},{"taxonomy":"product_cat","embeddable":true,"href":"https:\/\/tempsetor.be\/galerie\/wp-json\/wp\/v2\/product_cat?post=5488"},{"taxonomy":"product_tag","embeddable":true,"href":"https:\/\/tempsetor.be\/galerie\/wp-json\/wp\/v2\/product_tag?post=5488"}],"curies":[{"name":"wp","href":"https:\/\/api.w.org\/{rel}","templated":true}]}}