{"id":5508,"date":"2020-12-06T11:36:29","date_gmt":"2020-12-06T10:36:29","guid":{"rendered":"http:\/\/www.tempsetor.be\/galerie\/?post_type=product&#038;p=5508"},"modified":"2023-02-11T12:43:48","modified_gmt":"2023-02-11T11:43:48","slug":"montre-hommes-hamilton-american-classic-pan-europ-day-date-auto-h35405741","status":"publish","type":"product","link":"https:\/\/tempsetor.be\/galerie\/produit\/montre-hommes-hamilton-american-classic-pan-europ-day-date-auto-h35405741\/","title":{"rendered":"Montre hommes Hamilton &#8211; American Classic Pan Europ Day Date Auto &#8211; H35405741"},"content":{"rendered":"<h4>H-30<\/h4>\n<p>Le H-30 ajoute une fonction jour et date \u00e0 un mouvement trois aiguilles, tout en offrant une r\u00e9serve de marche \u00e9tendue \u00e0 80 heures, qui permet de conserver sa montre \u00e0 l&#8217;heure pendant au moins trois jours m\u00eame lorsqu&#8217;elle n&#8217;est pas port\u00e9e. Le calibre de certains mod\u00e8les s\u2019est en outre agr\u00e9ment\u00e9 d\u2019un d\u00e9cor d\u00e9licat.<\/p>\n","protected":false},"excerpt":{"rendered":"<p><img loading=\"lazy\" decoding=\"async\" class=\"size-full wp-image-5425 alignleft\" src=\"https:\/\/www.tempsetor.be\/galerie\/wp-content\/uploads\/2020\/12\/Hamilton.png\" alt=\"logo Hamilton\" width=\"150\" height=\"29\" srcset=\"https:\/\/tempsetor.be\/galerie\/wp-content\/uploads\/2020\/12\/Hamilton.png 150w, https:\/\/tempsetor.be\/galerie\/wp-content\/uploads\/2020\/12\/Hamilton-50x10.png 50w\" sizes=\"auto, (max-width:767px) 150px, 150px\" \/>Ne vous fiez pas \u00e0 son nom. La Pan Europ incarne bel et bien l\u2019esprit r\u00e9solument am\u00e9ricain qui caract\u00e9rise Hamilton et est pr\u00eate \u00e0 vous rejoindre pour un road trip aux \u00c9tats-Unis. Vous serez toujours \u00e0 l\u2019heure en toute \u00e9l\u00e9gance, puisque son mouvement \u00e0 remontage automatique ne vous l\u00e2chera jamais. Si vous avez besoin d\u2019une pause, la r\u00e9serve de marche prend le relais, tandis que l\u2019affichage du jour et de la date vous permet de garder vos rep\u00e8res. Avec le choix d\u2019un bracelet NATO ou en cuir, c\u2019est une montre discr\u00e8te, classique et tr\u00e8s polyvalente.<\/p>\n<p>D\u00e9j\u00e0 garanties 2 ans, le service apr\u00e8s vente de la bijouterie <strong>Temps &amp; OR<\/strong> vous apporte une confiance suppl\u00e9mentaire pour ces produits. Selon vos besoins, ces montres peuvent \u00eatre \u00e9galement r\u00e9serv\u00e9es \u00e0 la bijouterie. La mise \u00e0 mesure offerte ainsi qu&#8217;un emballage cadeau vous y seront propos\u00e9s.<\/p>\n<p>Faites vos demandes particuli\u00e8res ou passez votre commande via ce formulaire :<br \/>\n<p class=\"wpcf7-contact-form-not-found\"><strong>Error:<\/strong> Contact form not found.<\/p><\/p>\n","protected":false},"featured_media":5513,"template":"","meta":{"_monsterinsights_skip_tracking":false,"_monsterinsights_sitenote_active":false,"_monsterinsights_sitenote_note":"","_monsterinsights_sitenote_category":0},"product_brand":[],"product_cat":[1628,40,39],"product_tag":[],"class_list":{"0":"post-5508","1":"product","2":"type-product","3":"status-publish","4":"has-post-thumbnail","6":"product_cat-hamilton-hommes","7":"product_cat-montres-hommes","8":"product_cat-hommes","10":"first","11":"instock","12":"shipping-taxable","13":"purchasable","14":"product-type-simple"},"_links":{"self":[{"href":"https:\/\/tempsetor.be\/galerie\/wp-json\/wp\/v2\/product\/5508","targetHints":{"allow":["GET"]}}],"collection":[{"href":"https:\/\/tempsetor.be\/galerie\/wp-json\/wp\/v2\/product"}],"about":[{"href":"https:\/\/tempsetor.be\/galerie\/wp-json\/wp\/v2\/types\/product"}],"wp:featuredmedia":[{"embeddable":true,"href":"https:\/\/tempsetor.be\/galerie\/wp-json\/wp\/v2\/media\/5513"}],"wp:attachment":[{"href":"https:\/\/tempsetor.be\/galerie\/wp-json\/wp\/v2\/media?parent=5508"}],"wp:term":[{"taxonomy":"product_brand","embeddable":true,"href":"https:\/\/tempsetor.be\/galerie\/wp-json\/wp\/v2\/product_brand?post=5508"},{"taxonomy":"product_cat","embeddable":true,"href":"https:\/\/tempsetor.be\/galerie\/wp-json\/wp\/v2\/product_cat?post=5508"},{"taxonomy":"product_tag","embeddable":true,"href":"https:\/\/tempsetor.be\/galerie\/wp-json\/wp\/v2\/product_tag?post=5508"}],"curies":[{"name":"wp","href":"https:\/\/api.w.org\/{rel}","templated":true}]}}