{"id":5555,"date":"2020-12-24T13:01:08","date_gmt":"2020-12-24T12:01:08","guid":{"rendered":"http:\/\/www.tempsetor.be\/galerie\/?post_type=product&#038;p=5555"},"modified":"2025-11-19T21:19:10","modified_gmt":"2025-11-19T20:19:10","slug":"montre-hommes-vostok-expedition-nh35-592a555","status":"publish","type":"product","link":"https:\/\/tempsetor.be\/galerie\/produit\/montre-hommes-vostok-expedition-nh35-592a555\/","title":{"rendered":"Montre hommes Vostok Europe &#8211; Expedition &#8211; NH35-592A555"},"content":{"rendered":"<h3>Expedition<\/h3>\n<h4>\u0421\u0415\u0412\u0415\u0420\u041d\u042b\u0419 \u041f\u041e\u041b\u042e\u0421 1<\/h4>\n<p>\u0421\u0415\u0412\u0415\u0420\u041d\u042b\u0419 \u041f\u041e\u041b\u042e\u0421 1 a \u00e9t\u00e9 la premi\u00e8re station de d\u00e9rive habit\u00e9e sovi\u00e9tique utilis\u00e9e pour la recherche scientifique hydrologique et g\u00e9ographique de la zone polaire.<\/p>\n<p>Bo\u00eetier de montre robuste et simple contenant un bo\u00eetier monobloc, un cristal K1 durci de 4 mm, un fond et une couronne viss\u00e9s rendent les montres de cette ligne \u00e9tanches jusqu&#8217;\u00e0 200 m\u00e8tres et adapt\u00e9es aux conditions extr\u00eames et au port quotidien. Une vari\u00e9t\u00e9 de bracelets en cuir, silicone et nylon de diff\u00e9rentes couleurs et bracelets permet d&#8217;ajuster l&#8217;image de la montre au style de vie du client.<\/p>\n","protected":false},"excerpt":{"rendered":"<p><img loading=\"lazy\" decoding=\"async\" class=\"wp-image-4711 size-full alignleft\" src=\"https:\/\/tempsetor.be\/galerie\/wp-content\/uploads\/2019\/06\/vostok-e1561723260858.png\" alt=\"Logo Vostok Europe\" width=\"149\" height=\"94\" \/><\/p>\n<p>Les premi\u00e8res montres <strong>Vostok Europe<\/strong> re\u00e7oivent un mouvement Russe Vostok. Plus tard, la compagnie commence \u00e0 utiliser des mouvements\u00a0 japonais Seiko. Puis le mod\u00e8le Lunokhod-2 est lanc\u00e9 au salon Baselworld de 2012 avec un mouvement fabriqu\u00e9 par la soci\u00e9t\u00e9 Switzerland&#8217;s Soprod, filiale du groupe Festina. Les mod\u00e8les sont limit\u00e9s \u00e0 3000 exemplaires.<\/p>\n<p>Les cadrans fabriqu\u00e9s en Suisse utilisent des tubes de tritium mont\u00e9s verticalement aux index afin d\u2019afficher une super luminosit\u00e9 dans le noir avec des couleurs diff\u00e9rentes sur la m\u00eame montre. Une valve d&#8217;\u00e9quilibrage de pression automatique pour la plong\u00e9e sous-marine permettent de contr\u00f4ler certaines montres jusqu\u2019\u00e0 une \u00e9tanch\u00e9it\u00e9 allant jusque 300m<\/p>\n<p>D\u00e9j\u00e0 garanties 2 ans, le service apr\u00e8s vente de la bijouterie <strong>Temps &amp; OR<\/strong> vous apporte une confiance suppl\u00e9mentaire pour ces produits. Selon vos besoins, ces montres peuvent \u00eatre \u00e9galement r\u00e9serv\u00e9es \u00e0 la bijouterie. La mise \u00e0 mesure offerte ainsi qu&#8217;un emballage cadeau vous y seront propos\u00e9s.<\/p>\n<p>Faites vos demandes particuli\u00e8res ou passez votre commande via ce formulaire :<br \/>\n<p class=\"wpcf7-contact-form-not-found\"><strong>Error:<\/strong> Contact form not found.<\/p><\/p>\n","protected":false},"featured_media":5556,"template":"","meta":{"_monsterinsights_skip_tracking":false,"_monsterinsights_sitenote_active":false,"_monsterinsights_sitenote_note":"","_monsterinsights_sitenote_category":0},"product_brand":[],"product_cat":[40,39,1186],"product_tag":[],"class_list":{"0":"post-5555","1":"product","2":"type-product","3":"status-publish","4":"has-post-thumbnail","6":"product_cat-montres-hommes","7":"product_cat-hommes","8":"product_cat-vostok-europe-hommes","10":"first","11":"instock","12":"shipping-taxable","13":"purchasable","14":"product-type-simple"},"_links":{"self":[{"href":"https:\/\/tempsetor.be\/galerie\/wp-json\/wp\/v2\/product\/5555","targetHints":{"allow":["GET"]}}],"collection":[{"href":"https:\/\/tempsetor.be\/galerie\/wp-json\/wp\/v2\/product"}],"about":[{"href":"https:\/\/tempsetor.be\/galerie\/wp-json\/wp\/v2\/types\/product"}],"wp:featuredmedia":[{"embeddable":true,"href":"https:\/\/tempsetor.be\/galerie\/wp-json\/wp\/v2\/media\/5556"}],"wp:attachment":[{"href":"https:\/\/tempsetor.be\/galerie\/wp-json\/wp\/v2\/media?parent=5555"}],"wp:term":[{"taxonomy":"product_brand","embeddable":true,"href":"https:\/\/tempsetor.be\/galerie\/wp-json\/wp\/v2\/product_brand?post=5555"},{"taxonomy":"product_cat","embeddable":true,"href":"https:\/\/tempsetor.be\/galerie\/wp-json\/wp\/v2\/product_cat?post=5555"},{"taxonomy":"product_tag","embeddable":true,"href":"https:\/\/tempsetor.be\/galerie\/wp-json\/wp\/v2\/product_tag?post=5555"}],"curies":[{"name":"wp","href":"https:\/\/api.w.org\/{rel}","templated":true}]}}