{"id":5721,"date":"2021-03-29T21:03:56","date_gmt":"2021-03-29T19:03:56","guid":{"rendered":"http:\/\/www.tempsetor.be\/galerie\/?post_type=product&#038;p=5721"},"modified":"2021-03-29T21:09:04","modified_gmt":"2021-03-29T19:09:04","slug":"montre-hommes-garmin-instinct-solar-tactical-edition-010-02293-03","status":"publish","type":"product","link":"https:\/\/tempsetor.be\/galerie\/produit\/montre-hommes-garmin-instinct-solar-tactical-edition-010-02293-03\/","title":{"rendered":"Montre hommes Garmin Instinct\u00ae Solar &#8211; Tactical Edition &#8211; 010-02293-03"},"content":{"rendered":"<div class=\"app__feature__card\">\n<div class=\"app__feature__card\">\n<ul>\n<li class=\"app__feature__card__description\">Profitez d&#8217;une autonomie sans pr\u00e9c\u00e9dent gr\u00e2ce \u00e0 l&#8217;\u00e9nergie solaire.<\/li>\n<li class=\"app__feature__card__description\">R\u00e9sistante aux normes militaires pour vous d\u00e9passer sans limites.<\/li>\n<li class=\"app__feature__card__description\">GPS, GLONASS et Galileo. Dans la nature, vos 3 meilleurs amis.<\/li>\n<li class=\"app__feature__card__description\">Entra\u00eenez-vous plus efficacement gr\u00e2ce \u00e0 des applications sportives int\u00e9gr\u00e9es.<\/li>\n<li class=\"app__feature__card__description\">Recevez des notifications directement depuis votre t\u00e9l\u00e9phone.<\/li>\n<li class=\"app__feature__card__description\">Bougez plus. Rechargez moins. Profitez d&#8217;une autonomie de 54 jours en mode montre connect\u00e9e.<\/li>\n<\/ul>\n<\/div>\n<\/div>\n","protected":false},"excerpt":{"rendered":"<p><img loading=\"lazy\" decoding=\"async\" class=\"size-full wp-image-3680 alignleft\" src=\"https:\/\/tempsetor.be\/galerie\/wp-content\/uploads\/2018\/02\/garmin_logo.jpg\" alt=\"garmin logo\" width=\"150\" height=\"48\" srcset=\"https:\/\/tempsetor.be\/galerie\/wp-content\/uploads\/2018\/02\/garmin_logo.jpg 150w, https:\/\/tempsetor.be\/galerie\/wp-content\/uploads\/2018\/02\/garmin_logo-50x16.jpg 50w\" sizes=\"auto, (max-width:767px) 150px, 150px\" \/><\/p>\n<h2 class=\"app__overview__intro__title light center\" data-v-5b9e0d04=\"\" data-test=\"gc__heading\">CON\u00c7UE POUR L&#8217;ENDURANCE<\/h2>\n<div class=\"app__overview__intro__description gc__copy gc__copy--light gc__copy--center gc__copy--large\" data-v-f2ba670e=\"\" data-test=\"gc__copy\">\n<p>Gr\u00e2ce \u00e0 son bo\u00eetier en polym\u00e8re renforc\u00e9 de fibres, \u00e0 son verre Corning<sup>\u00ae<\/sup>\u00a0Gorilla<sup>\u00ae<\/sup>\u00a0r\u00e9sistant aux rayures et chimiquement renforc\u00e9, et \u00e0 son verre solaire, cette montre est con\u00e7ue pour durer.<\/p>\n<\/div>\n<p>D\u00e9j\u00e0 garanties 2 ans, le service apr\u00e8s vente de la bijouterie <strong>Temps &amp; OR<\/strong> vous apporte une confiance suppl\u00e9mentaire pour ces produits. Selon vos besoins, ces montres peuvent \u00eatre \u00e9galement r\u00e9serv\u00e9es \u00e0 la bijouterie. La mise \u00e0 mesure offerte ainsi qu&#8217;un emballage cadeau vous y seront propos\u00e9s.<\/p>\n<p>Faites vos demandes particuli\u00e8res ou passez votre commande via ce formulaire :<br \/>\n<p class=\"wpcf7-contact-form-not-found\"><strong>Error:<\/strong> Contact form not found.<\/p><\/p>\n","protected":false},"featured_media":5723,"template":"","meta":{"_monsterinsights_skip_tracking":false,"_monsterinsights_sitenote_active":false,"_monsterinsights_sitenote_note":"","_monsterinsights_sitenote_category":0},"product_brand":[],"product_cat":[778,779,572,40,39],"product_tag":[],"class_list":{"0":"post-5721","1":"product","2":"type-product","3":"status-publish","4":"has-post-thumbnail","6":"product_cat-connecte","7":"product_cat-garmin-connecte","8":"product_cat-garmin-hommes","9":"product_cat-montres-hommes","10":"product_cat-hommes","12":"first","13":"instock","14":"shipping-taxable","15":"purchasable","16":"product-type-simple"},"_links":{"self":[{"href":"https:\/\/tempsetor.be\/galerie\/wp-json\/wp\/v2\/product\/5721","targetHints":{"allow":["GET"]}}],"collection":[{"href":"https:\/\/tempsetor.be\/galerie\/wp-json\/wp\/v2\/product"}],"about":[{"href":"https:\/\/tempsetor.be\/galerie\/wp-json\/wp\/v2\/types\/product"}],"wp:featuredmedia":[{"embeddable":true,"href":"https:\/\/tempsetor.be\/galerie\/wp-json\/wp\/v2\/media\/5723"}],"wp:attachment":[{"href":"https:\/\/tempsetor.be\/galerie\/wp-json\/wp\/v2\/media?parent=5721"}],"wp:term":[{"taxonomy":"product_brand","embeddable":true,"href":"https:\/\/tempsetor.be\/galerie\/wp-json\/wp\/v2\/product_brand?post=5721"},{"taxonomy":"product_cat","embeddable":true,"href":"https:\/\/tempsetor.be\/galerie\/wp-json\/wp\/v2\/product_cat?post=5721"},{"taxonomy":"product_tag","embeddable":true,"href":"https:\/\/tempsetor.be\/galerie\/wp-json\/wp\/v2\/product_tag?post=5721"}],"curies":[{"name":"wp","href":"https:\/\/api.w.org\/{rel}","templated":true}]}}