{"id":5891,"date":"2021-09-12T11:51:33","date_gmt":"2021-09-12T09:51:33","guid":{"rendered":"http:\/\/www.tempsetor.be\/galerie\/?post_type=product&#038;p=5891"},"modified":"2021-09-25T21:22:12","modified_gmt":"2021-09-25T19:22:12","slug":"bague-en-or-blanc-18-karat-guy14-1","status":"publish","type":"product","link":"https:\/\/tempsetor.be\/galerie\/produit\/bague-en-or-blanc-18-karat-guy14-1\/","title":{"rendered":"Bague en or blanc 18 karat &#8211; GUY14\/1"},"content":{"rendered":"<p>La bijouterie <strong>Temps &amp; OR<\/strong> poss\u00e8de, sur place, un atelier d&#8217;horlogerie et de bijouterie tr\u00e8s actifs depuis plus de 20 ans. Nous y r\u00e9alisons tous types de bijoux pour nos propres vitrines mais \u00e9galement pour notre client\u00e8le.<\/p>\n<p>La meilleure fa\u00e7on de r\u00e9utiliser l&#8217;or de vos bijoux de famille; d\u00e9pr\u00e9ci\u00e9s ou d\u00e9mod\u00e9s. Nos cr\u00e9ations sont fa\u00e7onn\u00e9s en or plein et non coul\u00e9. Un gage donc de solidit\u00e9 en plus de la garantie d&#8217;originalit\u00e9 exclusive.Vous pouvez, bien s\u00fbr, vous inspirer de ces mod\u00e8les propos\u00e9s pour y apporter quelques variantes personnelles.<\/p>\n","protected":false},"excerpt":{"rendered":"<h3>NOS CR\u00c9ATIONS<\/h3>\n<p>Bijoutiers &#8211; artisans depuis plus de 20 ans, la bijouterie <strong>Temps &amp; OR <\/strong>vous apporte la s\u00e9curit\u00e9 d&#8217;une s\u00e9lection de lignes de bijoux en OR 18 karats soign\u00e9es et cr\u00e9es par des professionnels d&#8217;exp\u00e9rience. Ateliers de bijouterie sur place &#8211; Selon vos besoins, ces bijoux peuvent \u00eatre \u00e9galement r\u00e9serv\u00e9s \u00e0 la bijouterie. La mise \u00e0 mesure offerte ainsi qu&#8217;un emballage cadeau vous y seront propos\u00e9s.<\/p>\n<p>Faites vos demandes particuli\u00e8res ou passez votre commande via ce formulaire :<br \/>\n<p class=\"wpcf7-contact-form-not-found\"><strong>Error:<\/strong> Contact form not found.<\/p><\/p>\n","protected":false},"featured_media":5890,"template":"","meta":{"_monsterinsights_skip_tracking":false,"_monsterinsights_sitenote_active":false,"_monsterinsights_sitenote_note":"","_monsterinsights_sitenote_category":0},"product_brand":[],"product_cat":[30,46,27],"product_tag":[],"class_list":{"0":"post-5891","1":"product","2":"type-product","3":"status-publish","4":"has-post-thumbnail","6":"product_cat-bagues-femmes","7":"product_cat-noscreations-bague","8":"product_cat-dames","10":"first","11":"instock","12":"shipping-taxable","13":"purchasable","14":"product-type-simple"},"_links":{"self":[{"href":"https:\/\/tempsetor.be\/galerie\/wp-json\/wp\/v2\/product\/5891","targetHints":{"allow":["GET"]}}],"collection":[{"href":"https:\/\/tempsetor.be\/galerie\/wp-json\/wp\/v2\/product"}],"about":[{"href":"https:\/\/tempsetor.be\/galerie\/wp-json\/wp\/v2\/types\/product"}],"wp:featuredmedia":[{"embeddable":true,"href":"https:\/\/tempsetor.be\/galerie\/wp-json\/wp\/v2\/media\/5890"}],"wp:attachment":[{"href":"https:\/\/tempsetor.be\/galerie\/wp-json\/wp\/v2\/media?parent=5891"}],"wp:term":[{"taxonomy":"product_brand","embeddable":true,"href":"https:\/\/tempsetor.be\/galerie\/wp-json\/wp\/v2\/product_brand?post=5891"},{"taxonomy":"product_cat","embeddable":true,"href":"https:\/\/tempsetor.be\/galerie\/wp-json\/wp\/v2\/product_cat?post=5891"},{"taxonomy":"product_tag","embeddable":true,"href":"https:\/\/tempsetor.be\/galerie\/wp-json\/wp\/v2\/product_tag?post=5891"}],"curies":[{"name":"wp","href":"https:\/\/api.w.org\/{rel}","templated":true}]}}