{"id":5939,"date":"2021-09-25T11:26:18","date_gmt":"2021-09-25T09:26:18","guid":{"rendered":"http:\/\/www.tempsetor.be\/galerie\/?post_type=product&#038;p=5939"},"modified":"2023-03-05T12:34:21","modified_gmt":"2023-03-05T11:34:21","slug":"montre-dames-lip-t13-671207","status":"publish","type":"product","link":"https:\/\/tempsetor.be\/galerie\/produit\/montre-dames-lip-t13-671207\/","title":{"rendered":"Montre dames LIP &#8211; T13 &#8211; 671207"},"content":{"rendered":"<p style=\"font-weight: 400;\"><strong>Fabriqu\u00e9e en France &#8211; Besan\u00e7on<\/strong><br \/>\nNOUVEAU : Dot\u00e9e d&#8217;un double bracelet, cette T13 met en valeur les poignets f\u00e9minins. Un discret mod\u00e8le vintage tr\u00e8s recherch\u00e9.<\/p>\n","protected":false},"excerpt":{"rendered":"<p><img loading=\"lazy\" decoding=\"async\" class=\"alignleft size-full wp-image-3110\" src=\"https:\/\/tempsetor.be\/galerie\/wp-content\/uploads\/2017\/12\/LIP.jpg\" alt=\"logo Lip\" width=\"150\" height=\"217\" srcset=\"https:\/\/tempsetor.be\/galerie\/wp-content\/uploads\/2017\/12\/LIP.jpg 150w, https:\/\/tempsetor.be\/galerie\/wp-content\/uploads\/2017\/12\/LIP-101x146.jpg 101w, https:\/\/tempsetor.be\/galerie\/wp-content\/uploads\/2017\/12\/LIP-35x50.jpg 35w, https:\/\/tempsetor.be\/galerie\/wp-content\/uploads\/2017\/12\/LIP-52x75.jpg 52w\" sizes=\"auto, (max-width:767px) 150px, 150px\" \/><\/p>\n<p style=\"font-weight: 400;\"><strong>Une histoire fran\u00e7aise<\/strong><br \/>\nEn 1958, ce petit mouvement est une r\u00e9alisation technique exemplaire. Il est produit sur la premi\u00e8re chaine de montage au monde mise en place pour un calibre de cette taille. Destin\u00e9 au march\u00e9 haut de gamme pour dame, il \u00e9quipe notamment la s\u00e9rie &#8220;Mich\u00e8le Morgan&#8221; de finition irr\u00e9prochable.<\/p>\n<p style=\"font-weight: 400;\">Pr\u00e9sent\u00e9e sur cadran \u00ab\u00a0Churchill \u00bb avec son double-soleillage vertical \u2013 horizontal caract\u00e9ristique, la T26 donne \u00e0 lire l\u2019heure via des aiguilles facett\u00e9es de couleur noire m\u00e9tallis\u00e9e.<\/p>\n<p>D\u00e9j\u00e0 garanties 2 ans, le service apr\u00e8s-vente de la bijouterie <strong>Temps &amp; OR<\/strong> vous apporte une confiance suppl\u00e9mentaire pour ces produits. Selon vos besoins, ces montres peuvent \u00eatre \u00e9galement r\u00e9serv\u00e9es \u00e0 la bijouterie. La mise \u00e0 mesure offerte ainsi qu&#8217;un emballage cadeau vous y seront propos\u00e9s.<\/p>\n<p><div class=\"alert alert_error\"><div class=\"alert_icon\"><svg viewBox=\"0 0 28 28\"><defs><style>.path{fill:none;stroke:#000;stroke-miterlimit:10;stroke-width:1.5px;}<\/style><\/defs><g><circle cx=\"14\" cy=\"20\" r=\"0.33\" class=\"path\"\/><line x1=\"14\" y1=\"8.72\" x2=\"14\" y2=\"16.72\" class=\"path\"\/><path d=\"M12.6,3.42,1.54,22.58A1.61,1.61,0,0,0,2.93,25H25.07a1.61,1.61,0,0,0,1.39-2.42L15.4,3.42A1.61,1.61,0,0,0,12.6,3.42Z\" class=\"path\"\/><\/g><\/svg><\/div><div class=\"alert_wrapper\">Le montant affich\u00e9 peut \u00eatre modifi\u00e9 par le fournisseur sans que nous en soyons inform\u00e9s. Une diff\u00e9rence entre le prix affich\u00e9 ici et en magasin reste possible.<\/div><a href=\"#\" class=\"close mfn-close-icon\"><span class=\"icon\">\u2715<\/span><\/a><\/div>\n<div class=\"alert alert_info\"><div class=\"alert_icon\"><svg viewBox=\"0 0 28 28\"><defs><style>.path{fill:none;stroke:#000;stroke-miterlimit:10;stroke-width:1.5px;}<\/style><\/defs><g><circle class=\"path\" cx=\"14\" cy=\"14\" r=\"12\"\/><path class=\"path\" d=\"M11.2,9.12a3.4,3.4,0,0,1,3-1.69,2.84,2.84,0,0,1,3,2.76,3.16,3.16,0,0,1-.84,2.23c-.63.74-1.58,1.18-2.19,1.88a1,1,0,0,0-.26.64v2.32\"\/><circle class=\"path\" cx=\"14\" cy=\"20\" r=\"0.33\"\/><\/g><\/svg><\/div><div class=\"alert_wrapper\">Faites vos demandes particuli\u00e8res ou passez votre commande via ce formulaire <\/div><a href=\"#\" class=\"close mfn-close-icon\"><span class=\"icon\">\u2715<\/span><\/a><\/div>\n <a class=\"button  button_size_3\" href=\"https:\/\/tempsetor.be\/galerie\/ma-commande\/\"     target=\"_blank\"    title=\"\"><span class=\"button_label\">&gt; Formulaire<\/span><\/a>\n<\/p>\n","protected":false},"featured_media":5961,"template":"","meta":{"_monsterinsights_skip_tracking":false,"_monsterinsights_sitenote_active":false,"_monsterinsights_sitenote_note":"","_monsterinsights_sitenote_category":0},"product_brand":[],"product_cat":[498,28,27],"product_tag":[],"class_list":{"0":"post-5939","1":"product","2":"type-product","3":"status-publish","4":"has-post-thumbnail","6":"product_cat-lip-dames","7":"product_cat-montres-dames","8":"product_cat-dames","10":"first","11":"instock","12":"shipping-taxable","13":"purchasable","14":"product-type-simple"},"_links":{"self":[{"href":"https:\/\/tempsetor.be\/galerie\/wp-json\/wp\/v2\/product\/5939","targetHints":{"allow":["GET"]}}],"collection":[{"href":"https:\/\/tempsetor.be\/galerie\/wp-json\/wp\/v2\/product"}],"about":[{"href":"https:\/\/tempsetor.be\/galerie\/wp-json\/wp\/v2\/types\/product"}],"wp:featuredmedia":[{"embeddable":true,"href":"https:\/\/tempsetor.be\/galerie\/wp-json\/wp\/v2\/media\/5961"}],"wp:attachment":[{"href":"https:\/\/tempsetor.be\/galerie\/wp-json\/wp\/v2\/media?parent=5939"}],"wp:term":[{"taxonomy":"product_brand","embeddable":true,"href":"https:\/\/tempsetor.be\/galerie\/wp-json\/wp\/v2\/product_brand?post=5939"},{"taxonomy":"product_cat","embeddable":true,"href":"https:\/\/tempsetor.be\/galerie\/wp-json\/wp\/v2\/product_cat?post=5939"},{"taxonomy":"product_tag","embeddable":true,"href":"https:\/\/tempsetor.be\/galerie\/wp-json\/wp\/v2\/product_tag?post=5939"}],"curies":[{"name":"wp","href":"https:\/\/api.w.org\/{rel}","templated":true}]}}