{"id":5976,"date":"2021-10-01T13:27:23","date_gmt":"2021-10-01T11:27:23","guid":{"rendered":"http:\/\/www.tempsetor.be\/galerie\/?post_type=product&#038;p=5976"},"modified":"2025-01-03T15:57:16","modified_gmt":"2025-01-03T14:57:16","slug":"montre-hommes-michael-kors-montre-everest-mk6975","status":"publish","type":"product","link":"https:\/\/tempsetor.be\/galerie\/produit\/montre-hommes-michael-kors-montre-everest-mk6975\/","title":{"rendered":"Montre dames Michael Kors &#8211; Montre Everest &#8211; MK6975"},"content":{"rendered":"<p>D\u00e9couvrez l&#8217;\u00e9l\u00e9gance intemporelle de la <strong>Michael Kors Everest Chronographe MK6975<\/strong>, une montre f\u00e9minine au cadran argent\u00e9 et lunette dor\u00e9e rose sertie de pierres baguettes. Avec un bo\u00eetier de <strong>42 mm<\/strong>, une r\u00e9sistance \u00e0 l&#8217;eau jusqu&#8217;\u00e0 <strong>50 m<\/strong>, et un bracelet en acier inoxydable bicolore, cette pi\u00e8ce combine style et fonctionnalit\u00e9.<\/p>\n","protected":false},"excerpt":{"rendered":"<h3 style=\"text-align: left;\"><img loading=\"lazy\" decoding=\"async\" class=\"alignleft size-full wp-image-2953\" src=\"https:\/\/tempsetor.be\/galerie\/wp-content\/uploads\/2017\/12\/Michael-KORS-Logo-e1512590573587.png\" alt=\"Michael KORS Logo\" width=\"151\" height=\"101\" \/><\/h3>\n<p>La montre <strong>Michael Kors Everest Chronographe MK6975<\/strong> est une pi\u00e8ce d&#8217;horlogerie qui allie raffinement et pr\u00e9cision. Avec un bo\u00eetier rond de <strong>42 mm<\/strong> en acier inoxydable, elle attire imm\u00e9diatement le regard gr\u00e2ce \u00e0 son cadran argent\u00e9 lumineux et sa lunette dor\u00e9e rose, \u00e9l\u00e9gamment orn\u00e9e de pierres baguettes transparentes et p\u00eache clair.<\/p>\n<p>Son mouvement <strong>chronographe \u00e0 quartz<\/strong> garantit une pr\u00e9cision fiable, tandis que le guichet \u00e0 date ajoute une fonctionnalit\u00e9 pratique au quotidien. Gr\u00e2ce \u00e0 son \u00e9tanch\u00e9it\u00e9 jusqu&#8217;\u00e0 <strong>50 m<\/strong>, cette montre s&#8217;adapte aussi bien aux journ\u00e9es actives qu&#8217;aux soir\u00e9es sophistiqu\u00e9es.<\/p>\n<p>Le bracelet en acier inoxydable bicolore, avec ses maillons centraux pav\u00e9s, compl\u00e8te ce design luxueux et assure un confort optimal. La boucle d\u00e9ployante facilite le port et ajoute une touche de praticit\u00e9 suppl\u00e9mentaire.<\/p>\n<p>La <strong>Michael Kors Everest MK6975<\/strong> est plus qu&#8217;une montre : c&#8217;est un v\u00e9ritable bijou, symbole d&#8217;\u00e9l\u00e9gance intemporelle et de savoir-faire horloger.<\/p>\n<p>D\u00e9j\u00e0 garanties 2 ans, le service apr\u00e8s-vente de la bijouterie <strong>Temps &amp; OR<\/strong> vous apporte une confiance suppl\u00e9mentaire pour ces produits. Selon vos besoins, ces montres peuvent \u00eatre \u00e9galement r\u00e9serv\u00e9es \u00e0 la bijouterie. La mise \u00e0 mesure offerte ainsi qu&#8217;un emballage cadeau vous y seront propos\u00e9s.<\/p>\n<p><div class=\"alert alert_error\"><div class=\"alert_icon\"><svg viewBox=\"0 0 28 28\"><defs><style>.path{fill:none;stroke:#000;stroke-miterlimit:10;stroke-width:1.5px;}<\/style><\/defs><g><circle cx=\"14\" cy=\"20\" r=\"0.33\" class=\"path\"\/><line x1=\"14\" y1=\"8.72\" x2=\"14\" y2=\"16.72\" class=\"path\"\/><path d=\"M12.6,3.42,1.54,22.58A1.61,1.61,0,0,0,2.93,25H25.07a1.61,1.61,0,0,0,1.39-2.42L15.4,3.42A1.61,1.61,0,0,0,12.6,3.42Z\" class=\"path\"\/><\/g><\/svg><\/div><div class=\"alert_wrapper\">Le montant affich\u00e9 peut \u00eatre modifi\u00e9 par le fournisseur sans que nous en soyons inform\u00e9s. Une diff\u00e9rence entre le prix affich\u00e9 ici et en magasin reste possible.<\/div><a href=\"#\" class=\"close mfn-close-icon\"><span class=\"icon\">\u2715<\/span><\/a><\/div>\n<div class=\"alert alert_info\"><div class=\"alert_icon\"><svg viewBox=\"0 0 28 28\"><defs><style>.path{fill:none;stroke:#000;stroke-miterlimit:10;stroke-width:1.5px;}<\/style><\/defs><g><circle class=\"path\" cx=\"14\" cy=\"14\" r=\"12\"\/><path class=\"path\" d=\"M11.2,9.12a3.4,3.4,0,0,1,3-1.69,2.84,2.84,0,0,1,3,2.76,3.16,3.16,0,0,1-.84,2.23c-.63.74-1.58,1.18-2.19,1.88a1,1,0,0,0-.26.64v2.32\"\/><circle class=\"path\" cx=\"14\" cy=\"20\" r=\"0.33\"\/><\/g><\/svg><\/div><div class=\"alert_wrapper\">Faites vos demandes particuli\u00e8res ou passez votre commande via ce formulaire <\/div><a href=\"#\" class=\"close mfn-close-icon\"><span class=\"icon\">\u2715<\/span><\/a><\/div>\n <a class=\"button  button_size_3\" href=\"https:\/\/tempsetor.be\/galerie\/ma-commande\/\"     target=\"_blank\"    title=\"\"><span class=\"button_label\">&gt; Formulaire<\/span><\/a>\n<\/p>\n","protected":false},"featured_media":5978,"template":"","meta":{"_monsterinsights_skip_tracking":false,"_monsterinsights_sitenote_active":false,"_monsterinsights_sitenote_note":"","_monsterinsights_sitenote_category":0},"product_brand":[],"product_cat":[37,675,40,27,39],"product_tag":[],"class_list":{"0":"post-5976","1":"product","2":"type-product","3":"status-publish","4":"has-post-thumbnail","6":"product_cat-michael-kors-dames","7":"product_cat-michael-kors-hommes","8":"product_cat-montres-hommes","9":"product_cat-dames","10":"product_cat-hommes","12":"first","13":"instock","14":"shipping-taxable","15":"purchasable","16":"product-type-simple"},"_links":{"self":[{"href":"https:\/\/tempsetor.be\/galerie\/wp-json\/wp\/v2\/product\/5976","targetHints":{"allow":["GET"]}}],"collection":[{"href":"https:\/\/tempsetor.be\/galerie\/wp-json\/wp\/v2\/product"}],"about":[{"href":"https:\/\/tempsetor.be\/galerie\/wp-json\/wp\/v2\/types\/product"}],"wp:featuredmedia":[{"embeddable":true,"href":"https:\/\/tempsetor.be\/galerie\/wp-json\/wp\/v2\/media\/5978"}],"wp:attachment":[{"href":"https:\/\/tempsetor.be\/galerie\/wp-json\/wp\/v2\/media?parent=5976"}],"wp:term":[{"taxonomy":"product_brand","embeddable":true,"href":"https:\/\/tempsetor.be\/galerie\/wp-json\/wp\/v2\/product_brand?post=5976"},{"taxonomy":"product_cat","embeddable":true,"href":"https:\/\/tempsetor.be\/galerie\/wp-json\/wp\/v2\/product_cat?post=5976"},{"taxonomy":"product_tag","embeddable":true,"href":"https:\/\/tempsetor.be\/galerie\/wp-json\/wp\/v2\/product_tag?post=5976"}],"curies":[{"name":"wp","href":"https:\/\/api.w.org\/{rel}","templated":true}]}}