{"id":6037,"date":"2021-10-29T17:38:37","date_gmt":"2021-10-29T15:38:37","guid":{"rendered":"http:\/\/www.tempsetor.be\/galerie\/?post_type=product&#038;p=6037"},"modified":"2021-11-07T18:12:25","modified_gmt":"2021-11-07T17:12:25","slug":"montre-dames-guess-lady-comet-gw0254l1","status":"publish","type":"product","link":"https:\/\/tempsetor.be\/galerie\/produit\/montre-dames-guess-lady-comet-gw0254l1\/","title":{"rendered":"Montre dames Guess &#8211; Lady Comet &#8211; GW0254L1"},"content":{"rendered":"<p class=\"Textbody\">La marque mondiale d&#8217;un style de vie jeune, sexy et aventureux, avec une gamme compl\u00e8te de v\u00eatements et d&#8217;accessoires.<\/p>\n","protected":false},"excerpt":{"rendered":"<p><img loading=\"lazy\" decoding=\"async\" class=\"size-full wp-image-6014 alignleft\" src=\"https:\/\/tempsetor.be\/galerie\/wp-content\/uploads\/2021\/10\/Guess-logo-120px.png\" alt=\"Guess logo\" width=\"120\" height=\"27\" srcset=\"https:\/\/tempsetor.be\/galerie\/wp-content\/uploads\/2021\/10\/Guess-logo-120px.png 120w, https:\/\/tempsetor.be\/galerie\/wp-content\/uploads\/2021\/10\/Guess-logo-120px-50x11.png 50w\" sizes=\"auto, (max-width:767px) 120px, 120px\" \/><\/p>\n<p>La marque <strong>GUESS<\/strong>, est cr\u00e9\u00e9e en 1981 par les fr\u00e8res \u00a0Italiens Marciano. Elle \u00a0incarne, mondialement, l\u2019une des plus grandes r\u00e9ussites du secteur de la mode. \u00c0 travers ses collections branch\u00e9es, glamour et s\u00e9duisantes, GUESS symbolise un style de vie jeune et dynamique. Les montres GUESS sont \u00e0 la fois tendances et sophistiqu\u00e9es pour les femmes qui aiment la mode.<\/p>\n<p>D\u00e9j\u00e0 garanties 2 ans, le service apr\u00e8s vente de la bijouterie <strong>Temps &amp; OR<\/strong> vous apporte une confiance suppl\u00e9mentaire pour ces produits. Selon vos besoins, ces montres peuvent \u00eatre \u00e9galement r\u00e9serv\u00e9es \u00e0 la bijouterie. La mise \u00e0 mesure offerte ainsi qu&#8217;un emballage cadeau vous y seront propos\u00e9s.<\/p>\n<p>Faites vos demandes particuli\u00e8res ou passez votre commande via ce formulaire :<br \/>\n<p class=\"wpcf7-contact-form-not-found\"><strong>Error:<\/strong> Contact form not found.<\/p><\/p>\n","protected":false},"featured_media":6038,"template":"","meta":{"_monsterinsights_skip_tracking":false,"_monsterinsights_sitenote_active":false,"_monsterinsights_sitenote_note":"","_monsterinsights_sitenote_category":0},"product_brand":[],"product_cat":[1868,28,27],"product_tag":[],"class_list":{"0":"post-6037","1":"product","2":"type-product","3":"status-publish","4":"has-post-thumbnail","6":"product_cat-guess-dames","7":"product_cat-montres-dames","8":"product_cat-dames","10":"first","11":"instock","12":"shipping-taxable","13":"purchasable","14":"product-type-simple"},"_links":{"self":[{"href":"https:\/\/tempsetor.be\/galerie\/wp-json\/wp\/v2\/product\/6037","targetHints":{"allow":["GET"]}}],"collection":[{"href":"https:\/\/tempsetor.be\/galerie\/wp-json\/wp\/v2\/product"}],"about":[{"href":"https:\/\/tempsetor.be\/galerie\/wp-json\/wp\/v2\/types\/product"}],"wp:featuredmedia":[{"embeddable":true,"href":"https:\/\/tempsetor.be\/galerie\/wp-json\/wp\/v2\/media\/6038"}],"wp:attachment":[{"href":"https:\/\/tempsetor.be\/galerie\/wp-json\/wp\/v2\/media?parent=6037"}],"wp:term":[{"taxonomy":"product_brand","embeddable":true,"href":"https:\/\/tempsetor.be\/galerie\/wp-json\/wp\/v2\/product_brand?post=6037"},{"taxonomy":"product_cat","embeddable":true,"href":"https:\/\/tempsetor.be\/galerie\/wp-json\/wp\/v2\/product_cat?post=6037"},{"taxonomy":"product_tag","embeddable":true,"href":"https:\/\/tempsetor.be\/galerie\/wp-json\/wp\/v2\/product_tag?post=6037"}],"curies":[{"name":"wp","href":"https:\/\/api.w.org\/{rel}","templated":true}]}}