{"id":6213,"date":"2021-11-16T18:47:35","date_gmt":"2021-11-16T17:47:35","guid":{"rendered":"http:\/\/www.tempsetor.be\/galerie\/?post_type=product&#038;p=6213"},"modified":"2024-06-27T11:32:11","modified_gmt":"2024-06-27T09:32:11","slug":"montre-hommes-meistersinger-bell-hora-bh0913","status":"publish","type":"product","link":"https:\/\/tempsetor.be\/galerie\/produit\/montre-hommes-meistersinger-bell-hora-bh0913\/","title":{"rendered":"Montre hommes Meistersinger &#8211; Bell Hora &#8211; BH0913"},"content":{"rendered":"<div class=\"tlid-input input\">\n<div class=\"source-wrap\">\n<div class=\"input-full-height-wrapper tlid-input-full-height-wrapper\">\n<div class=\"source-input\">\n<div class=\"source-footer-wrap source-or-target-footer\">\n<div class=\"character-count tlid-character-count\">\n<div class=\"cc-ctr normal\">Le mod\u00e8le <strong>Bell Hora<\/strong> fait revivre une complication pratiquement oubli\u00e9e : la \u00ab Sonnerie au passage \u00bb. Exactement \u00e0 l&#8217;heure, la montre \u00e9met un carillon amical, alertant le porteur du temps qui passe sans avoir \u00e0 regarder le cadran. A la diff\u00e9rence des cloches d&#8217;\u00e9glise, la Cloche Hora ne sonne qu&#8217;une seule fois et annonce \u00e0 son porteur qu&#8217;une nouvelle heure vient de commencer, pleinement \u00ab en passant \u00bb.<\/div>\n<\/div>\n<\/div>\n<\/div>\n<\/div>\n<\/div>\n<\/div>\n","protected":false},"excerpt":{"rendered":"<p><img loading=\"lazy\" decoding=\"async\" class=\"alignleft size-full wp-image-3235\" src=\"https:\/\/tempsetor.be\/galerie\/wp-content\/uploads\/2017\/12\/MeisterSinger-logo-e1512911272493.png\" alt=\"MeisterSinger logo\" width=\"149\" height=\"43\" \/><strong>MeisterSinger<\/strong>, concept original et audacieux d&#8217;une soci\u00e9t\u00e9 Suisse Allemande n\u00e9 en 2001. Allant totalement \u00e0 contre-courant de la course \u00e0 la complication voici des garde-temps simples, classiques et intemporels. Ces magnifiques montres dites &#8220;Mono aiguille&#8221;, m\u00e9caniques ou automatiques, abordent le temps diff\u00e9remment. L&#8217;\u0153il averti de l&#8217;amateur s&#8217;habitue vite aux nombreuses divisions des minutes. Une valeur s\u00fbre d&#8217;une marque qui ne cesse de cro\u00eetre.<\/p>\n<p>D\u00e9j\u00e0 garanties 2 ans, le service apr\u00e8s vente de la bijouterie <strong>Temps &amp; OR<\/strong> vous apporte une confiance suppl\u00e9mentaire pour ces produits. Selon vos besoins, ces montres peuvent \u00eatre \u00e9galement r\u00e9serv\u00e9es \u00e0 la bijouterie. La mise \u00e0 mesure offerte ainsi qu&#8217;un emballage cadeau vous y seront propos\u00e9s.<\/p>\n<p>Faites vos demandes particuli\u00e8res ou passez votre commande via ce formulaire :<br \/>\n<p class=\"wpcf7-contact-form-not-found\"><strong>Error:<\/strong> Contact form not found.<\/p><\/p>\n","protected":false},"featured_media":6214,"template":"","meta":{"_monsterinsights_skip_tracking":false,"_monsterinsights_sitenote_active":false,"_monsterinsights_sitenote_note":"","_monsterinsights_sitenote_category":0},"product_brand":[],"product_cat":[67,40,39],"product_tag":[],"class_list":{"0":"post-6213","1":"product","2":"type-product","3":"status-publish","4":"has-post-thumbnail","6":"product_cat-meistersinger-hommes","7":"product_cat-montres-hommes","8":"product_cat-hommes","10":"first","11":"instock","12":"sale","13":"shipping-taxable","14":"purchasable","15":"product-type-simple"},"_links":{"self":[{"href":"https:\/\/tempsetor.be\/galerie\/wp-json\/wp\/v2\/product\/6213","targetHints":{"allow":["GET"]}}],"collection":[{"href":"https:\/\/tempsetor.be\/galerie\/wp-json\/wp\/v2\/product"}],"about":[{"href":"https:\/\/tempsetor.be\/galerie\/wp-json\/wp\/v2\/types\/product"}],"wp:featuredmedia":[{"embeddable":true,"href":"https:\/\/tempsetor.be\/galerie\/wp-json\/wp\/v2\/media\/6214"}],"wp:attachment":[{"href":"https:\/\/tempsetor.be\/galerie\/wp-json\/wp\/v2\/media?parent=6213"}],"wp:term":[{"taxonomy":"product_brand","embeddable":true,"href":"https:\/\/tempsetor.be\/galerie\/wp-json\/wp\/v2\/product_brand?post=6213"},{"taxonomy":"product_cat","embeddable":true,"href":"https:\/\/tempsetor.be\/galerie\/wp-json\/wp\/v2\/product_cat?post=6213"},{"taxonomy":"product_tag","embeddable":true,"href":"https:\/\/tempsetor.be\/galerie\/wp-json\/wp\/v2\/product_tag?post=6213"}],"curies":[{"name":"wp","href":"https:\/\/api.w.org\/{rel}","templated":true}]}}