{"id":6219,"date":"2021-11-16T19:20:21","date_gmt":"2021-11-16T18:20:21","guid":{"rendered":"http:\/\/www.tempsetor.be\/galerie\/?post_type=product&#038;p=6219"},"modified":"2024-06-27T11:30:18","modified_gmt":"2024-06-27T09:30:18","slug":"montre-hommes-meistersinger-ivory-ne903n","status":"publish","type":"product","link":"https:\/\/tempsetor.be\/galerie\/produit\/montre-hommes-meistersinger-ivory-ne903n\/","title":{"rendered":"Montre hommes Meistersinger &#8211; Ivory &#8211; NE903N"},"content":{"rendered":"<div class=\"tlid-input input\">\n<div class=\"source-wrap\">\n<div class=\"input-full-height-wrapper tlid-input-full-height-wrapper\">\n<div class=\"source-input\">\n<div class=\"source-footer-wrap source-or-target-footer\">\n<div class=\"character-count tlid-character-count\">\n<div class=\"cc-ctr normal\">Son apparence \u00e9l\u00e9gante fait de la Neo un garde-temps classique des ann\u00e9es 50.\u00a0La lunette \u00e9troite et le verre plat H\u00e9salite rappellent les designs modernes et soign\u00e9s du milieu du 20e si\u00e8cle.<\/div>\n<\/div>\n<\/div>\n<\/div>\n<\/div>\n<\/div>\n<\/div>\n","protected":false},"excerpt":{"rendered":"<blockquote><p><img loading=\"lazy\" decoding=\"async\" class=\"alignleft size-full wp-image-3235\" src=\"https:\/\/tempsetor.be\/galerie\/wp-content\/uploads\/2017\/12\/MeisterSinger-logo-e1512911272493.png\" alt=\"MeisterSinger logo\" width=\"149\" height=\"43\" \/>La Neo est un design plus jeune et un v\u00e9ritable MeisterSinger de part en part, avec l&#8217;aiguille des heures unique et les chiffres des heures \u00e0 deux chiffres tout autour dans une typographie fonctionnelle.\u00a0Le guichet de date \u00e0 6 heures est tout aussi rond que la montre elle-m\u00eame. <span class=\"\">Le bo\u00eetier fin en acier inoxydable du N\u00b0 03 mesure 36 millim\u00e8tres de diam\u00e8tre et est \u00e9tanche jusqu&#8217;\u00e0 5 bars.\u00a0<\/span>Le dos est grav\u00e9 du fermata, le logo MeisterSinger d&#8217;inspiration musicale.\u00a0La Neo est anim\u00e9e par un mouvement automatique suisse avec une r\u00e9serve de marche de 38 heures.<\/p><\/blockquote>\n<p><strong>MeisterSinger<\/strong>, concept original et audacieux d&#8217;une soci\u00e9t\u00e9 Suisse Allemande n\u00e9 en 2001. Allant totalement \u00e0 contre-courant de la course \u00e0 la complication voici des garde-temps simples, classiques et intemporels. Ces magnifiques montres dites &#8220;Mono aiguille&#8221;, m\u00e9caniques ou automatiques, abordent le temps diff\u00e9remment. L&#8217;\u0153il averti de l&#8217;amateur s&#8217;habitue vite aux nombreuses divisions des minutes. Une valeur s\u00fbre d&#8217;une marque qui ne cesse de cro\u00eetre.<\/p>\n<p>D\u00e9j\u00e0 garanties 2 ans, le service apr\u00e8s vente de la bijouterie <strong>Temps &amp; OR<\/strong> vous apporte une confiance suppl\u00e9mentaire pour ces produits. Selon vos besoins, ces montres peuvent \u00eatre \u00e9galement r\u00e9serv\u00e9es \u00e0 la bijouterie. La mise \u00e0 mesure offerte ainsi qu&#8217;un emballage cadeau vous y seront propos\u00e9s.<\/p>\n<p>Faites vos demandes particuli\u00e8res ou passez votre commande via ce formulaire :<br \/>\n<p class=\"wpcf7-contact-form-not-found\"><strong>Error:<\/strong> Contact form not found.<\/p><\/p>\n","protected":false},"featured_media":6220,"template":"","meta":{"_monsterinsights_skip_tracking":false,"_monsterinsights_sitenote_active":false,"_monsterinsights_sitenote_note":"","_monsterinsights_sitenote_category":0},"product_brand":[],"product_cat":[67,40,39],"product_tag":[],"class_list":{"0":"post-6219","1":"product","2":"type-product","3":"status-publish","4":"has-post-thumbnail","6":"product_cat-meistersinger-hommes","7":"product_cat-montres-hommes","8":"product_cat-hommes","10":"first","11":"instock","12":"sale","13":"shipping-taxable","14":"purchasable","15":"product-type-simple"},"_links":{"self":[{"href":"https:\/\/tempsetor.be\/galerie\/wp-json\/wp\/v2\/product\/6219","targetHints":{"allow":["GET"]}}],"collection":[{"href":"https:\/\/tempsetor.be\/galerie\/wp-json\/wp\/v2\/product"}],"about":[{"href":"https:\/\/tempsetor.be\/galerie\/wp-json\/wp\/v2\/types\/product"}],"wp:featuredmedia":[{"embeddable":true,"href":"https:\/\/tempsetor.be\/galerie\/wp-json\/wp\/v2\/media\/6220"}],"wp:attachment":[{"href":"https:\/\/tempsetor.be\/galerie\/wp-json\/wp\/v2\/media?parent=6219"}],"wp:term":[{"taxonomy":"product_brand","embeddable":true,"href":"https:\/\/tempsetor.be\/galerie\/wp-json\/wp\/v2\/product_brand?post=6219"},{"taxonomy":"product_cat","embeddable":true,"href":"https:\/\/tempsetor.be\/galerie\/wp-json\/wp\/v2\/product_cat?post=6219"},{"taxonomy":"product_tag","embeddable":true,"href":"https:\/\/tempsetor.be\/galerie\/wp-json\/wp\/v2\/product_tag?post=6219"}],"curies":[{"name":"wp","href":"https:\/\/api.w.org\/{rel}","templated":true}]}}