{"id":6223,"date":"2021-11-16T19:43:23","date_gmt":"2021-11-16T18:43:23","guid":{"rendered":"http:\/\/www.tempsetor.be\/galerie\/?post_type=product&#038;p=6223"},"modified":"2024-06-27T11:28:42","modified_gmt":"2024-06-27T09:28:42","slug":"montre-hommes-meistersinger-unomat-noir-un902","status":"publish","type":"product","link":"https:\/\/tempsetor.be\/galerie\/produit\/montre-hommes-meistersinger-unomat-noir-un902\/","title":{"rendered":"Montre hommes Meistersinger &#8211; Unomat Noir &#8211; UN902"},"content":{"rendered":"<div class=\"tlid-input input\">\n<div class=\"source-wrap\">\n<div class=\"input-full-height-wrapper tlid-input-full-height-wrapper\">\n<div class=\"source-input\">\n<div class=\"source-footer-wrap source-or-target-footer\">\n<div class=\"character-count tlid-character-count\">\n<div class=\"cc-ctr normal\">\n<p class=\"product_title entry-title\">Unomat Noir | La montre en acier de MeisterSinger : antimagn\u00e9tique et \u00e9tanche \u00e0 300 m\u00e8tres<\/p>\n<\/div>\n<\/div>\n<\/div>\n<\/div>\n<\/div>\n<\/div>\n<\/div>\n","protected":false},"excerpt":{"rendered":"<blockquote><p><img loading=\"lazy\" decoding=\"async\" class=\"alignleft size-full wp-image-3235\" src=\"https:\/\/tempsetor.be\/galerie\/wp-content\/uploads\/2017\/12\/MeisterSinger-logo-e1512911272493.png\" alt=\"MeisterSinger logo\" width=\"149\" height=\"43\" \/>Si vous cherchez une montre id\u00e9ale pour un usage quotidien et pour \u00eatre arm\u00e9 contre toutes les agressions, la nouvelle Unomat sera votre compagnon le plus fid\u00e8le : Antimagn\u00e9tique, \u00e9tanche \u00e0 300 m\u00e8tres, fond de bo\u00eete en acier viss\u00e9 extra r\u00e9sistant, couronne viss\u00e9e et prot\u00e8ge couronne. Jamais une MeisterSinger n&#8217;a \u00e9t\u00e9 aussi robuste. Le superbe bo\u00eetier en acier inoxydable de 43 mm est dot\u00e9 de c\u00f4t\u00e9s qui prot\u00e8gent la couronne viss\u00e9e des coups et des chocs. Le fond de bo\u00eete en acier viss\u00e9 extra-fort fait le reste.<\/p><\/blockquote>\n<p>Un bracelet de montre vegan en fibre de pomme et un emballage respectueux de l&#8217;environnement compl\u00e8tent le concept de durabilit\u00e9 de ce garde-temps en \u00e9dition limit\u00e9e.<\/p>\n<p><strong>MeisterSinger<\/strong>, concept original et audacieux d&#8217;une soci\u00e9t\u00e9 Suisse Allemande n\u00e9 en 2001. Allant totalement \u00e0 contre-courant de la course \u00e0 la complication voici des garde-temps simples, classiques et intemporels. Ces magnifiques montres dites &#8220;Mono aiguille&#8221;, m\u00e9caniques ou automatiques, abordent le temps diff\u00e9remment. L&#8217;\u0153il averti de l&#8217;amateur s&#8217;habitue vite aux nombreuses divisions des minutes. Une valeur s\u00fbre d&#8217;une marque qui ne cesse de cro\u00eetre.<\/p>\n<p>D\u00e9j\u00e0 garanties 2 ans, le service apr\u00e8s vente de la bijouterie <strong>Temps &amp; OR<\/strong> vous apporte une confiance suppl\u00e9mentaire pour ces produits. Selon vos besoins, ces montres peuvent \u00eatre \u00e9galement r\u00e9serv\u00e9es \u00e0 la bijouterie. La mise \u00e0 mesure offerte ainsi qu&#8217;un emballage cadeau vous y seront propos\u00e9s.<\/p>\n<p>Faites vos demandes particuli\u00e8res ou passez votre commande via ce formulaire :<br \/>\n<p class=\"wpcf7-contact-form-not-found\"><strong>Error:<\/strong> Contact form not found.<\/p><\/p>\n","protected":false},"featured_media":6224,"template":"","meta":{"_monsterinsights_skip_tracking":false,"_monsterinsights_sitenote_active":false,"_monsterinsights_sitenote_note":"","_monsterinsights_sitenote_category":0},"product_brand":[],"product_cat":[67,40,39],"product_tag":[],"class_list":{"0":"post-6223","1":"product","2":"type-product","3":"status-publish","4":"has-post-thumbnail","6":"product_cat-meistersinger-hommes","7":"product_cat-montres-hommes","8":"product_cat-hommes","10":"first","11":"instock","12":"sale","13":"shipping-taxable","14":"purchasable","15":"product-type-simple"},"_links":{"self":[{"href":"https:\/\/tempsetor.be\/galerie\/wp-json\/wp\/v2\/product\/6223","targetHints":{"allow":["GET"]}}],"collection":[{"href":"https:\/\/tempsetor.be\/galerie\/wp-json\/wp\/v2\/product"}],"about":[{"href":"https:\/\/tempsetor.be\/galerie\/wp-json\/wp\/v2\/types\/product"}],"wp:featuredmedia":[{"embeddable":true,"href":"https:\/\/tempsetor.be\/galerie\/wp-json\/wp\/v2\/media\/6224"}],"wp:attachment":[{"href":"https:\/\/tempsetor.be\/galerie\/wp-json\/wp\/v2\/media?parent=6223"}],"wp:term":[{"taxonomy":"product_brand","embeddable":true,"href":"https:\/\/tempsetor.be\/galerie\/wp-json\/wp\/v2\/product_brand?post=6223"},{"taxonomy":"product_cat","embeddable":true,"href":"https:\/\/tempsetor.be\/galerie\/wp-json\/wp\/v2\/product_cat?post=6223"},{"taxonomy":"product_tag","embeddable":true,"href":"https:\/\/tempsetor.be\/galerie\/wp-json\/wp\/v2\/product_tag?post=6223"}],"curies":[{"name":"wp","href":"https:\/\/api.w.org\/{rel}","templated":true}]}}