{"id":6226,"date":"2021-11-17T12:02:10","date_gmt":"2021-11-17T11:02:10","guid":{"rendered":"http:\/\/www.tempsetor.be\/galerie\/?post_type=product&#038;p=6226"},"modified":"2022-08-25T11:42:45","modified_gmt":"2022-08-25T09:42:45","slug":"montre-hommes-casio-g-shock-gg-b100-1a3er","status":"publish","type":"product","link":"https:\/\/tempsetor.be\/galerie\/produit\/montre-hommes-casio-g-shock-gg-b100-1a3er\/","title":{"rendered":"Montre hommes &#8211; Casio &#8211; G-SHOCK PRO &#8211; GG-B100-1A3ER"},"content":{"rendered":"<p><b>Bluetooth\u00ae Smart<\/b><br \/>\nLa montre est \u00e9quip\u00e9e d\u2019une technologie Bluetooth\u00ae \u00e9conome en \u00e9nergie permettant l\u2019\u00e9change de donn\u00e9es d\u2019une simple pression sur un bouton. La fonction Bluetooth\u00ae permet de connecter sans fil la montre \u00e0 un smartphone, donnant ainsi acc\u00e8s \u00e0 une multitude de fonctionnalit\u00e9s tr\u00e8s pratiques.<\/p>\n<p><b>Smartphone time<\/b><br \/>\nSi l&#8217;horloge est coupl\u00e9 au smartphone, le temps est r\u00e9gl\u00e9 automatiquement et afficher l&#8217;heure actuelle si le monde entier.<\/p>\n<p><b>\u00c9clairage LED automatique<\/b><br \/>\nPour illuminer l&#8217;\u00e9cran de la montre au moyen des diodes \u00e9lectroluminescentes, il suffit de tourner l\u00e9g\u00e8rement le poignet<\/p>\n<p><b>Bo\u00eetier r\u00e9sistant aux salissures<\/b><br \/>\nLe bo\u00eetier de cette montre est herm\u00e9tiquement ferm\u00e9 : les impuret\u00e9s et la poussi\u00e8re ne peuvent pas y p\u00e9n\u00e9trer.<\/p>\n","protected":false},"excerpt":{"rendered":"<p><img loading=\"lazy\" decoding=\"async\" class=\"wp-image-4183 size-full alignleft\" src=\"https:\/\/tempsetor.be\/galerie\/wp-content\/uploads\/2018\/11\/casio-logo.png\" alt=\"casio logo\" width=\"150\" height=\"30\" srcset=\"https:\/\/tempsetor.be\/galerie\/wp-content\/uploads\/2018\/11\/casio-logo.png 150w, https:\/\/tempsetor.be\/galerie\/wp-content\/uploads\/2018\/11\/casio-logo-50x10.png 50w\" sizes=\"auto, (max-width:767px) 150px, 150px\" \/><\/p>\n<p><b>R\u00e9sistance aux chocs<br \/>\n<\/b>La structure r\u00e9sistante aux chocs prot\u00e8ge la montre contre les impacts et les vibrations.<\/p>\n<p><b>Rev\u00eatement Neobrite<\/b><br \/>\nLes aiguilles et\/ou l&#8217;index ont un rev\u00eatement fluorescent et continuent \u00e0 briller dans l&#8217;obscurit\u00e9 lorsque la montre a \u00e9t\u00e9 expos\u00e9e auparavant \u00e0 une source lumineuse.<\/p>\n<p><b>Boussole<\/b><br \/>\nUn capteur de direction int\u00e9gr\u00e9 d\u00e9tecte le nord magn\u00e9tique.<\/p>\n<p><b>Altim\u00e8tre 10000 m<\/b><br \/>\nUn capteur de pression d\u00e9tecte les changements de pression atmosph\u00e9rique et convertit le r\u00e9sultat en une altitude, jusqu&#8217;\u00e0 10 000 m.<\/p>\n<p><b>M\u00e9moire altim\u00e8tre<\/b><br \/>\nLa montre dispose d&#8217;une m\u00e9moire pouvant, selon les mod\u00e8les, enregistrer jusqu&#8217;\u00e0 40\u00a0blocs d&#8217;information relatifs \u00e0 l&#8217;altitude qui peuvent \u00eatre consult\u00e9s \u00e0 tout moment. Chaque bloc de donn\u00e9es se compose de l&#8217;altitude mesur\u00e9e et de la date et de l&#8217;heure de l&#8217;enregistrement. Outre l&#8217;altitude mesur\u00e9e, l&#8217;altim\u00e8tre enregistre \u00e9galement l&#8217;altitude maximale et l&#8217;altitude minimale d&#8217;une mesure<\/p>\n<p>D\u00e9j\u00e0 garanties 2 ans, le service apr\u00e8s vente de la bijouterie <strong>Temps &amp; OR<\/strong> vous apporte une confiance suppl\u00e9mentaire pour ces produits. Selon vos besoins, ces montres peuvent \u00eatre \u00e9galement r\u00e9serv\u00e9es \u00e0 la bijouterie. La mise \u00e0 mesure offerte ainsi qu&#8217;un emballage cadeau vous y seront propos\u00e9s.<\/p>\n<p>Faites vos demandes particuli\u00e8res ou passez votre commande via ce formulaire :<br \/>\n<p class=\"wpcf7-contact-form-not-found\"><strong>Error:<\/strong> Contact form not found.<\/p><\/p>\n","protected":false},"featured_media":6227,"template":"","meta":{"_monsterinsights_skip_tracking":false,"_monsterinsights_sitenote_active":false,"_monsterinsights_sitenote_note":"","_monsterinsights_sitenote_category":0},"product_brand":[],"product_cat":[828,40,39],"product_tag":[],"class_list":{"0":"post-6226","1":"product","2":"type-product","3":"status-publish","4":"has-post-thumbnail","6":"product_cat-casio-hommes","7":"product_cat-montres-hommes","8":"product_cat-hommes","10":"first","11":"instock","12":"shipping-taxable","13":"purchasable","14":"product-type-simple"},"_links":{"self":[{"href":"https:\/\/tempsetor.be\/galerie\/wp-json\/wp\/v2\/product\/6226","targetHints":{"allow":["GET"]}}],"collection":[{"href":"https:\/\/tempsetor.be\/galerie\/wp-json\/wp\/v2\/product"}],"about":[{"href":"https:\/\/tempsetor.be\/galerie\/wp-json\/wp\/v2\/types\/product"}],"wp:featuredmedia":[{"embeddable":true,"href":"https:\/\/tempsetor.be\/galerie\/wp-json\/wp\/v2\/media\/6227"}],"wp:attachment":[{"href":"https:\/\/tempsetor.be\/galerie\/wp-json\/wp\/v2\/media?parent=6226"}],"wp:term":[{"taxonomy":"product_brand","embeddable":true,"href":"https:\/\/tempsetor.be\/galerie\/wp-json\/wp\/v2\/product_brand?post=6226"},{"taxonomy":"product_cat","embeddable":true,"href":"https:\/\/tempsetor.be\/galerie\/wp-json\/wp\/v2\/product_cat?post=6226"},{"taxonomy":"product_tag","embeddable":true,"href":"https:\/\/tempsetor.be\/galerie\/wp-json\/wp\/v2\/product_tag?post=6226"}],"curies":[{"name":"wp","href":"https:\/\/api.w.org\/{rel}","templated":true}]}}