{"id":6232,"date":"2021-11-18T18:38:13","date_gmt":"2021-11-18T17:38:13","guid":{"rendered":"http:\/\/www.tempsetor.be\/galerie\/?post_type=product&#038;p=6232"},"modified":"2021-11-18T18:44:11","modified_gmt":"2021-11-18T17:44:11","slug":"montre-hommes-casio-g-shock-ga-2000ske-8aer","status":"publish","type":"product","link":"https:\/\/tempsetor.be\/galerie\/produit\/montre-hommes-casio-g-shock-ga-2000ske-8aer\/","title":{"rendered":"Montre hommes &#8211; Casio &#8211; G-SHOCK &#8211; GA-2000SKE-8AER"},"content":{"rendered":"<p><strong>5 alarmes quotidiennes<\/strong><br \/>\nUne alarme sonore vous rappelle quotidiennement vos \u00e9ch\u00e9ances \u00e0 l&#8217;heure programm\u00e9e. Ce mod\u00e8le dispose de cinq\u00a0alarmes ind\u00e9pendantes pour vous rappeler en toute flexibilit\u00e9 vos rendez-vous importants.<\/p>\n<p><strong>Bracelet en r\u00e9sine<\/strong><br \/>\nGr\u00e2ce \u00e0 son extr\u00eame durabilit\u00e9 et sa souplesse, la r\u00e9sine synth\u00e9tique constitue un mat\u00e9riau id\u00e9al pour les bracelets.<\/p>\n<p><strong>2\u00a0ans &#8211; 1\u00a0pile<\/strong><br \/>\nLa pile procure \u00e0 la montre l&#8217;\u00e9nergie n\u00e9cessaire pendant env. 2\u00a0ans.<\/p>\n<p><strong>\u00c9clairage LED<\/strong><br \/>\nLe cadran de la montre est \u00e9clair\u00e9 par une diode \u00e9lectroluminescente.<\/p>\n","protected":false},"excerpt":{"rendered":"<p><img loading=\"lazy\" decoding=\"async\" class=\"wp-image-4183 size-full alignleft\" src=\"https:\/\/tempsetor.be\/galerie\/wp-content\/uploads\/2018\/11\/casio-logo.png\" alt=\"casio logo\" width=\"150\" height=\"30\" srcset=\"https:\/\/tempsetor.be\/galerie\/wp-content\/uploads\/2018\/11\/casio-logo.png 150w, https:\/\/tempsetor.be\/galerie\/wp-content\/uploads\/2018\/11\/casio-logo-50x10.png 50w\" sizes=\"auto, (max-width:767px) 150px, 150px\" \/><\/p>\n<p><strong>Bo\u00eetier r\u00e9sine renforc\u00e9 en fibre de carbone<\/strong><br \/>\nGr\u00e2ce \u00e0 son extr\u00eame durabilit\u00e9, la r\u00e9sine constitue un mat\u00e9riau id\u00e9al pour les montres. Combin\u00e9e au carbone particuli\u00e8rement robuste, elle permet d\u2019obtenir un bo\u00eetier \u00e0 la long\u00e9vit\u00e9 particuli\u00e8rement \u00e9lev\u00e9e, encore plus r\u00e9sistant aux agressions ext\u00e9rieures.<\/p>\n<p><strong>Verre min\u00e9ral<\/strong><br \/>\nLe verre min\u00e9ral dur et r\u00e9sistant aux rayures prot\u00e8ge la montre des dommages inesth\u00e9tiques.<\/p>\n<p><strong>Calendrier automatique<\/strong><br \/>\nUne fois programm\u00e9, le calendrier automatique affiche toujours la date correcte.<\/p>\n<p><strong>Format de l&#8217;heure 12\/24\u00a0heures<\/strong><br \/>\nVous pouvez afficher l&#8217;heure au format 12\u00a0heures ou 24\u00a0heures.<\/p>\n<p>D\u00e9j\u00e0 garanties 2 ans, le service apr\u00e8s vente de la bijouterie <strong>Temps &amp; OR<\/strong> vous apporte une confiance suppl\u00e9mentaire pour ces produits. Selon vos besoins, ces montres peuvent \u00eatre \u00e9galement r\u00e9serv\u00e9es \u00e0 la bijouterie. La mise \u00e0 mesure offerte ainsi qu&#8217;un emballage cadeau vous y seront propos\u00e9s.<\/p>\n<p>Faites vos demandes particuli\u00e8res ou passez votre commande via ce formulaire :<br \/>\n<p class=\"wpcf7-contact-form-not-found\"><strong>Error:<\/strong> Contact form not found.<\/p><\/p>\n","protected":false},"featured_media":6233,"template":"","meta":{"_monsterinsights_skip_tracking":false,"_monsterinsights_sitenote_active":false,"_monsterinsights_sitenote_note":"","_monsterinsights_sitenote_category":0},"product_brand":[],"product_cat":[828,40,39],"product_tag":[],"class_list":{"0":"post-6232","1":"product","2":"type-product","3":"status-publish","4":"has-post-thumbnail","6":"product_cat-casio-hommes","7":"product_cat-montres-hommes","8":"product_cat-hommes","10":"first","11":"instock","12":"shipping-taxable","13":"purchasable","14":"product-type-simple"},"_links":{"self":[{"href":"https:\/\/tempsetor.be\/galerie\/wp-json\/wp\/v2\/product\/6232","targetHints":{"allow":["GET"]}}],"collection":[{"href":"https:\/\/tempsetor.be\/galerie\/wp-json\/wp\/v2\/product"}],"about":[{"href":"https:\/\/tempsetor.be\/galerie\/wp-json\/wp\/v2\/types\/product"}],"wp:featuredmedia":[{"embeddable":true,"href":"https:\/\/tempsetor.be\/galerie\/wp-json\/wp\/v2\/media\/6233"}],"wp:attachment":[{"href":"https:\/\/tempsetor.be\/galerie\/wp-json\/wp\/v2\/media?parent=6232"}],"wp:term":[{"taxonomy":"product_brand","embeddable":true,"href":"https:\/\/tempsetor.be\/galerie\/wp-json\/wp\/v2\/product_brand?post=6232"},{"taxonomy":"product_cat","embeddable":true,"href":"https:\/\/tempsetor.be\/galerie\/wp-json\/wp\/v2\/product_cat?post=6232"},{"taxonomy":"product_tag","embeddable":true,"href":"https:\/\/tempsetor.be\/galerie\/wp-json\/wp\/v2\/product_tag?post=6232"}],"curies":[{"name":"wp","href":"https:\/\/api.w.org\/{rel}","templated":true}]}}