{"id":6234,"date":"2021-11-18T19:39:32","date_gmt":"2021-11-18T18:39:32","guid":{"rendered":"http:\/\/www.tempsetor.be\/galerie\/?post_type=product&#038;p=6234"},"modified":"2022-10-08T11:21:13","modified_gmt":"2022-10-08T09:21:13","slug":"montre-hommes-casio-g-shock-ga-140mg-1aer","status":"publish","type":"product","link":"https:\/\/tempsetor.be\/galerie\/produit\/montre-hommes-casio-g-shock-ga-140mg-1aer\/","title":{"rendered":"Montre hommes &#8211; Casio &#8211; G-SHOCK &#8211; GA-140MG-1AER"},"content":{"rendered":"<p><b>\u00c9clairage LED automatique<\/b><br \/>\nPour illuminer l&#8217;\u00e9cran de la montre au moyen des diodes \u00e9lectroluminescentes, il suffit de tourner l\u00e9g\u00e8rement le poignet<\/p>\n<p><b>R\u00e9sistance aux chocs<\/b><br \/>\nLa structure r\u00e9sistante aux chocs prot\u00e8ge la montre contre les impacts et les vibrations.<\/p>\n<p><b>R\u00e9sistance aux champs magn\u00e9tiques<\/b><br \/>\nLe bo\u00eetier a \u00e9t\u00e9 con\u00e7u pour r\u00e9sister aux champs magn\u00e9tiques.<\/p>\n","protected":false},"excerpt":{"rendered":"<p><img loading=\"lazy\" decoding=\"async\" class=\"wp-image-4183 size-full alignleft\" src=\"https:\/\/tempsetor.be\/galerie\/wp-content\/uploads\/2018\/11\/casio-logo.png\" alt=\"casio logo\" width=\"150\" height=\"30\" srcset=\"https:\/\/tempsetor.be\/galerie\/wp-content\/uploads\/2018\/11\/casio-logo.png 150w, https:\/\/tempsetor.be\/galerie\/wp-content\/uploads\/2018\/11\/casio-logo-50x10.png 50w\" sizes=\"auto, (max-width:767px) 150px, 150px\" \/><\/p>\n<p><b>Fonction d&#8217;heure universelle<\/b><br \/>\nLa fonction d\u2019heure universelle affiche l\u2019heure dans 29 fuseaux horaires et grandes villes du monde.<\/p>\n<p><b>Chronom\u00e8tre 1\/1000\u00e8me de s. &#8211; 100 heures<\/b><br \/>\nMesure le temps \u00e9coul\u00e9 avec une pr\u00e9cision au 1\/1000\u00e8me de seconde sur une dur\u00e9e maximale de 100 heures. Le signal sonore confirme le lancement et l\u2019arr\u00eat du chronom\u00e8tre.<\/p>\n<p><b>5 alarmes quotidiennes<\/b><br \/>\nUne alarme sonore vous rappelle quotidiennement vos \u00e9ch\u00e9ances \u00e0 l&#8217;heure programm\u00e9e. Ce mod\u00e8le dispose de cinq\u00a0alarmes ind\u00e9pendantes pour vous rappeler en toute flexibilit\u00e9 vos rendez-vous importants.<\/p>\n<p>D\u00e9j\u00e0 garanties 2 ans, le service apr\u00e8s vente de la bijouterie <strong>Temps &amp; OR<\/strong> vous apporte une confiance suppl\u00e9mentaire pour ces produits. Selon vos besoins, ces montres peuvent \u00eatre \u00e9galement r\u00e9serv\u00e9es \u00e0 la bijouterie. La mise \u00e0 mesure offerte ainsi qu&#8217;un emballage cadeau vous y seront propos\u00e9s.<\/p>\n<p>Faites vos demandes particuli\u00e8res ou passez votre commande via ce formulaire :<br \/>\n<p class=\"wpcf7-contact-form-not-found\"><strong>Error:<\/strong> Contact form not found.<\/p><\/p>\n","protected":false},"featured_media":6235,"template":"","meta":{"_monsterinsights_skip_tracking":false,"_monsterinsights_sitenote_active":false,"_monsterinsights_sitenote_note":"","_monsterinsights_sitenote_category":0},"product_brand":[],"product_cat":[2056,40,39],"product_tag":[],"class_list":{"0":"post-6234","1":"product","2":"type-product","3":"status-publish","4":"has-post-thumbnail","6":"product_cat-casio-g-shock-pro-homme-montre","7":"product_cat-montres-hommes","8":"product_cat-hommes","10":"first","11":"instock","12":"shipping-taxable","13":"purchasable","14":"product-type-simple"},"_links":{"self":[{"href":"https:\/\/tempsetor.be\/galerie\/wp-json\/wp\/v2\/product\/6234","targetHints":{"allow":["GET"]}}],"collection":[{"href":"https:\/\/tempsetor.be\/galerie\/wp-json\/wp\/v2\/product"}],"about":[{"href":"https:\/\/tempsetor.be\/galerie\/wp-json\/wp\/v2\/types\/product"}],"wp:featuredmedia":[{"embeddable":true,"href":"https:\/\/tempsetor.be\/galerie\/wp-json\/wp\/v2\/media\/6235"}],"wp:attachment":[{"href":"https:\/\/tempsetor.be\/galerie\/wp-json\/wp\/v2\/media?parent=6234"}],"wp:term":[{"taxonomy":"product_brand","embeddable":true,"href":"https:\/\/tempsetor.be\/galerie\/wp-json\/wp\/v2\/product_brand?post=6234"},{"taxonomy":"product_cat","embeddable":true,"href":"https:\/\/tempsetor.be\/galerie\/wp-json\/wp\/v2\/product_cat?post=6234"},{"taxonomy":"product_tag","embeddable":true,"href":"https:\/\/tempsetor.be\/galerie\/wp-json\/wp\/v2\/product_tag?post=6234"}],"curies":[{"name":"wp","href":"https:\/\/api.w.org\/{rel}","templated":true}]}}