{"id":6238,"date":"2021-11-18T20:06:01","date_gmt":"2021-11-18T19:06:01","guid":{"rendered":"http:\/\/www.tempsetor.be\/galerie\/?post_type=product&#038;p=6238"},"modified":"2021-11-18T20:11:14","modified_gmt":"2021-11-18T19:11:14","slug":"montre-hommes-casio-g-shock-ga-2100-1a1er","status":"publish","type":"product","link":"https:\/\/tempsetor.be\/galerie\/produit\/montre-hommes-casio-g-shock-ga-2100-1a1er\/","title":{"rendered":"Montre hommes &#8211; Casio &#8211; G-SHOCK &#8211; GA-2100-1A1ER"},"content":{"rendered":"<p><strong>5 alarmes quotidiennes<\/strong><br \/>\nUne alarme sonore vous rappelle quotidiennement vos \u00e9ch\u00e9ances \u00e0 l&#8217;heure programm\u00e9e. Ce mod\u00e8le dispose de cinq\u00a0alarmes ind\u00e9pendantes pour vous rappeler en toute flexibilit\u00e9 vos rendez-vous importants.<\/p>\n<p><strong>Bracelet en r\u00e9sine<\/strong><br \/>\nGr\u00e2ce \u00e0 son extr\u00eame durabilit\u00e9 et sa souplesse, la r\u00e9sine synth\u00e9tique constitue un mat\u00e9riau id\u00e9al pour les bracelets.<\/p>\n<p><strong>\u00c9clairage LED<\/strong><br \/>\nLe cadran de la montre est \u00e9clair\u00e9 par une diode \u00e9lectroluminescente.<\/p>\n","protected":false},"excerpt":{"rendered":"<p><img loading=\"lazy\" decoding=\"async\" class=\"wp-image-4183 size-full alignleft\" src=\"https:\/\/tempsetor.be\/galerie\/wp-content\/uploads\/2018\/11\/casio-logo.png\" alt=\"casio logo\" width=\"150\" height=\"30\" srcset=\"https:\/\/tempsetor.be\/galerie\/wp-content\/uploads\/2018\/11\/casio-logo.png 150w, https:\/\/tempsetor.be\/galerie\/wp-content\/uploads\/2018\/11\/casio-logo-50x10.png 50w\" sizes=\"auto, (max-width:767px) 150px, 150px\" \/><\/p>\n<p><b>Fonction d&#8217;heure universelle<\/b><br \/>\nLa fonction d\u2019heure universelle affiche l\u2019heure dans 29 fuseaux horaires et grandes villes du monde.<\/p>\n<p><b>Chronom\u00e8tre 1\/100 s &#8211; 24 heures<\/b><br \/>\nMesure le temps \u00e9coul\u00e9 avec une pr\u00e9cision au 1\/100\u00e8me de seconde sur une dur\u00e9e maximale de 24 heures. Le signal sonore confirme le lancement et l&#8217;arr\u00eat du chronom\u00e8tre.<\/p>\n<p><b>Comptes \u00e0 rebours &#8211; 1\/1 sec &#8211; 24 heures<\/b><br \/>\nPour tous ceux qui aiment la pr\u00e9cision : les comptes \u00e0 rebours vous rappellent les \u00e9v\u00e8nements importants ou r\u00e9currents en \u00e9mettant un signal acoustique \u00e0 la date et l&#8217;heure r\u00e9gl\u00e9es. Le temps peut \u00eatre programm\u00e9 en secondes, 24 heures maximum \u00e0 l&#8217;avance.<\/p>\n<p><b>5 alarmes quotidiennes<\/b><br \/>\nUne alarme sonore vous rappelle quotidiennement vos \u00e9ch\u00e9ances \u00e0 l&#8217;heure programm\u00e9e. Ce mod\u00e8le dispose de cinq\u00a0alarmes ind\u00e9pendantes pour vous rappeler en toute flexibilit\u00e9 vos rendez-vous importants.<\/p>\n<p>D\u00e9j\u00e0 garanties 2 ans, le service apr\u00e8s vente de la bijouterie <strong>Temps &amp; OR<\/strong> vous apporte une confiance suppl\u00e9mentaire pour ces produits. Selon vos besoins, ces montres peuvent \u00eatre \u00e9galement r\u00e9serv\u00e9es \u00e0 la bijouterie. La mise \u00e0 mesure offerte ainsi qu&#8217;un emballage cadeau vous y seront propos\u00e9s.<\/p>\n<p>Faites vos demandes particuli\u00e8res ou passez votre commande via ce formulaire :<br \/>\n<p class=\"wpcf7-contact-form-not-found\"><strong>Error:<\/strong> Contact form not found.<\/p><\/p>\n","protected":false},"featured_media":6239,"template":"","meta":{"_monsterinsights_skip_tracking":false,"_monsterinsights_sitenote_active":false,"_monsterinsights_sitenote_note":"","_monsterinsights_sitenote_category":0},"product_brand":[],"product_cat":[828,40,39],"product_tag":[],"class_list":{"0":"post-6238","1":"product","2":"type-product","3":"status-publish","4":"has-post-thumbnail","6":"product_cat-casio-hommes","7":"product_cat-montres-hommes","8":"product_cat-hommes","10":"first","11":"instock","12":"shipping-taxable","13":"purchasable","14":"product-type-simple"},"_links":{"self":[{"href":"https:\/\/tempsetor.be\/galerie\/wp-json\/wp\/v2\/product\/6238","targetHints":{"allow":["GET"]}}],"collection":[{"href":"https:\/\/tempsetor.be\/galerie\/wp-json\/wp\/v2\/product"}],"about":[{"href":"https:\/\/tempsetor.be\/galerie\/wp-json\/wp\/v2\/types\/product"}],"wp:featuredmedia":[{"embeddable":true,"href":"https:\/\/tempsetor.be\/galerie\/wp-json\/wp\/v2\/media\/6239"}],"wp:attachment":[{"href":"https:\/\/tempsetor.be\/galerie\/wp-json\/wp\/v2\/media?parent=6238"}],"wp:term":[{"taxonomy":"product_brand","embeddable":true,"href":"https:\/\/tempsetor.be\/galerie\/wp-json\/wp\/v2\/product_brand?post=6238"},{"taxonomy":"product_cat","embeddable":true,"href":"https:\/\/tempsetor.be\/galerie\/wp-json\/wp\/v2\/product_cat?post=6238"},{"taxonomy":"product_tag","embeddable":true,"href":"https:\/\/tempsetor.be\/galerie\/wp-json\/wp\/v2\/product_tag?post=6238"}],"curies":[{"name":"wp","href":"https:\/\/api.w.org\/{rel}","templated":true}]}}