{"id":6245,"date":"2021-11-21T17:43:12","date_gmt":"2021-11-21T16:43:12","guid":{"rendered":"http:\/\/www.tempsetor.be\/galerie\/?post_type=product&#038;p=6245"},"modified":"2021-11-21T17:48:19","modified_gmt":"2021-11-21T16:48:19","slug":"montre-hommes-victorinox-aliance-241907","status":"publish","type":"product","link":"https:\/\/tempsetor.be\/galerie\/produit\/montre-hommes-victorinox-aliance-241907\/","title":{"rendered":"Montre hommes Victorinox &#8211; Aliance &#8211; 241907"},"content":{"rendered":"<h3 class=\"title e-h4\">Principales caract\u00e9ristiques<\/h3>\n<div class=\"product-key-attributes group-richtext\">\n<ul>\n<li>Design intemporel et savoir-faire de qualit\u00e9 pour toutes les occasions et confort optimal<\/li>\n<li>Bo\u00eetier en acier inoxydable (316L) de qualit\u00e9 sup\u00e9rieure avec bracelet cuir haut de gamme et aiguilles aux dimensions g\u00e9n\u00e9reuses<\/li>\n<li>A fait l\u2019objet de 100 tests d\u2019homologation qui lui garantissent une performance impeccable au quotidien ; b\u00e9n\u00e9ficie de la Garantie+ internationale de 5 ans<\/li>\n<\/ul>\n<\/div>\n","protected":false},"excerpt":{"rendered":"<p><img loading=\"lazy\" decoding=\"async\" class=\"alignleft wp-image-2745 size-full\" src=\"https:\/\/tempsetor.be\/galerie\/wp-content\/uploads\/2015\/04\/victorinox.jpg\" alt=\"Logo Victorinox\" width=\"150\" height=\"75\" srcset=\"https:\/\/tempsetor.be\/galerie\/wp-content\/uploads\/2015\/04\/victorinox.jpg 150w, https:\/\/tempsetor.be\/galerie\/wp-content\/uploads\/2015\/04\/victorinox-50x25.jpg 50w\" sizes=\"auto, (max-width:767px) 150px, 150px\" \/><\/p>\n<h2 class=\"title e-h2\">L\u2019essence du temps<\/h2>\n<div class=\"group-richtext\">\n<p>Faites connaissance avec votre nouvelle collaboratrice\u00a0: la montre Alliance. Cette montre du quotidien n\u2019a vraiment rien d\u2019ordinaire. Elle a fait l\u2019objet de 100\u00a0tests d\u2019homologation qui lui garantissent de pouvoir r\u00e9sister \u00e0 tous les d\u00e9fis du quotidien et associe des d\u00e9tails de pr\u00e9cision de fabrication suisse \u00e0 un bracelet en cuir sophistiqu\u00e9. Voil\u00e0 un garde-temps accompli fait pour marquer les temps forts de votre vie.<\/p>\n<\/div>\n<p>D\u00e9j\u00e0 garanties 2 ans, le service apr\u00e8s vente de la bijouterie <strong>Temps &amp; OR<\/strong> vous apporte une confiance suppl\u00e9mentaire pour ces produits. Selon vos besoins, ces montres peuvent \u00eatre \u00e9galement r\u00e9serv\u00e9es \u00e0 la bijouterie. La mise \u00e0 mesure offerte ainsi qu&#8217;un emballage cadeau vous y seront propos\u00e9s.<\/p>\n<p>Faites vos demandes particuli\u00e8res ou passez votre commande via ce formulaire :<br \/>\n<p class=\"wpcf7-contact-form-not-found\"><strong>Error:<\/strong> Contact form not found.<\/p><\/p>\n","protected":false},"featured_media":6247,"template":"","meta":{"_monsterinsights_skip_tracking":false,"_monsterinsights_sitenote_active":false,"_monsterinsights_sitenote_note":"","_monsterinsights_sitenote_category":0},"product_brand":[],"product_cat":[40,39,73],"product_tag":[],"class_list":{"0":"post-6245","1":"product","2":"type-product","3":"status-publish","4":"has-post-thumbnail","6":"product_cat-montres-hommes","7":"product_cat-hommes","8":"product_cat-victorinox-montre-hommes","10":"first","11":"instock","12":"shipping-taxable","13":"purchasable","14":"product-type-simple"},"_links":{"self":[{"href":"https:\/\/tempsetor.be\/galerie\/wp-json\/wp\/v2\/product\/6245","targetHints":{"allow":["GET"]}}],"collection":[{"href":"https:\/\/tempsetor.be\/galerie\/wp-json\/wp\/v2\/product"}],"about":[{"href":"https:\/\/tempsetor.be\/galerie\/wp-json\/wp\/v2\/types\/product"}],"wp:featuredmedia":[{"embeddable":true,"href":"https:\/\/tempsetor.be\/galerie\/wp-json\/wp\/v2\/media\/6247"}],"wp:attachment":[{"href":"https:\/\/tempsetor.be\/galerie\/wp-json\/wp\/v2\/media?parent=6245"}],"wp:term":[{"taxonomy":"product_brand","embeddable":true,"href":"https:\/\/tempsetor.be\/galerie\/wp-json\/wp\/v2\/product_brand?post=6245"},{"taxonomy":"product_cat","embeddable":true,"href":"https:\/\/tempsetor.be\/galerie\/wp-json\/wp\/v2\/product_cat?post=6245"},{"taxonomy":"product_tag","embeddable":true,"href":"https:\/\/tempsetor.be\/galerie\/wp-json\/wp\/v2\/product_tag?post=6245"}],"curies":[{"name":"wp","href":"https:\/\/api.w.org\/{rel}","templated":true}]}}